{"id":38604,"date":"2023-12-22T21:54:13","date_gmt":"2023-12-22T21:54:13","guid":{"rendered":"https:\/\/e.kosmolat.eu\/product\/deba-depilacijas-stremeles-sejai-ar-saulespuku-ellu-20-gab-2\/"},"modified":"2025-01-27T06:31:40","modified_gmt":"2025-01-27T06:31:40","slug":"deba-depilacijas-stremeles-sejai-ar-saulespuku-ellu-20-gab-2","status":"publish","type":"product","link":"https:\/\/e.kosmolat.eu\/lv\/product\/deba-depilacijas-stremeles-sejai-ar-saulespuku-ellu-20-gab-2\/","title":{"rendered":"DeBa Depil\u0101cijas str\u0113meles sejai ar saulespu\u0137u e\u013c\u013cu, 20 gab.+2"},"content":{"rendered":"<p>RUBELLA De\u0412a Depil\u0101cijas str\u0113mel\u012btes sejai ar saulespu\u0137u e\u013c\u013cu<br \/>\nViegli un \u0113rti lietojamas jebkur\u0101 laik\u0101. Ilgtermi\u0146a darb\u012bba. Pievienot\u0101 saulespu\u0137u e\u013c\u013ca nomierina un m\u012bkstina \u0101du depil\u0101cijas laik\u0101. Bez cukura. Rezult\u0101ts ir maiga, t\u012bra un gluda \u0101da. Dermatolo\u0123iski test\u0113tas.<br \/>\nLieto\u0161anas instrukcija: pirms lieto\u0161anas iesak\u0101m veikt testu uz neliela \u0101das laukuma. Ja p\u0113c 24 stund\u0101m \u0101das reakcija nenotiek, turpiniet to lieto\u0161anu. L\u016bdzu, \u0146emiet v\u0113r\u0101, ka neliels \u0101das aps\u0101rtums da\u017eas stundas p\u0113c depil\u0101cijas ir norm\u0101la par\u0101d\u012bba.<br \/>\nLieto\u0161ana: 1. \u0100dai j\u0101b\u016bt ide\u0101li t\u012brai un sausai. Ja \u0101da ir mitra, viegli nosm\u0113r\u0113jiet depil\u0101cijas zonu ar talka pulveri. 2. Pa\u0146emiet depil\u0101cijas lenti un da\u017eas min\u016btes sasildiet to ar rok\u0101m. 3. S\u0101ciet l\u0113n\u0101m atdal\u012bt dubulto lenti no st\u016briem. Saglab\u0101jiet otru pusi v\u0113l\u0101kai lieto\u0161anai. 4. Pusi depil\u0101cijas lentes uzman\u012bgi piel\u012bm\u0113jiet pie \u0101das mati\u0146u aug\u0161anas virzien\u0101. 5. Ar vienu roku pievelciet \u0101du cie\u0161i un ar otru roku \u0101tri un strauji pavelciet lenti pret\u0113ji matu aug\u0161anas virzienam. 6. Vienu un to pa\u0161u str\u0113meli var izmantot vair\u0101kas reizes. Lai izmantotu atk\u0101rtoti, salokiet str\u0113meli uz pus\u0113m un pirms atloc\u012b\u0161anas berziet starp plaukst\u0101m. Atk\u0101rtojiet iepriek\u0161 min\u0113t\u0101s darb\u012bbas. 7. P\u0113c depil\u0101cijas izmantojiet pievienoto salveti, lai no\u0146emtu atliekas. P\u0113c tam noskalojiet ar siltu \u016bdeni, neizmantojot ziepes vai spirtu saturo\u0161us produktus, lai no\u0146emtu visas atliekas.<\/p>\n","protected":false},"excerpt":{"rendered":"<p>RUBELLA De\u0412a Depil\u0101cijas str\u0113mel\u012btes sejai ar saulespu\u0137u e\u013c\u013cu Viegli un \u0113rti lietojamas jebkur\u0101 laik\u0101. Ilgtermi\u0146a darb\u012bba. Pievienot\u0101 saulespu\u0137u e\u013c\u013ca nomierina un m\u012bkstina \u0101du depil\u0101cijas laik\u0101. Bez cukura. Rezult\u0101ts ir maiga, t\u012bra un gluda \u0101da. Dermatolo\u0123iski test\u0113tas. Lieto\u0161anas instrukcija: pirms lieto\u0161anas iesak\u0101m veikt testu uz neliela \u0101das laukuma. Ja p\u0113c 24 stund\u0101m \u0101das reakcija nenotiek, turpiniet [&#8230;]\n","protected":false},"featured_media":15001,"template":"","meta":[],"product_cat":[1624],"product_tag":[],"class_list":{"0":"post-38604","1":"product","2":"type-product","3":"status-publish","4":"has-post-thumbnail","6":"product_brand-rubella-inopharm-dental-deba-mistergroomer-topten-quackquack","7":"product_cat-depiliacijos-priemones","9":"first","10":"outofstock","11":"taxable","12":"shipping-taxable","13":"product-type-simple"},"_links":{"self":[{"href":"https:\/\/e.kosmolat.eu\/lv\/wp-json\/wp\/v2\/product\/38604","targetHints":{"allow":["GET"]}}],"collection":[{"href":"https:\/\/e.kosmolat.eu\/lv\/wp-json\/wp\/v2\/product"}],"about":[{"href":"https:\/\/e.kosmolat.eu\/lv\/wp-json\/wp\/v2\/types\/product"}],"wp:featuredmedia":[{"embeddable":true,"href":"https:\/\/e.kosmolat.eu\/lv\/wp-json\/wp\/v2\/media\/15001"}],"wp:attachment":[{"href":"https:\/\/e.kosmolat.eu\/lv\/wp-json\/wp\/v2\/media?parent=38604"}],"wp:term":[{"taxonomy":"product_cat","embeddable":true,"href":"https:\/\/e.kosmolat.eu\/lv\/wp-json\/wp\/v2\/product_cat?post=38604"},{"taxonomy":"product_tag","embeddable":true,"href":"https:\/\/e.kosmolat.eu\/lv\/wp-json\/wp\/v2\/product_tag?post=38604"}],"curies":[{"name":"wp","href":"https:\/\/api.w.org\/{rel}","templated":true}]}}