{"id":38596,"date":"2023-12-22T21:53:14","date_gmt":"2023-12-22T21:53:14","guid":{"rendered":"https:\/\/e.kosmolat.eu\/product\/deba-depilacijas-stremeles-sejai-ar-klingerisu-ekstraktu-20-gab-2\/"},"modified":"2026-04-20T10:19:13","modified_gmt":"2026-04-20T10:19:13","slug":"deba-depilacijas-stremeles-sejai-ar-klingerisu-ekstraktu-20-gab-2","status":"publish","type":"product","link":"https:\/\/e.kosmolat.eu\/lv\/product\/deba-depilacijas-stremeles-sejai-ar-klingerisu-ekstraktu-20-gab-2\/","title":{"rendered":"DeBa Depil\u0101cijas str\u0113meles sejai ar kli\u0146\u0123er\u012b\u0161u ekstraktu, 20 gab.+2"},"content":{"rendered":"<p>Viegli un \u0113rti lietojamas jebkur\u0101 laik\u0101. Ilgtermi\u0146a darb\u012bba. Kli\u0146\u0123er\u012b&scaron;u ekstrakts nomierina un m\u012bkstina \u0101du depil\u0101cijas laik\u0101. Bez cukura. Rezult\u0101ts ir maiga, t\u012bra un gluda \u0101da. Dermatolo\u0123iski test\u0113tas.<\/p>\n<p><strong>Lieto&scaron;anas instrukcija: <\/strong>pirms lieto&scaron;anas iesak\u0101m veikt testu uz neliela \u0101das laukuma. Ja p\u0113c 24 stund\u0101m \u0101das reakcija nenotiek, turpiniet to lieto&scaron;anu. L\u016bdzu, \u0146emiet v\u0113r\u0101, ka neliels \u0101das aps\u0101rtums da\u017eas stundas p\u0113c depil\u0101cijas ir norm\u0101la par\u0101d\u012bba.<\/p>\n<p><strong>Lieto&scaron;ana:<\/strong><\/p>\n<ol>\n<li>\u0100dai j\u0101b\u016bt ide\u0101li t\u012brai un sausai. Ja \u0101da ir mitra, viegli nosm\u0113r\u0113jiet depil\u0101cijas zonu ar talka pulveri.<\/li>\n<li>Pa\u0146emiet depil\u0101cijas lenti un da\u017eas min\u016btes sasildiet to ar rok\u0101m.<\/li>\n<li>S\u0101ciet l\u0113n\u0101m atdal\u012bt dubulto lenti no st\u016briem. Saglab\u0101jiet otru pusi v\u0113l\u0101kai lieto&scaron;anai.<\/li>\n<li>Pusi depil\u0101cijas lentes uzman\u012bgi piel\u012bm\u0113jiet pie \u0101das mati\u0146u aug&scaron;anas virzien\u0101.<\/li>\n<li>Ar vienu roku pievelciet \u0101du cie&scaron;i un ar otru roku \u0101tri un strauji pavelciet lenti pret\u0113ji matu aug&scaron;anas virzienam.<\/li>\n<li>Vienu un to pa&scaron;u str\u0113meli var izmantot vair\u0101kas reizes. Lai izmantotu atk\u0101rtoti, salokiet str\u0113meli uz pus\u0113m un pirms atloc\u012b&scaron;anas berziet starp plaukst\u0101m. Atk\u0101rtojiet iepriek&scaron; min\u0113t\u0101s darb\u012bbas.<\/li>\n<li>P\u0113c depil\u0101cijas izmantojiet pievienoto salveti, lai no\u0146emtu atliekas. P\u0113c tam noskalojiet ar siltu \u016bdeni, neizmantojot ziepes vai spirtu saturo&scaron;us produktus, lai no\u0146emtu visas atliekas.<\/li>\n<\/ol>\n","protected":false},"excerpt":{"rendered":"<p>Viegli un \u0113rti lietojamas jebkur\u0101 laik\u0101. Ilgtermi\u0146a darb\u012bba. Kli\u0146\u0123er\u012b&scaron;u ekstrakts nomierina un m\u012bkstina \u0101du depil\u0101cijas laik\u0101. Bez cukura. Rezult\u0101ts ir maiga, t\u012bra un gluda \u0101da. Dermatolo\u0123iski test\u0113tas. Lieto&scaron;anas instrukcija: pirms lieto&scaron;anas iesak\u0101m veikt testu uz neliela \u0101das laukuma. Ja p\u0113c 24 stund\u0101m \u0101das reakcija nenotiek, turpiniet to lieto&scaron;anu. L\u016bdzu, \u0146emiet v\u0113r\u0101, ka neliels \u0101das aps\u0101rtums [&#8230;]\n","protected":false},"featured_media":102619,"template":"","meta":[],"product_cat":[1622],"product_tag":[],"class_list":{"0":"post-38596","1":"product","2":"type-product","3":"status-publish","4":"has-post-thumbnail","6":"product_brand-rubella-bg","7":"product_cat-depilacijas-un-skusanas-lidzekli","9":"first","10":"instock","11":"taxable","12":"shipping-taxable","13":"product-type-simple"},"_links":{"self":[{"href":"https:\/\/e.kosmolat.eu\/lv\/wp-json\/wp\/v2\/product\/38596","targetHints":{"allow":["GET"]}}],"collection":[{"href":"https:\/\/e.kosmolat.eu\/lv\/wp-json\/wp\/v2\/product"}],"about":[{"href":"https:\/\/e.kosmolat.eu\/lv\/wp-json\/wp\/v2\/types\/product"}],"wp:featuredmedia":[{"embeddable":true,"href":"https:\/\/e.kosmolat.eu\/lv\/wp-json\/wp\/v2\/media\/102619"}],"wp:attachment":[{"href":"https:\/\/e.kosmolat.eu\/lv\/wp-json\/wp\/v2\/media?parent=38596"}],"wp:term":[{"taxonomy":"product_cat","embeddable":true,"href":"https:\/\/e.kosmolat.eu\/lv\/wp-json\/wp\/v2\/product_cat?post=38596"},{"taxonomy":"product_tag","embeddable":true,"href":"https:\/\/e.kosmolat.eu\/lv\/wp-json\/wp\/v2\/product_tag?post=38596"}],"curies":[{"name":"wp","href":"https:\/\/api.w.org\/{rel}","templated":true}]}}