{"id":38592,"date":"2023-12-22T21:52:44","date_gmt":"2023-12-22T21:52:44","guid":{"rendered":"https:\/\/e.kosmolat.eu\/product\/deba-kermena-depilacijas-stremeles-ar-klingerisu-ekstraktu-20-gab-2\/"},"modified":"2026-04-20T09:28:05","modified_gmt":"2026-04-20T09:28:05","slug":"deba-kermena-depilacijas-stremeles-ar-klingerisu-ekstraktu-20-gab-2","status":"publish","type":"product","link":"https:\/\/e.kosmolat.eu\/lv\/product\/deba-kermena-depilacijas-stremeles-ar-klingerisu-ekstraktu-20-gab-2\/","title":{"rendered":"DeBa \u0136erme\u0146a depil\u0101cijas str\u0113meles ar kli\u0146\u0123er\u012b\u0161u ekstraktu, 20 gab.+2"},"content":{"rendered":"<p>RUBELLA De\u0412a \u0136erme\u0146a depil\u0101cijas str\u0113mel\u012btes ar kli\u0146\u0123er\u012b\u0161u ekstraktu<br \/>\nViegli un \u0113rti lietojami jebkur\u0101 laik\u0101. Ilgtermi\u0146a darb\u012bba. Kli\u0146\u0123er\u012b\u0161u ekstrakts nomierina un m\u012bkstina \u0101du depil\u0101cijas laik\u0101. Bez cukura. Lai pabeigtu depil\u0101ciju, komplekt\u0101 ir divas salvetes, ar kur\u0101m \u0101tri un viegli tiek no\u0146emtas depil\u0101cijas str\u0113mel\u012b\u0161u paliekas. Rezult\u0101ts ir maiga, t\u012bra un gluda \u0101da. Dermatolo\u0123iski test\u0113tas.<br \/>\nLieto\u0161anas instrukcija: pirms lieto\u0161anas iesak\u0101m veikt testu uz neliela \u0101das laukuma. Ja p\u0113c 24 stund\u0101m \u0101das reakcija nenotiek, turpiniet to lieto\u0161anu. L\u016bdzu, \u0146emiet v\u0113r\u0101, ka neliels \u0101das aps\u0101rtums da\u017eas stundas p\u0113c depil\u0101cijas ir norm\u0101la par\u0101d\u012bba.<\/p>\n<p>Lieto\u0161ana: 1. \u0100dai j\u0101b\u016bt ide\u0101li t\u012brai un sausai. Ja \u0101da ir mitra, viegli nosm\u0113r\u0113jiet depil\u0101cijas zonu ar talka pulveri. 2. Pa\u0146emiet depil\u0101cijas lenti un da\u017eas min\u016btes sasildiet to ar rok\u0101m. 3. S\u0101ciet l\u0113n\u0101m atdal\u012bt dubulto lenti no st\u016briem. Saglab\u0101jiet otru pusi v\u0113l\u0101kai lieto\u0161anai. 4. Pusi depil\u0101cijas lentes uzman\u012bgi piel\u012bm\u0113jiet pie \u0101das mati\u0146u aug\u0161anas virzien\u0101. 5. Ar vienu roku pievelciet \u0101du cie\u0161i un ar otru roku \u0101tri un strauji pavelciet lenti pret\u0113ji matu aug\u0161anas virzienam. 6. Vienu un to pa\u0161u str\u0113meli var izmantot vair\u0101kas reizes. Lai izmantotu atk\u0101rtoti, salokiet str\u0113meli uz pus\u0113m un pirms atloc\u012b\u0161anas berziet starp plaukst\u0101m. Atk\u0101rtojiet iepriek\u0161 min\u0113t\u0101s darb\u012bbas. 7. P\u0113c depil\u0101cijas izmantojiet pievienoto salveti, lai no\u0146emtu atliekas. P\u0113c tam noskalojiet ar siltu \u016bdeni, neizmantojot ziepes vai spirtu saturo\u0161us produktus, lai no\u0146emtu visas atliekas.<br \/>\n&nbsp;<\/p>\n","protected":false},"excerpt":{"rendered":"<p>RUBELLA De\u0412a \u0136erme\u0146a depil\u0101cijas str\u0113mel\u012btes ar kli\u0146\u0123er\u012b\u0161u ekstraktu Viegli un \u0113rti lietojami jebkur\u0101 laik\u0101. Ilgtermi\u0146a darb\u012bba. Kli\u0146\u0123er\u012b\u0161u ekstrakts nomierina un m\u012bkstina \u0101du depil\u0101cijas laik\u0101. Bez cukura. Lai pabeigtu depil\u0101ciju, komplekt\u0101 ir divas salvetes, ar kur\u0101m \u0101tri un viegli tiek no\u0146emtas depil\u0101cijas str\u0113mel\u012b\u0161u paliekas. Rezult\u0101ts ir maiga, t\u012bra un gluda \u0101da. Dermatolo\u0123iski test\u0113tas. Lieto\u0161anas instrukcija: pirms [&#8230;]\n","protected":false},"featured_media":101574,"template":"","meta":[],"product_cat":[1624],"product_tag":[],"class_list":{"0":"post-38592","1":"product","2":"type-product","3":"status-publish","4":"has-post-thumbnail","6":"product_brand-rubella-bg","7":"product_cat-depiliacijos-priemones","9":"first","10":"instock","11":"taxable","12":"shipping-taxable","13":"product-type-simple"},"_links":{"self":[{"href":"https:\/\/e.kosmolat.eu\/lv\/wp-json\/wp\/v2\/product\/38592","targetHints":{"allow":["GET"]}}],"collection":[{"href":"https:\/\/e.kosmolat.eu\/lv\/wp-json\/wp\/v2\/product"}],"about":[{"href":"https:\/\/e.kosmolat.eu\/lv\/wp-json\/wp\/v2\/types\/product"}],"wp:featuredmedia":[{"embeddable":true,"href":"https:\/\/e.kosmolat.eu\/lv\/wp-json\/wp\/v2\/media\/101574"}],"wp:attachment":[{"href":"https:\/\/e.kosmolat.eu\/lv\/wp-json\/wp\/v2\/media?parent=38592"}],"wp:term":[{"taxonomy":"product_cat","embeddable":true,"href":"https:\/\/e.kosmolat.eu\/lv\/wp-json\/wp\/v2\/product_cat?post=38592"},{"taxonomy":"product_tag","embeddable":true,"href":"https:\/\/e.kosmolat.eu\/lv\/wp-json\/wp\/v2\/product_tag?post=38592"}],"curies":[{"name":"wp","href":"https:\/\/api.w.org\/{rel}","templated":true}]}}