{"id":38588,"date":"2023-12-22T21:52:14","date_gmt":"2023-12-22T21:52:14","guid":{"rendered":"https:\/\/e.kosmolat.eu\/product\/deba-depilacijas-krems-ar-ellu-kompl-urinvielu-un-kazenu-ekstr-150-ml\/"},"modified":"2026-04-23T09:39:33","modified_gmt":"2026-04-23T09:39:33","slug":"deba-depilacijas-krems-ar-ellu-kompl-urinvielu-un-kazenu-ekstr-150-ml","status":"publish","type":"product","link":"https:\/\/e.kosmolat.eu\/lv\/product\/deba-depilacijas-krems-ar-ellu-kompl-urinvielu-un-kazenu-ekstr-150-ml\/","title":{"rendered":"DeBa Depil\u0101cijas kr\u0113ms ar e\u013c\u013cu kompl., ur\u012bnvielu un kaze\u0146u ekstr., 150 ml"},"content":{"rendered":"<p>RUBELLA De\u0412a Depil\u0101cijas kr\u0113ms ar e\u013c\u013cu kompleksu, ur\u012bnvielu un kaze\u0146u ekstraktu.<br \/>\n\u0100tri un nes\u0101p\u012bgi no\u0146em nev\u0113lamus mati\u0146us. E\u013c\u013cu kombin\u0101cija m\u012bkstina un mitrina \u0101du, nov\u0113r\u0161 kairin\u0101jumu un aps\u0101rtumu. Tikai 5 min\u016bt\u0113s j\u016bsu \u0101da b\u016bs maiga un gluda vair\u0101kas dienas. Sausai \u0101dai. Piem\u0113rots veg\u0101niem.<br \/>\nDab\u012bg\u0101s e\u013c\u013cas, ekstrakti un to m\u0113r\u0137is:<br \/>\n* Mande\u013cu e\u013c\u013ca &ndash; baro.<br \/>\n* &Scaron;\u012b sviests &#8211; mitrina.<br \/>\n* Kumel\u012b\u0161u ekstrakts &ndash; nomierina.<br \/>\nUzman\u012bbu! Izlasiet pirms produkta lieto\u0161anas!<br \/>\nVeiciet standarta jut\u012bbas testu &ndash; uzkl\u0101jiet nelielu daudzumu kr\u0113ma uz nelielas \u0101das vietas elko\u0146a zon\u0101. P\u0113c 10 min\u016bt\u0113m nomazg\u0101jiet ar siltu \u016bdeni. Ja p\u0113c 24 stund\u0101m nav paaugstin\u0101ta \u0101das jut\u012bguma &#8211; nieze vai aps\u0101rtums, varat izmantot depil\u0101cijas kr\u0113mu.&nbsp;<\/p>\n<p>Piesardz\u012bbas pas\u0101kumi: Satur tioglikol\u0101tu. Iev\u0113rot nor\u0101d\u012bjumus. Ar \u013coti jut\u012bgu un aler\u0123isku \u0101du l\u012bdzekli nav ieteicams lietot sejas, dzimumorg\u0101nu, kr\u016b\u0161u un galvas \u0101das zon\u0101s. Nelietot uz boj\u0101tas un iekaisu\u0161as \u0101das, saules apdeguma rezult\u0101t\u0101 aps\u0101rtu\u0161as \u0101das, plankumiem un dzimumz\u012bm\u0113m uz \u0137erme\u0146a. Ja produkta lieto\u0161anas laik\u0101 j\u016btat dedzin\u0101\u0161anu, durst\u012b\u0161anu vai citu diskomfortu, nekav\u0113joties no\u0146emiet kr\u0113mu no \u0101das un r\u016bp\u012bgi noskalojiet ar \u016bdeni. Ja diskomforts nep\u0101riet, v\u0113rsieties pie \u0101rsta. Nelietot spirtu saturo\u0161us produktus (smar\u017eas, dezodorantus, tualetes \u016bdeni u.c.) apstr\u0101d\u0101taj\u0101s \u0101das viet\u0101s 24 stundas p\u0113c depil\u0101cijas. Nepak\u013caujiet \u0101du saulei vair\u0101kas stundas pirms un p\u0113c depil\u0101cijas. Nogaidiet 72 stundas starp div\u0101m produkta lieto\u0161anas reiz\u0113m p\u0113c k\u0101rtas. Ja produkts ir nor\u012bts, nekav\u0113joties mekl\u0113t medic\u012bnisku pal\u012bdz\u012bbu. Nepie\u013caut nok\u013c\u016b\u0161anu ac\u012bs! Ja nok\u013c\u016bst ac\u012bs, nekav\u0113joties t\u0101s skalot ar lielu daudzumu \u016bdens un mekl\u0113t medic\u012bnisku pal\u012bdz\u012bbu. Sarg\u0101t no b\u0113rniem!<\/p>\n<p>Lieto\u0161ana: 1. Uzkl\u0101jiet kr\u0113mu ar l\u0101psti\u0146u uz t\u012bras un sausas \u0101das. Vienm\u0113r\u012bgi uzkl\u0101jiet, lai kr\u0113ms piln\u012bb\u0101 p\u0101rkl\u0101tu apstr\u0101d\u0101to zonu. 2. Atst\u0101jiet kr\u0113mu iedarboties uz 5 min\u016bt\u0113m. 3. No\u0146emiet kr\u0113mu ar l\u0101psti\u0146u. 4. Ja nev\u0113lamos mati\u0146us ir gr\u016bti no\u0146emt, atst\u0101jiet kr\u0113mu k\u0101du laiku iedarboties, bet ne ilg\u0101k k\u0101 6-7 min\u016btes p\u0113c uzkl\u0101\u0161anas. 5. P\u0113c kr\u0113ma no\u0146em\u0161anas r\u016bp\u012bgi noskalojiet un nosusiniet \u0101du.<\/p>\n","protected":false},"excerpt":{"rendered":"<p>RUBELLA De\u0412a Depil\u0101cijas kr\u0113ms ar e\u013c\u013cu kompleksu, ur\u012bnvielu un kaze\u0146u ekstraktu. \u0100tri un nes\u0101p\u012bgi no\u0146em nev\u0113lamus mati\u0146us. E\u013c\u013cu kombin\u0101cija m\u012bkstina un mitrina \u0101du, nov\u0113r\u0161 kairin\u0101jumu un aps\u0101rtumu. Tikai 5 min\u016bt\u0113s j\u016bsu \u0101da b\u016bs maiga un gluda vair\u0101kas dienas. Sausai \u0101dai. Piem\u0113rots veg\u0101niem. Dab\u012bg\u0101s e\u013c\u013cas, ekstrakti un to m\u0113r\u0137is: * Mande\u013cu e\u013c\u013ca &ndash; baro. * &Scaron;\u012b [&#8230;]\n","protected":false},"featured_media":101350,"template":"","meta":[],"product_cat":[1624],"product_tag":[],"class_list":{"0":"post-38588","1":"product","2":"type-product","3":"status-publish","4":"has-post-thumbnail","6":"product_brand-rubella-bg","7":"product_cat-depiliacijos-priemones","9":"first","10":"instock","11":"taxable","12":"shipping-taxable","13":"product-type-simple"},"_links":{"self":[{"href":"https:\/\/e.kosmolat.eu\/lv\/wp-json\/wp\/v2\/product\/38588","targetHints":{"allow":["GET"]}}],"collection":[{"href":"https:\/\/e.kosmolat.eu\/lv\/wp-json\/wp\/v2\/product"}],"about":[{"href":"https:\/\/e.kosmolat.eu\/lv\/wp-json\/wp\/v2\/types\/product"}],"wp:featuredmedia":[{"embeddable":true,"href":"https:\/\/e.kosmolat.eu\/lv\/wp-json\/wp\/v2\/media\/101350"}],"wp:attachment":[{"href":"https:\/\/e.kosmolat.eu\/lv\/wp-json\/wp\/v2\/media?parent=38588"}],"wp:term":[{"taxonomy":"product_cat","embeddable":true,"href":"https:\/\/e.kosmolat.eu\/lv\/wp-json\/wp\/v2\/product_cat?post=38588"},{"taxonomy":"product_tag","embeddable":true,"href":"https:\/\/e.kosmolat.eu\/lv\/wp-json\/wp\/v2\/product_tag?post=38588"}],"curies":[{"name":"wp","href":"https:\/\/api.w.org\/{rel}","templated":true}]}}