{"id":38580,"date":"2023-12-22T21:51:11","date_gmt":"2023-12-22T21:51:11","guid":{"rendered":"https:\/\/e.kosmolat.eu\/product\/deba-depilacijas-krems-5-minutes-normalai-adai-150-ml\/"},"modified":"2025-03-06T14:30:38","modified_gmt":"2025-03-06T14:30:38","slug":"deba-depilacijas-krems-5-minutes-normalai-adai-150-ml","status":"publish","type":"product","link":"https:\/\/e.kosmolat.eu\/lv\/product\/deba-depilacijas-krems-5-minutes-normalai-adai-150-ml\/","title":{"rendered":"DeBa Depil\u0101cijas kr\u0113ms 5 min\u016btes norm\u0101lai \u0101dai, 150 ml"},"content":{"rendered":"<p>RUBELLA De\u0412a Depil\u0101cijas kr\u0113ms 5 min\u016btes norm\u0101lai \u0101dai.<br \/>\nNesatur alerg\u0113nus. Kr\u0113ms ir \u0101trs risin\u0101jums nev\u0113lamu mati\u0146u no\u0146em\u0161anai pat visjut\u012bg\u0101kaj\u0101s \u0137erme\u0146a \u0101das viet\u0101s. 5 min\u016b\u0161u laik\u0101 j\u016bsu \u0101da k\u013c\u016bst m\u012bksta un z\u012bdaina uz vair\u0101k\u0101m dien\u0101m. Pateicoties alvejas un za\u013c\u0101s t\u0113jas ekstrakta akt\u012bvaj\u0101m sast\u0101vda\u013c\u0101m, kr\u0113ms mitrina un m\u012bkstina \u0101du, vienlaikus pasarg\u0101jot to no iekaisumiem.<br \/>\nUzman\u012bbu! Izlasiet pirms produkta lieto\u0161anas!<br \/>\nVeiciet standarta jut\u012bbas testu &ndash; uzkl\u0101jiet nelielu daudzumu kr\u0113ma uz nelielas \u0101das vietas elko\u0146a zon\u0101. P\u0113c 10 min\u016bt\u0113m nomazg\u0101jiet ar siltu \u016bdeni. Ja p\u0113c 24 stund\u0101m nav paaugstin\u0101ta \u0101das jut\u012bguma &#8211; nieze vai aps\u0101rtums, varat izmantot depil\u0101cijas kr\u0113mu.<br \/>\n&nbsp;<br \/>\nPiesardz\u012bbas pas\u0101kumi: Satur tioglikol\u0101tu. Iev\u0113rot nor\u0101d\u012bjumus. Ar \u013coti jut\u012bgu un aler\u0123isku \u0101du l\u012bdzekli nav ieteicams lietot sejas, dzimumorg\u0101nu, kr\u016b\u0161u un galvas \u0101das zon\u0101s. Nelietot uz boj\u0101tas un iekaisu\u0161as \u0101das, saules apdeguma rezult\u0101t\u0101 aps\u0101rtu\u0161as \u0101das, plankumiem un dzimumz\u012bm\u0113m uz \u0137erme\u0146a. Ja produkta lieto\u0161anas laik\u0101 j\u016btat dedzin\u0101\u0161anu, durst\u012b\u0161anu vai citu diskomfortu, nekav\u0113joties no\u0146emiet kr\u0113mu no \u0101das un r\u016bp\u012bgi noskalojiet ar \u016bdeni. Ja diskomforts nep\u0101riet, v\u0113rsieties pie \u0101rsta. Nelietot spirtu saturo\u0161us produktus (smar\u017eas, dezodorantus, tualetes \u016bdeni u.c.) apstr\u0101d\u0101taj\u0101s \u0101das viet\u0101s 24 stundas p\u0113c depil\u0101cijas. Nepak\u013caujiet \u0101du saulei vair\u0101kas stundas pirms un p\u0113c depil\u0101cijas. Nogaidiet 72 stundas starp div\u0101m produkta lieto\u0161anas reiz\u0113m p\u0113c k\u0101rtas. Ja produkts ir nor\u012bts, nekav\u0113joties mekl\u0113t medic\u012bnisku pal\u012bdz\u012bbu. Nepie\u013caut nok\u013c\u016b\u0161anu ac\u012bs! Ja nok\u013c\u016bst ac\u012bs, nekav\u0113joties t\u0101s skalot ar lielu daudzumu \u016bdens un mekl\u0113t medic\u012bnisku pal\u012bdz\u012bbu. Sarg\u0101t no b\u0113rniem!<\/p>\n<p>\nLieto\u0161ana: 1. Uzkl\u0101jiet kr\u0113mu ar l\u0101psti\u0146u uz t\u012bras un sausas \u0101das. Vienm\u0113r\u012bgi uzkl\u0101jiet, lai kr\u0113ms piln\u012bb\u0101 p\u0101rkl\u0101tu apstr\u0101d\u0101to zonu. 2. Atst\u0101jiet kr\u0113mu iedarboties uz 5 min\u016bt\u0113m. 3. No\u0146emiet kr\u0113mu ar l\u0101psti\u0146u.&nbsp;4. Ja nev\u0113lamos mati\u0146us ir gr\u016bti no\u0146emt, atst\u0101jiet kr\u0113mu k\u0101du laiku iedarboties, bet ne ilg\u0101k k\u0101 6-7 min\u016btes p\u0113c uzkl\u0101\u0161anas.<br \/>\n5. P\u0113c kr\u0113ma no\u0146em\u0161anas r\u016bp\u012bgi noskalojiet un nosusiniet \u0101du.<br \/>\n&nbsp;<\/p>\n","protected":false},"excerpt":{"rendered":"<p>RUBELLA De\u0412a Depil\u0101cijas kr\u0113ms 5 min\u016btes norm\u0101lai \u0101dai. Nesatur alerg\u0113nus. Kr\u0113ms ir \u0101trs risin\u0101jums nev\u0113lamu mati\u0146u no\u0146em\u0161anai pat visjut\u012bg\u0101kaj\u0101s \u0137erme\u0146a \u0101das viet\u0101s. 5 min\u016b\u0161u laik\u0101 j\u016bsu \u0101da k\u013c\u016bst m\u012bksta un z\u012bdaina uz vair\u0101k\u0101m dien\u0101m. Pateicoties alvejas un za\u013c\u0101s t\u0113jas ekstrakta akt\u012bvaj\u0101m sast\u0101vda\u013c\u0101m, kr\u0113ms mitrina un m\u012bkstina \u0101du, vienlaikus pasarg\u0101jot to no iekaisumiem. Uzman\u012bbu! Izlasiet pirms [&#8230;]\n","protected":false},"featured_media":14953,"template":"","meta":[],"product_cat":[1624],"product_tag":[],"class_list":{"0":"post-38580","1":"product","2":"type-product","3":"status-publish","4":"has-post-thumbnail","6":"product_brand-rubella-bg","7":"product_cat-depiliacijos-priemones","9":"first","10":"outofstock","11":"taxable","12":"shipping-taxable","13":"product-type-simple"},"_links":{"self":[{"href":"https:\/\/e.kosmolat.eu\/lv\/wp-json\/wp\/v2\/product\/38580","targetHints":{"allow":["GET"]}}],"collection":[{"href":"https:\/\/e.kosmolat.eu\/lv\/wp-json\/wp\/v2\/product"}],"about":[{"href":"https:\/\/e.kosmolat.eu\/lv\/wp-json\/wp\/v2\/types\/product"}],"wp:featuredmedia":[{"embeddable":true,"href":"https:\/\/e.kosmolat.eu\/lv\/wp-json\/wp\/v2\/media\/14953"}],"wp:attachment":[{"href":"https:\/\/e.kosmolat.eu\/lv\/wp-json\/wp\/v2\/media?parent=38580"}],"wp:term":[{"taxonomy":"product_cat","embeddable":true,"href":"https:\/\/e.kosmolat.eu\/lv\/wp-json\/wp\/v2\/product_cat?post=38580"},{"taxonomy":"product_tag","embeddable":true,"href":"https:\/\/e.kosmolat.eu\/lv\/wp-json\/wp\/v2\/product_tag?post=38580"}],"curies":[{"name":"wp","href":"https:\/\/api.w.org\/{rel}","templated":true}]}}