{"id":38576,"date":"2023-12-22T21:50:50","date_gmt":"2023-12-22T21:50:50","guid":{"rendered":"https:\/\/e.kosmolat.eu\/product\/dental-total-clean-zobu-birste-soft-1-gab\/"},"modified":"2026-04-23T13:21:02","modified_gmt":"2026-04-23T13:21:02","slug":"dental-total-clean-zobu-birste-soft-1-gab","status":"publish","type":"product","link":"https:\/\/e.kosmolat.eu\/lv\/product\/dental-total-clean-zobu-birste-soft-1-gab\/","title":{"rendered":"Dental Total Clean zobu birste SOFT 1 gab."},"content":{"rendered":"<p>RUBELLA DENTAL Total Clean zobu birste (M\u012bksta) 1 gab.<br \/>\nZobu birste nodro\u0161ina maigu zobu un smaganu kop\u0161anu un maksim\u0101lu mutes dobuma higi\u0113nu. Dubults efekts &ndash; \u012bs\u0101kas \u0161\u0137iedras not\u012bra aplikumu un notur\u012bgus traipus uz zobiem, savuk\u0101rt gar\u0101kas \u0161\u0137iedras iek\u013c\u016bst starp zobiem un not\u012bra tos. Noapa\u013cots gals &ndash; noapa\u013coti saru gali aizsarg\u0101 zobus un smaganas. Ergonomisks rokturis &ndash; Ergonomisks rokturis nodro\u0161ina maksim\u0101lu komfortu, vad\u0101m\u012bbu un manevr\u0113tsp\u0113ju.<br \/>\n&nbsp;<\/p>\n","protected":false},"excerpt":{"rendered":"<p>RUBELLA DENTAL Total Clean zobu birste (M\u012bksta) 1 gab. Zobu birste nodro\u0161ina maigu zobu un smaganu kop\u0161anu un maksim\u0101lu mutes dobuma higi\u0113nu. Dubults efekts &ndash; \u012bs\u0101kas \u0161\u0137iedras not\u012bra aplikumu un notur\u012bgus traipus uz zobiem, savuk\u0101rt gar\u0101kas \u0161\u0137iedras iek\u013c\u016bst starp zobiem un not\u012bra tos. Noapa\u013cots gals &ndash; noapa\u013coti saru gali aizsarg\u0101 zobus un smaganas. Ergonomisks rokturis [&#8230;]\n","protected":false},"featured_media":100324,"template":"","meta":[],"product_cat":[1352],"product_tag":[],"class_list":{"0":"post-38576","1":"product","2":"type-product","3":"status-publish","4":"has-post-thumbnail","6":"product_brand-rubella-bg","7":"product_cat-zobu-birstes","9":"first","10":"instock","11":"taxable","12":"shipping-taxable","13":"product-type-simple"},"_links":{"self":[{"href":"https:\/\/e.kosmolat.eu\/lv\/wp-json\/wp\/v2\/product\/38576","targetHints":{"allow":["GET"]}}],"collection":[{"href":"https:\/\/e.kosmolat.eu\/lv\/wp-json\/wp\/v2\/product"}],"about":[{"href":"https:\/\/e.kosmolat.eu\/lv\/wp-json\/wp\/v2\/types\/product"}],"wp:featuredmedia":[{"embeddable":true,"href":"https:\/\/e.kosmolat.eu\/lv\/wp-json\/wp\/v2\/media\/100324"}],"wp:attachment":[{"href":"https:\/\/e.kosmolat.eu\/lv\/wp-json\/wp\/v2\/media?parent=38576"}],"wp:term":[{"taxonomy":"product_cat","embeddable":true,"href":"https:\/\/e.kosmolat.eu\/lv\/wp-json\/wp\/v2\/product_cat?post=38576"},{"taxonomy":"product_tag","embeddable":true,"href":"https:\/\/e.kosmolat.eu\/lv\/wp-json\/wp\/v2\/product_tag?post=38576"}],"curies":[{"name":"wp","href":"https:\/\/api.w.org\/{rel}","templated":true}]}}