{"id":38572,"date":"2023-12-22T21:50:20","date_gmt":"2023-12-22T21:50:20","guid":{"rendered":"https:\/\/e.kosmolat.eu\/product\/dental-multi-effect-zobu-birste-medium-1-gab\/"},"modified":"2026-04-01T13:10:27","modified_gmt":"2026-04-01T13:10:27","slug":"dental-multi-effect-zobu-birste-medium-1-gab","status":"publish","type":"product","link":"https:\/\/e.kosmolat.eu\/lv\/product\/dental-multi-effect-zobu-birste-medium-1-gab\/","title":{"rendered":"Dental Multi Effect zobu birste MEDIUM 1 gab."},"content":{"rendered":"<p>RUBELLA DENTAL Multi Effect zobu birste (Vid\u0113ji cieta) 1 gab.<br \/>\nJaun\u0101 zobu birste lieliski apvieno divas darb\u012bbas: t\u0101 att\u012bra zobus p\u0113c iesp\u0113jas efekt\u012bv\u0101k un netraum\u0113jot smaganas. Gar\u0101ki sari iek\u013c\u016bst starp zobiem un no\u0146em aplikumu no visgr\u016bt\u0101k sasniedzam\u0101m viet\u0101m. Saru gali ir \u012bpa\u0161i noapa\u013coti, lai neboj\u0101tu zobu emalju. Stil\u012bgi izstr\u0101d\u0101ts ergonomisks rokturis nodro\u0161ina pareizu birstes virzienu t\u012br\u012b\u0161anas laik\u0101.<br \/>\n&nbsp;<\/p>\n","protected":false},"excerpt":{"rendered":"<p>RUBELLA DENTAL Multi Effect zobu birste (Vid\u0113ji cieta) 1 gab. Jaun\u0101 zobu birste lieliski apvieno divas darb\u012bbas: t\u0101 att\u012bra zobus p\u0113c iesp\u0113jas efekt\u012bv\u0101k un netraum\u0113jot smaganas. Gar\u0101ki sari iek\u013c\u016bst starp zobiem un no\u0146em aplikumu no visgr\u016bt\u0101k sasniedzam\u0101m viet\u0101m. Saru gali ir \u012bpa\u0161i noapa\u013coti, lai neboj\u0101tu zobu emalju. Stil\u012bgi izstr\u0101d\u0101ts ergonomisks rokturis nodro\u0161ina pareizu birstes virzienu [&#8230;]\n","protected":false},"featured_media":100861,"template":"","meta":[],"product_cat":[1352],"product_tag":[],"class_list":{"0":"post-38572","1":"product","2":"type-product","3":"status-publish","4":"has-post-thumbnail","6":"product_brand-rubella-bg","7":"product_cat-zobu-birstes","9":"first","10":"instock","11":"taxable","12":"shipping-taxable","13":"product-type-simple"},"_links":{"self":[{"href":"https:\/\/e.kosmolat.eu\/lv\/wp-json\/wp\/v2\/product\/38572","targetHints":{"allow":["GET"]}}],"collection":[{"href":"https:\/\/e.kosmolat.eu\/lv\/wp-json\/wp\/v2\/product"}],"about":[{"href":"https:\/\/e.kosmolat.eu\/lv\/wp-json\/wp\/v2\/types\/product"}],"wp:featuredmedia":[{"embeddable":true,"href":"https:\/\/e.kosmolat.eu\/lv\/wp-json\/wp\/v2\/media\/100861"}],"wp:attachment":[{"href":"https:\/\/e.kosmolat.eu\/lv\/wp-json\/wp\/v2\/media?parent=38572"}],"wp:term":[{"taxonomy":"product_cat","embeddable":true,"href":"https:\/\/e.kosmolat.eu\/lv\/wp-json\/wp\/v2\/product_cat?post=38572"},{"taxonomy":"product_tag","embeddable":true,"href":"https:\/\/e.kosmolat.eu\/lv\/wp-json\/wp\/v2\/product_tag?post=38572"}],"curies":[{"name":"wp","href":"https:\/\/api.w.org\/{rel}","templated":true}]}}