{"id":38568,"date":"2023-12-22T21:49:53","date_gmt":"2023-12-22T21:49:53","guid":{"rendered":"https:\/\/e.kosmolat.eu\/product\/elskin-sejas-maska-kokosriekstu-zeleja-10g\/"},"modified":"2025-07-23T08:21:17","modified_gmt":"2025-07-23T08:21:17","slug":"i_elskin-sejas-maska-kokosriekstu-zeleja-10g","status":"publish","type":"product","link":"https:\/\/e.kosmolat.eu\/lv\/product\/i_elskin-sejas-maska-kokosriekstu-zeleja-10g\/","title":{"rendered":"I_El&#8217;Skin Sejas maska Kokosriekstu \u017deleja, 10g"},"content":{"rendered":"<p>Mas\u0101\u017eas \u017eelejmaskai &quot;Kokosrieksts&quot; piem\u012bt izcilas barojo&scaron;as un m\u012bkstino&scaron;as \u012bpa&scaron;\u012bbas, pie&scaron;\u0137ir mirdzumu un svaigumu.<br \/>\nKokosriekstu e\u013c\u013cai ir man\u0101ms re\u0123ener\u0113jo&scaron;s un atjaunojo&scaron;s efekts, labi baro un mitrina \u0101du.<br \/>\nTas satur hialuronsk\u0101bes un laur\u012bnsk\u0101bes: pirm\u0101 ir atbild\u012bga par \u0101das mitrin\u0101&scaron;anu; otrajai ir sp\u0113c\u012bga antibakteri\u0101la iedarb\u012bba, pa\u0101trina \u0101das sadz\u012b&scaron;anu.<br \/>\nTurkl\u0101t kokosriekstu e\u013c\u013ca ir bag\u0101ta ar A un E vitam\u012bnu, k\u0101 ar\u012b sp\u0113c\u012bgiem antioksidantiem, kas nov\u0113r&scaron; priek&scaron;laic\u012bgu \u0101das noveco&scaron;anos un grumbu veido&scaron;anos.<br \/>\n* Maskas darb\u012bba ir saist\u012bta ar komponentu darb\u012bbu<\/p>\n<p><strong>Lieto&scaron;ana: <\/strong>izm\u012bciet iepakojumu ar pirkstiem. Uzkl\u0101jiet masku uz att\u012br\u012btas sejas, izvairoties no zonas ap ac\u012bm un l\u016bp\u0101m. Viegli mas\u0113jiet 2-3 min\u016btes. Atst\u0101jiet masku v\u0113l 3-5 min\u016btes, noskalojiet ar v\u0113su\/siltu \u016bdeni.<br \/>\n*Lietojiet 2-3 reizes ned\u0113\u013c\u0101 vai p\u0113c nepiecie&scaron;am\u012bbas.<\/p>\n<p><strong>Piesardz\u012bbas pas\u0101kumi:<\/strong><br \/>\nIzvairieties no lieto&scaron;anas uz boj\u0101tas, iekaisu&scaron;as vai saul\u0113 apdegu&scaron;as \u0101das. Nelietot produktu, ja ir jut\u012bba pret k\u0101du no sast\u0101vda\u013c\u0101m. Ja lieto&scaron;anas laik\u0101 \u0101da k\u013c\u016bst sarkana vai kairin\u0101ta, p\u0101rtrauciet lieto&scaron;anu un konsult\u0113jieties ar \u0101rstu. Izvair\u012bties no saskares ar ac\u012bm, kontakta gad\u012bjum\u0101 skalot ar \u016bdeni.<br \/>\nUzglab\u0101t b\u0113rniem nepieejam\u0101 viet\u0101, temperat\u016br\u0101 no 0 l\u012bdz 25C. Izvairieties no tie&scaron;as saules gaismas iedarb\u012bbas.<br \/>\nTikai \u0101r\u012bgai lieto&scaron;anai. Nenor\u012bt!<br \/>\n&nbsp;<\/p>\n","protected":false},"excerpt":{"rendered":"<p>Mas\u0101\u017eas \u017eelejmaskai &quot;Kokosrieksts&quot; piem\u012bt izcilas barojo&scaron;as un m\u012bkstino&scaron;as \u012bpa&scaron;\u012bbas, pie&scaron;\u0137ir mirdzumu un svaigumu. Kokosriekstu e\u013c\u013cai ir man\u0101ms re\u0123ener\u0113jo&scaron;s un atjaunojo&scaron;s efekts, labi baro un mitrina \u0101du. Tas satur hialuronsk\u0101bes un laur\u012bnsk\u0101bes: pirm\u0101 ir atbild\u012bga par \u0101das mitrin\u0101&scaron;anu; otrajai ir sp\u0113c\u012bga antibakteri\u0101la iedarb\u012bba, pa\u0101trina \u0101das sadz\u012b&scaron;anu. Turkl\u0101t kokosriekstu e\u013c\u013ca ir bag\u0101ta ar A un E vitam\u012bnu, [&#8230;]\n","protected":false},"featured_media":14913,"template":"","meta":[],"product_cat":[1999],"product_tag":[],"class_list":{"0":"post-38568","1":"product","2":"type-product","3":"status-publish","4":"has-post-thumbnail","6":"product_brand-skinlite","7":"product_cat-bez-kategorijas","9":"first","10":"outofstock","11":"taxable","12":"shipping-taxable","13":"product-type-simple"},"_links":{"self":[{"href":"https:\/\/e.kosmolat.eu\/lv\/wp-json\/wp\/v2\/product\/38568","targetHints":{"allow":["GET"]}}],"collection":[{"href":"https:\/\/e.kosmolat.eu\/lv\/wp-json\/wp\/v2\/product"}],"about":[{"href":"https:\/\/e.kosmolat.eu\/lv\/wp-json\/wp\/v2\/types\/product"}],"wp:featuredmedia":[{"embeddable":true,"href":"https:\/\/e.kosmolat.eu\/lv\/wp-json\/wp\/v2\/media\/14913"}],"wp:attachment":[{"href":"https:\/\/e.kosmolat.eu\/lv\/wp-json\/wp\/v2\/media?parent=38568"}],"wp:term":[{"taxonomy":"product_cat","embeddable":true,"href":"https:\/\/e.kosmolat.eu\/lv\/wp-json\/wp\/v2\/product_cat?post=38568"},{"taxonomy":"product_tag","embeddable":true,"href":"https:\/\/e.kosmolat.eu\/lv\/wp-json\/wp\/v2\/product_tag?post=38568"}],"curies":[{"name":"wp","href":"https:\/\/api.w.org\/{rel}","templated":true}]}}