{"id":38560,"date":"2023-12-22T21:48:51","date_gmt":"2023-12-22T21:48:51","guid":{"rendered":"https:\/\/e.kosmolat.eu\/product\/elskin-sejas-maska-jogurts-zemene-10g\/"},"modified":"2025-08-25T06:15:38","modified_gmt":"2025-08-25T06:15:38","slug":"i_elskin-sejas-maska-jogurts-zemene-10g","status":"publish","type":"product","link":"https:\/\/e.kosmolat.eu\/lv\/product\/i_elskin-sejas-maska-jogurts-zemene-10g\/","title":{"rendered":"I_El&#8217;Skin Sejas maska &#8211; jogurts Zemene, 10g"},"content":{"rendered":"<p>EL&rsquo;SKIN Sejas maska &#8211; jogurts Zemene<\/p>\n<p>Mas\u0101\u017eas maskai-jogurtam &quot;Zeme\u0146u&quot; ir maiga un m\u012bksta tekst\u016bra, t\u0101 pal\u012bdz mitrin\u0101t un barot \u0101du, tai piem\u012bt viegls p\u012blinga efekts, pie\u0161\u0137irot \u0101dai mirdzumu un svaigumu.<br \/>\nJogurta ekstrakts pies\u0101tina \u0101das \u0161\u016bnas ar noder\u012bg\u0101m olbaltumviel\u0101m, stimul\u0113 dabisk\u0101 kolag\u0113na un elast\u012bna ra\u017eo\u0161anu, izl\u012bdzina grumbas un nov\u0113r\u0161 taukaino sp\u012bdumu.<br \/>\nZeme\u0146u ekstrakts lieliski att\u012bra \u0101du, c\u012bn\u0101s ar pinn\u0113m, pal\u012bdz sa\u0161aurin\u0101t papla\u0161in\u0101t\u0101s poras, nodro\u0161ina izgaismojo\u0161o efektu, izl\u012bdzina \u0101das toni un izvada toks\u012bnus. Fitokolag\u0113ns (sojas polipept\u012bds) efekt\u012bvi mitrina un c\u012bn\u0101s ar priek\u0161laic\u012bgu noveco\u0161anos.<br \/>\n* Maskas darb\u012bba ir saist\u012bta ar komponentu darb\u012bbu<\/p>\n<p>Lieto\u0161ana: izm\u012bciet iepakojumu ar pirkstiem. Uzkl\u0101jiet masku uz att\u012br\u012btas sejas, izvairoties no zonas ap ac\u012bm un l\u016bp\u0101m. Viegli mas\u0113jiet 2-3 min\u016btes. Atst\u0101jiet masku v\u0113l 3-5 min\u016btes, noskalojiet ar v\u0113su\/siltu \u016bdeni.<br \/>\n*Lietojiet 2-3 reizes ned\u0113\u013c\u0101 vai p\u0113c nepiecie\u0161am\u012bbas.<\/p>\n<p>Piesardz\u012bbas pas\u0101kumi:<br \/>\nIzvairieties no lieto\u0161anas uz boj\u0101tas, iekaisu\u0161as vai saul\u0113 apdegu\u0161as \u0101das. Nelietot produktu, ja ir jut\u012bba pret k\u0101du no sast\u0101vda\u013c\u0101m. Ja lieto\u0161anas laik\u0101 \u0101da k\u013c\u016bst sarkana vai kairin\u0101ta, p\u0101rtrauciet lieto\u0161anu un konsult\u0113jieties ar \u0101rstu. Izvair\u012bties no saskares ar ac\u012bm, kontakta gad\u012bjum\u0101 skalot ar \u016bdeni.<br \/>\nUzglab\u0101t b\u0113rniem nepieejam\u0101 viet\u0101, temperat\u016br\u0101 no 0 l\u012bdz 25C. Izvairieties no tie\u0161as saules gaismas iedarb\u012bbas.<br \/>\nTikai \u0101r\u012bgai lieto\u0161anai. Nenor\u012bt!<br \/>\n&nbsp;<\/p>\n","protected":false},"excerpt":{"rendered":"<p>EL&rsquo;SKIN Sejas maska &#8211; jogurts Zemene Mas\u0101\u017eas maskai-jogurtam &quot;Zeme\u0146u&quot; ir maiga un m\u012bksta tekst\u016bra, t\u0101 pal\u012bdz mitrin\u0101t un barot \u0101du, tai piem\u012bt viegls p\u012blinga efekts, pie\u0161\u0137irot \u0101dai mirdzumu un svaigumu. Jogurta ekstrakts pies\u0101tina \u0101das \u0161\u016bnas ar noder\u012bg\u0101m olbaltumviel\u0101m, stimul\u0113 dabisk\u0101 kolag\u0113na un elast\u012bna ra\u017eo\u0161anu, izl\u012bdzina grumbas un nov\u0113r\u0161 taukaino sp\u012bdumu. Zeme\u0146u ekstrakts lieliski att\u012bra \u0101du, [&#8230;]\n","protected":false},"featured_media":14889,"template":"","meta":[],"product_cat":[1370],"product_tag":[],"class_list":{"0":"post-38560","1":"product","2":"type-product","3":"status-publish","4":"has-post-thumbnail","6":"product_brand-skinlite","7":"product_cat-1370","9":"first","10":"outofstock","11":"taxable","12":"shipping-taxable","13":"product-type-simple"},"_links":{"self":[{"href":"https:\/\/e.kosmolat.eu\/lv\/wp-json\/wp\/v2\/product\/38560","targetHints":{"allow":["GET"]}}],"collection":[{"href":"https:\/\/e.kosmolat.eu\/lv\/wp-json\/wp\/v2\/product"}],"about":[{"href":"https:\/\/e.kosmolat.eu\/lv\/wp-json\/wp\/v2\/types\/product"}],"wp:featuredmedia":[{"embeddable":true,"href":"https:\/\/e.kosmolat.eu\/lv\/wp-json\/wp\/v2\/media\/14889"}],"wp:attachment":[{"href":"https:\/\/e.kosmolat.eu\/lv\/wp-json\/wp\/v2\/media?parent=38560"}],"wp:term":[{"taxonomy":"product_cat","embeddable":true,"href":"https:\/\/e.kosmolat.eu\/lv\/wp-json\/wp\/v2\/product_cat?post=38560"},{"taxonomy":"product_tag","embeddable":true,"href":"https:\/\/e.kosmolat.eu\/lv\/wp-json\/wp\/v2\/product_tag?post=38560"}],"curies":[{"name":"wp","href":"https:\/\/api.w.org\/{rel}","templated":true}]}}