{"id":38556,"date":"2023-12-22T21:48:19","date_gmt":"2023-12-22T21:48:19","guid":{"rendered":"https:\/\/e.kosmolat.eu\/product\/elskin-sejas-pilings-aha-pha-citrons-10g\/"},"modified":"2025-08-07T10:03:47","modified_gmt":"2025-08-07T10:03:47","slug":"i_elskin-sejas-pilings-aha-pha-citrons-10g","status":"publish","type":"product","link":"https:\/\/e.kosmolat.eu\/lv\/product\/i_elskin-sejas-pilings-aha-pha-citrons-10g\/","title":{"rendered":"I_El&#8217;Skin Sejas p\u012blings AHA-PHA Citrons, 10g"},"content":{"rendered":"<p>EL&#39;SKIN Sejas p\u012blings AHA-PHA Citrons<\/p>\n<p>P\u012blings AHA-PHA &quot;CITRONS&quot; efekt\u012bvi att\u012bra un atjauno \u0101du, pie\u0161\u0137irot tonusu un mirdzumu. Aug\u013csk\u0101bju komplekss maigi noloba atmiru\u0161\u0101s \u0101das \u0161\u016bnas, stimul\u0113 \u0161\u016bnu elpo\u0161anu, samazina taukaino sp\u012bdumu, savelk poras, samazina pinnes, izl\u012bdzina \u0101das kr\u0101su un tekst\u016bru, atjauno to, stimul\u0113jot elast\u012bna un kolag\u0113na ra\u017eo\u0161anu, k\u0101 ar\u012b dzi\u013ci mitrina \u0101du, padarot to gludu un mirdzo\u0161u. P\u0113c p\u012blinga tiek uzlabota turpm\u0101ko proced\u016bru efektivit\u0101te.<br \/>\n* P\u012blinga darb\u012bba ir saist\u012bta ar komponentu darb\u012bbu<\/p>\n<p>Lieto\u0161ana: izm\u012bciet iepakojumu ar pirkstiem. Uzkl\u0101jiet p\u012blingu uz t\u012bras sausas sejas \u0101das, izvairoties no zonas ap ac\u012bm un l\u016bp\u0101m, atst\u0101jiet uz 1-2 min\u016bt\u0113m, mas\u0113jiet l\u012bdz veidojas lod\u012btes. R\u016bp\u012bgi noskalojiet ar v\u0113su\/siltu \u016bdeni.<br \/>\n*Lietojiet 2-3 reizes ned\u0113\u013c\u0101. P\u0113c p\u012blinga izvairieties no saules iedarb\u012bbas vai izmantojiet l\u012bdzekli ar SPF aizsardz\u012bbu.<\/p>\n<p>Piesardz\u012bbas pas\u0101kumi:<br \/>\nIzvairieties no lieto\u0161anas uz boj\u0101tas, iekaisu\u0161as vai saul\u0113 apdegu\u0161as \u0101das. Nelietot produktu, ja ir jut\u012bba pret k\u0101du no sast\u0101vda\u013c\u0101m. Ja lieto\u0161anas laik\u0101 \u0101da k\u013c\u016bst sarkana vai kairin\u0101ta, p\u0101rtrauciet lieto\u0161anu un konsult\u0113jieties ar \u0101rstu. Izvair\u012bties no saskares ar ac\u012bm, kontakta gad\u012bjum\u0101 skalot ar \u016bdeni.<br \/>\nUzglab\u0101t b\u0113rniem nepieejam\u0101 viet\u0101, temperat\u016br\u0101 no 0 l\u012bdz 25C. Izvairieties no tie\u0161as saules gaismas iedarb\u012bbas.<br \/>\nTikai \u0101r\u012bgai lieto\u0161anai. Nenor\u012bt!<br \/>\n&nbsp;<\/p>\n","protected":false},"excerpt":{"rendered":"<p>EL&#39;SKIN Sejas p\u012blings AHA-PHA Citrons P\u012blings AHA-PHA &quot;CITRONS&quot; efekt\u012bvi att\u012bra un atjauno \u0101du, pie\u0161\u0137irot tonusu un mirdzumu. Aug\u013csk\u0101bju komplekss maigi noloba atmiru\u0161\u0101s \u0101das \u0161\u016bnas, stimul\u0113 \u0161\u016bnu elpo\u0161anu, samazina taukaino sp\u012bdumu, savelk poras, samazina pinnes, izl\u012bdzina \u0101das kr\u0101su un tekst\u016bru, atjauno to, stimul\u0113jot elast\u012bna un kolag\u0113na ra\u017eo\u0161anu, k\u0101 ar\u012b dzi\u013ci mitrina \u0101du, padarot to gludu un [&#8230;]\n","protected":false},"featured_media":14881,"template":"","meta":[],"product_cat":[1394],"product_tag":[],"class_list":{"0":"post-38556","1":"product","2":"type-product","3":"status-publish","4":"has-post-thumbnail","6":"product_brand-skinlite","7":"product_cat-skrubji-un-pilingi-sejai","9":"first","10":"outofstock","11":"taxable","12":"shipping-taxable","13":"product-type-simple"},"_links":{"self":[{"href":"https:\/\/e.kosmolat.eu\/lv\/wp-json\/wp\/v2\/product\/38556","targetHints":{"allow":["GET"]}}],"collection":[{"href":"https:\/\/e.kosmolat.eu\/lv\/wp-json\/wp\/v2\/product"}],"about":[{"href":"https:\/\/e.kosmolat.eu\/lv\/wp-json\/wp\/v2\/types\/product"}],"wp:featuredmedia":[{"embeddable":true,"href":"https:\/\/e.kosmolat.eu\/lv\/wp-json\/wp\/v2\/media\/14881"}],"wp:attachment":[{"href":"https:\/\/e.kosmolat.eu\/lv\/wp-json\/wp\/v2\/media?parent=38556"}],"wp:term":[{"taxonomy":"product_cat","embeddable":true,"href":"https:\/\/e.kosmolat.eu\/lv\/wp-json\/wp\/v2\/product_cat?post=38556"},{"taxonomy":"product_tag","embeddable":true,"href":"https:\/\/e.kosmolat.eu\/lv\/wp-json\/wp\/v2\/product_tag?post=38556"}],"curies":[{"name":"wp","href":"https:\/\/api.w.org\/{rel}","templated":true}]}}