{"id":38552,"date":"2023-12-22T21:47:56","date_gmt":"2023-12-22T21:47:56","guid":{"rendered":"https:\/\/e.kosmolat.eu\/product\/elskin-sejas-skrubis-cukura-gurkis-10g\/"},"modified":"2025-06-30T12:01:08","modified_gmt":"2025-06-30T12:01:08","slug":"i_elskin-sejas-skrubis-cukura-gurkis-10g","status":"publish","type":"product","link":"https:\/\/e.kosmolat.eu\/lv\/product\/i_elskin-sejas-skrubis-cukura-gurkis-10g\/","title":{"rendered":"I_El&#8217;Skin Sejas skrubis Cukura Gur\u0137is, 10g"},"content":{"rendered":"<p>EL&rsquo;SKIN Sejas skrubis Cukura Gur\u0137is<\/p>\n<p>Cukura skrubis &quot;Gur\u0137is&quot; efekt\u012bvi att\u012bra un atjauno \u0101du, balina melnos plankumus, pie\u0161\u0137ir tonusu un mirdzumu. Gur\u0137u ekstrakts atsvaidzina un m\u012bkstina \u0101du, izl\u012bdzina t\u0101s toni, samazina p\u0113c aknes p\u0113das, mazina piet\u016bkumu, un tam piem\u012bt sp\u0113c\u012bgas antioksidanta \u012bpa\u0161\u012bbas.&nbsp;<br \/>\nCamellia sinensis ekstrakti un bambusa hidrol\u0101ts nomierina un mitrina, nov\u0113r\u0161 iekaisumu un kairin\u0101jumu, padarot \u0101du svaigu un mat\u0113tu.<br \/>\n* Skrubja darb\u012bba ir saist\u012bta ar komponentu darb\u012bbu<br \/>\nLieto\u0161ana: izm\u012bciet iepakojumu ar pirkstiem. Uzkl\u0101jiet skrubi uz mitras \u0101das, izvairoties no acu zonas. Mas\u0113jiet ar viegl\u0101m ap\u013cveida kust\u012bb\u0101m 1-2 min\u016btes un noskalojiet.<br \/>\n*Lietojiet 1-2 reizes ned\u0113\u013c\u0101 vai p\u0113c vajadz\u012bbas.<\/p>\n<p>Piesardz\u012bbas pas\u0101kumi:<br \/>\nIzvairieties no lieto\u0161anas uz boj\u0101tas, iekaisu\u0161as vai saul\u0113 apdegu\u0161as \u0101das. Nelietot produktu, ja ir jut\u012bba pret k\u0101du no sast\u0101vda\u013c\u0101m. Ja lieto\u0161anas laik\u0101 \u0101da k\u013c\u016bst sarkana vai kairin\u0101ta, p\u0101rtrauciet lieto\u0161anu un konsult\u0113jieties ar \u0101rstu. Izvair\u012bties no saskares ar ac\u012bm, kontakta gad\u012bjum\u0101 skalot ar \u016bdeni.<br \/>\nUzglab\u0101t b\u0113rniem nepieejam\u0101 viet\u0101, temperat\u016br\u0101 no 0 l\u012bdz 25C. Izvairieties no tie\u0161as saules gaismas iedarb\u012bbas.<br \/>\nTikai \u0101r\u012bgai lieto\u0161anai. Nenor\u012bt!<br \/>\n&nbsp;<\/p>\n","protected":false},"excerpt":{"rendered":"<p>EL&rsquo;SKIN Sejas skrubis Cukura Gur\u0137is Cukura skrubis &quot;Gur\u0137is&quot; efekt\u012bvi att\u012bra un atjauno \u0101du, balina melnos plankumus, pie\u0161\u0137ir tonusu un mirdzumu. Gur\u0137u ekstrakts atsvaidzina un m\u012bkstina \u0101du, izl\u012bdzina t\u0101s toni, samazina p\u0113c aknes p\u0113das, mazina piet\u016bkumu, un tam piem\u012bt sp\u0113c\u012bgas antioksidanta \u012bpa\u0161\u012bbas.&nbsp; Camellia sinensis ekstrakti un bambusa hidrol\u0101ts nomierina un mitrina, nov\u0113r\u0161 iekaisumu un kairin\u0101jumu, padarot [&#8230;]\n","protected":false},"featured_media":14873,"template":"","meta":[],"product_cat":[2181],"product_tag":[],"class_list":{"0":"post-38552","1":"product","2":"type-product","3":"status-publish","4":"has-post-thumbnail","6":"product_brand-skinlite","7":"product_cat-bez-kategorijas-lt","9":"first","10":"outofstock","11":"taxable","12":"shipping-taxable","13":"product-type-simple"},"_links":{"self":[{"href":"https:\/\/e.kosmolat.eu\/lv\/wp-json\/wp\/v2\/product\/38552","targetHints":{"allow":["GET"]}}],"collection":[{"href":"https:\/\/e.kosmolat.eu\/lv\/wp-json\/wp\/v2\/product"}],"about":[{"href":"https:\/\/e.kosmolat.eu\/lv\/wp-json\/wp\/v2\/types\/product"}],"wp:featuredmedia":[{"embeddable":true,"href":"https:\/\/e.kosmolat.eu\/lv\/wp-json\/wp\/v2\/media\/14873"}],"wp:attachment":[{"href":"https:\/\/e.kosmolat.eu\/lv\/wp-json\/wp\/v2\/media?parent=38552"}],"wp:term":[{"taxonomy":"product_cat","embeddable":true,"href":"https:\/\/e.kosmolat.eu\/lv\/wp-json\/wp\/v2\/product_cat?post=38552"},{"taxonomy":"product_tag","embeddable":true,"href":"https:\/\/e.kosmolat.eu\/lv\/wp-json\/wp\/v2\/product_tag?post=38552"}],"curies":[{"name":"wp","href":"https:\/\/api.w.org\/{rel}","templated":true}]}}