{"id":38536,"date":"2023-12-22T21:46:33","date_gmt":"2023-12-22T21:46:33","guid":{"rendered":"https:\/\/e.kosmolat.eu\/product\/bio-naturell-sampuns-visiem-matu-tipiem-avokado-ella-un-biotins-946-ml\/"},"modified":"2026-04-23T11:55:23","modified_gmt":"2026-04-23T11:55:23","slug":"bio-naturell-sampuns-visiem-matu-tipiem-avokado-ella-un-biotins-946-ml","status":"publish","type":"product","link":"https:\/\/e.kosmolat.eu\/lv\/product\/bio-naturell-sampuns-visiem-matu-tipiem-avokado-ella-un-biotins-946-ml\/","title":{"rendered":"Bio Naturell \u0160amp\u016bns visiem matu tipiem  Avokado e\u013c\u013ca un biot\u012bns, 946 ml"},"content":{"rendered":"<p>&Scaron;amp\u016bns visiem matu tipiem.&nbsp;<\/p>\n<p><strong>Lieto\u0161ana:<\/strong> uzkl\u0101t uz mitriem matiem, saputot, nomazg\u0101t ar \u016bdeni.<\/p>\n<p><strong>Piesardz\u012bbas pas\u0101kumi:<\/strong> iek\u013c\u016bstot ac\u012bs nomazg\u0101t ar \u016bdeni.&nbsp;<\/p>\n","protected":false},"excerpt":{"rendered":"<p>&Scaron;amp\u016bns visiem matu tipiem.&nbsp; Lieto\u0161ana: uzkl\u0101t uz mitriem matiem, saputot, nomazg\u0101t ar \u016bdeni. Piesardz\u012bbas pas\u0101kumi: iek\u013c\u016bstot ac\u012bs nomazg\u0101t ar \u016bdeni.&nbsp;<\/p>\n","protected":false},"featured_media":96436,"template":"","meta":[],"product_cat":[1252],"product_tag":[],"class_list":{"0":"post-38536","1":"product","2":"type-product","3":"status-publish","4":"has-post-thumbnail","6":"product_brand-elfa_ua","7":"product_cat-1252","9":"first","10":"instock","11":"taxable","12":"shipping-taxable","13":"product-type-simple"},"_links":{"self":[{"href":"https:\/\/e.kosmolat.eu\/lv\/wp-json\/wp\/v2\/product\/38536","targetHints":{"allow":["GET"]}}],"collection":[{"href":"https:\/\/e.kosmolat.eu\/lv\/wp-json\/wp\/v2\/product"}],"about":[{"href":"https:\/\/e.kosmolat.eu\/lv\/wp-json\/wp\/v2\/types\/product"}],"wp:featuredmedia":[{"embeddable":true,"href":"https:\/\/e.kosmolat.eu\/lv\/wp-json\/wp\/v2\/media\/96436"}],"wp:attachment":[{"href":"https:\/\/e.kosmolat.eu\/lv\/wp-json\/wp\/v2\/media?parent=38536"}],"wp:term":[{"taxonomy":"product_cat","embeddable":true,"href":"https:\/\/e.kosmolat.eu\/lv\/wp-json\/wp\/v2\/product_cat?post=38536"},{"taxonomy":"product_tag","embeddable":true,"href":"https:\/\/e.kosmolat.eu\/lv\/wp-json\/wp\/v2\/product_tag?post=38536"}],"curies":[{"name":"wp","href":"https:\/\/api.w.org\/{rel}","templated":true}]}}