{"id":38524,"date":"2023-12-22T21:41:55","date_gmt":"2023-12-22T21:41:55","guid":{"rendered":"https:\/\/e.kosmolat.eu\/product\/effect-utro-losjons-113-ml\/"},"modified":"2025-07-08T15:25:25","modified_gmt":"2025-07-08T15:25:25","slug":"i_effect-utro-losjons-113-ml","status":"publish","type":"product","link":"https:\/\/e.kosmolat.eu\/lv\/product\/i_effect-utro-losjons-113-ml\/","title":{"rendered":"I_EFFECT Utro Losjons, 113 ml"},"content":{"rendered":"<p>Kosm\u0113tikas l\u012bdzeklis \u0101das kop\u0161anai.&nbsp;<\/p>\n<p>Lietot sejas \u0101das att\u012br\u012b\u0161anai.<br \/>\nIzvair\u012bties no saskares ar ac\u012bm.<\/p>\n<p>Etilspirta tilpuma da\u013ca, tilp. %, 37,5 &plusmn; 1.&nbsp;<br \/>\nUzglab\u0101\u0161anas temperat\u016bra no +5&deg;\u0421 \u0434\u043e +25&deg;\u0421.<br \/>\nRa\u017eo\u0161anas datums\/Partijas Nr.\/Ieteicams l\u012bdz: skat. uz flakona.<br \/>\n&nbsp;<\/p>\n","protected":false},"excerpt":{"rendered":"<p>Kosm\u0113tikas l\u012bdzeklis \u0101das kop\u0161anai.&nbsp; Lietot sejas \u0101das att\u012br\u012b\u0161anai. Izvair\u012bties no saskares ar ac\u012bm. Etilspirta tilpuma da\u013ca, tilp. %, 37,5 &plusmn; 1.&nbsp; Uzglab\u0101\u0161anas temperat\u016bra no +5&deg;\u0421 \u0434\u043e +25&deg;\u0421. Ra\u017eo\u0161anas datums\/Partijas Nr.\/Ieteicams l\u012bdz: skat. uz flakona. &nbsp;<\/p>\n","protected":false},"featured_media":15757,"template":"","meta":[],"product_cat":[1318],"product_tag":[],"class_list":{"0":"post-38524","1":"product","2":"type-product","3":"status-publish","4":"has-post-thumbnail","6":"product_brand-effekt_ua","7":"product_cat-1318","9":"first","10":"outofstock","11":"taxable","12":"shipping-taxable","13":"product-type-simple"},"_links":{"self":[{"href":"https:\/\/e.kosmolat.eu\/lv\/wp-json\/wp\/v2\/product\/38524","targetHints":{"allow":["GET"]}}],"collection":[{"href":"https:\/\/e.kosmolat.eu\/lv\/wp-json\/wp\/v2\/product"}],"about":[{"href":"https:\/\/e.kosmolat.eu\/lv\/wp-json\/wp\/v2\/types\/product"}],"wp:featuredmedia":[{"embeddable":true,"href":"https:\/\/e.kosmolat.eu\/lv\/wp-json\/wp\/v2\/media\/15757"}],"wp:attachment":[{"href":"https:\/\/e.kosmolat.eu\/lv\/wp-json\/wp\/v2\/media?parent=38524"}],"wp:term":[{"taxonomy":"product_cat","embeddable":true,"href":"https:\/\/e.kosmolat.eu\/lv\/wp-json\/wp\/v2\/product_cat?post=38524"},{"taxonomy":"product_tag","embeddable":true,"href":"https:\/\/e.kosmolat.eu\/lv\/wp-json\/wp\/v2\/product_tag?post=38524"}],"curies":[{"name":"wp","href":"https:\/\/api.w.org\/{rel}","templated":true}]}}