{"id":38520,"date":"2023-12-22T21:41:28","date_gmt":"2023-12-22T21:41:28","guid":{"rendered":"https:\/\/e.kosmolat.eu\/product\/effect-svezestj-sejas-losjons-pec-skusanas-113-ml\/"},"modified":"2025-07-08T15:25:11","modified_gmt":"2025-07-08T15:25:11","slug":"i_effect-svezestj-sejas-losjons-pec-skusanas-113-ml","status":"publish","type":"product","link":"https:\/\/e.kosmolat.eu\/lv\/product\/i_effect-svezestj-sejas-losjons-pec-skusanas-113-ml\/","title":{"rendered":"I_EFFECT Sve\u017eestj Sejas losjons pec sk\u016b\u0161an\u0101s, 113 ml"},"content":{"rendered":"<p>Sejas losjons p\u0113c sk\u016b\u0161an\u0101s.&nbsp;<br \/>\nAromatiz\u0113, atsvaidzina, mazina kairin\u0101jumu.<br \/>\nUz termisk\u0101 \u016bdens b\u0101zes.<\/p>\n<p><strong>Lieto\u0161ana:<\/strong> nelielu losjona daudzumu uzkl\u0101t uz plaukst\u0101m un vienm\u0113r\u012bgi sadal\u012bt uz \u0101das uzreiz p\u0113c sk\u016b\u0161an\u0101s.<br \/>\nIzvair\u012bties no saskares ar ac\u012bm.<\/p>\n<p>Etilspirta tilpuma da\u013ca, tilp. %, 37,5 &plusmn; 1.&nbsp;<br \/>\nUzglab\u0101\u0161anas temperat\u016bra no +5&deg;\u0421 \u0434\u043e +25&deg;\u0421.<br \/>\nRa\u017eo\u0161anas datums\/Partijas Nr.\/Ieteicams l\u012bdz: skat. uz flakona.<br \/>\n&nbsp;<\/p>\n","protected":false},"excerpt":{"rendered":"<p>Sejas losjons p\u0113c sk\u016b\u0161an\u0101s.&nbsp; Aromatiz\u0113, atsvaidzina, mazina kairin\u0101jumu. Uz termisk\u0101 \u016bdens b\u0101zes. Lieto\u0161ana: nelielu losjona daudzumu uzkl\u0101t uz plaukst\u0101m un vienm\u0113r\u012bgi sadal\u012bt uz \u0101das uzreiz p\u0113c sk\u016b\u0161an\u0101s. Izvair\u012bties no saskares ar ac\u012bm. Etilspirta tilpuma da\u013ca, tilp. %, 37,5 &plusmn; 1.&nbsp; Uzglab\u0101\u0161anas temperat\u016bra no +5&deg;\u0421 \u0434\u043e +25&deg;\u0421. Ra\u017eo\u0161anas datums\/Partijas Nr.\/Ieteicams l\u012bdz: skat. uz flakona. &nbsp;<\/p>\n","protected":false},"featured_media":1476,"template":"","meta":[],"product_cat":[1315],"product_tag":[],"class_list":{"0":"post-38520","1":"product","2":"type-product","3":"status-publish","4":"has-post-thumbnail","6":"product_brand-effekt_ua","7":"product_cat-odekoloni-un-losjoni","9":"first","10":"outofstock","11":"taxable","12":"shipping-taxable","13":"product-type-simple"},"_links":{"self":[{"href":"https:\/\/e.kosmolat.eu\/lv\/wp-json\/wp\/v2\/product\/38520","targetHints":{"allow":["GET"]}}],"collection":[{"href":"https:\/\/e.kosmolat.eu\/lv\/wp-json\/wp\/v2\/product"}],"about":[{"href":"https:\/\/e.kosmolat.eu\/lv\/wp-json\/wp\/v2\/types\/product"}],"wp:featuredmedia":[{"embeddable":true,"href":"https:\/\/e.kosmolat.eu\/lv\/wp-json\/wp\/v2\/media\/1476"}],"wp:attachment":[{"href":"https:\/\/e.kosmolat.eu\/lv\/wp-json\/wp\/v2\/media?parent=38520"}],"wp:term":[{"taxonomy":"product_cat","embeddable":true,"href":"https:\/\/e.kosmolat.eu\/lv\/wp-json\/wp\/v2\/product_cat?post=38520"},{"taxonomy":"product_tag","embeddable":true,"href":"https:\/\/e.kosmolat.eu\/lv\/wp-json\/wp\/v2\/product_tag?post=38520"}],"curies":[{"name":"wp","href":"https:\/\/api.w.org\/{rel}","templated":true}]}}