{"id":38516,"date":"2023-12-22T21:41:10","date_gmt":"2023-12-22T21:41:10","guid":{"rendered":"https:\/\/e.kosmolat.eu\/product\/vc-skidras-kremziepes-si-sviests-300-ml\/"},"modified":"2025-07-08T13:36:36","modified_gmt":"2025-07-08T13:36:36","slug":"i_vc-skidras-kremziepes-si-sviests-300-ml","status":"publish","type":"product","link":"https:\/\/e.kosmolat.eu\/lv\/product\/i_vc-skidras-kremziepes-si-sviests-300-ml\/","title":{"rendered":"I_VC \u0160\u0137idr\u0101s kr\u0113mziepes \u0160\u012b sviests, 300 ml"},"content":{"rendered":"<p>VITAL CHARM &Scaron;\u0137idr\u0101s kr\u0113mziepes Shea (&Scaron;\u012b sviests)<br \/>\nJ\u016bsu piln\u012bbas nosl\u0113pums!<br \/>\nMaiga kop\u0161anas formula<br \/>\n3 in 1: M\u012bkstin\u0101\u0161ana; Baro\u0161ana; \u0100das aizsardz\u012bba<br \/>\n&Scaron;\u0137idr\u0101s kr\u0113mziepes Shea (&Scaron;\u012b sviests) ar maigu riekstu arom\u0101tu, pateicoties t\u0101s maigajai formulai, maigi att\u012bra un kopj roku \u0101du.<br \/>\nSatur \u0161\u012b sviesta (shea) ekstraktu, kas ir ide\u0101la skaistumkop\u0161anas sast\u0101vda\u013ca intens\u012bvai \u0101das baro\u0161anai un aizsardz\u012bbai no nelabv\u0113l\u012bg\u0101m klimatisk\u0101m ietekm\u0113m.<br \/>\nLieto\u0161ana: nospiediet dozatoru, izspiediet da\u017eus pilienus ziepju uz \u016bden\u012b iepriek\u0161 samitrin\u0101tas \u0101das, saputojiet, p\u0113c tam noskalojiet ar \u016bdeni.<\/p>\n<p>Der\u012bguma termi\u0146\u0161: 36 m\u0113ne\u0161i no izgatavo\u0161anas datuma.<br \/>\nUzglab\u0101t temperat\u016br\u0101 no +5 C l\u012bdz +25 C<br \/>\nPartijas numurs atbilst ra\u017eo\u0161anas datumam.<br \/>\nPiesardz\u012bbas pas\u0101kumi: izmantojiet, k\u0101 nor\u0101d\u012bts. Sarg\u0101t no b\u0113rniem.<br \/>\n&nbsp;<\/p>\n","protected":false},"excerpt":{"rendered":"<p>VITAL CHARM &Scaron;\u0137idr\u0101s kr\u0113mziepes Shea (&Scaron;\u012b sviests) J\u016bsu piln\u012bbas nosl\u0113pums! Maiga kop\u0161anas formula 3 in 1: M\u012bkstin\u0101\u0161ana; Baro\u0161ana; \u0100das aizsardz\u012bba &Scaron;\u0137idr\u0101s kr\u0113mziepes Shea (&Scaron;\u012b sviests) ar maigu riekstu arom\u0101tu, pateicoties t\u0101s maigajai formulai, maigi att\u012bra un kopj roku \u0101du. Satur \u0161\u012b sviesta (shea) ekstraktu, kas ir ide\u0101la skaistumkop\u0161anas sast\u0101vda\u013ca intens\u012bvai \u0101das baro\u0161anai un aizsardz\u012bbai no [&#8230;]\n","protected":false},"featured_media":1468,"template":"","meta":[],"product_cat":[1746],"product_tag":[],"class_list":{"0":"post-38516","1":"product","2":"type-product","3":"status-publish","4":"has-post-thumbnail","6":"product_brand-aqua-cosmetics_ua","7":"product_cat-skidras-ziepes","9":"first","10":"outofstock","11":"taxable","12":"shipping-taxable","13":"product-type-simple"},"_links":{"self":[{"href":"https:\/\/e.kosmolat.eu\/lv\/wp-json\/wp\/v2\/product\/38516","targetHints":{"allow":["GET"]}}],"collection":[{"href":"https:\/\/e.kosmolat.eu\/lv\/wp-json\/wp\/v2\/product"}],"about":[{"href":"https:\/\/e.kosmolat.eu\/lv\/wp-json\/wp\/v2\/types\/product"}],"wp:featuredmedia":[{"embeddable":true,"href":"https:\/\/e.kosmolat.eu\/lv\/wp-json\/wp\/v2\/media\/1468"}],"wp:attachment":[{"href":"https:\/\/e.kosmolat.eu\/lv\/wp-json\/wp\/v2\/media?parent=38516"}],"wp:term":[{"taxonomy":"product_cat","embeddable":true,"href":"https:\/\/e.kosmolat.eu\/lv\/wp-json\/wp\/v2\/product_cat?post=38516"},{"taxonomy":"product_tag","embeddable":true,"href":"https:\/\/e.kosmolat.eu\/lv\/wp-json\/wp\/v2\/product_tag?post=38516"}],"curies":[{"name":"wp","href":"https:\/\/api.w.org\/{rel}","templated":true}]}}