{"id":38508,"date":"2023-12-22T21:40:33","date_gmt":"2023-12-22T21:40:33","guid":{"rendered":"https:\/\/e.kosmolat.eu\/product\/i_effect-tete-a-tete-tualetes-udens-viriesiem-90-ml\/"},"modified":"2025-07-08T15:24:17","modified_gmt":"2025-07-08T15:24:17","slug":"i_effect-tete-a-tete-tualetes-udens-viriesiem-90-ml","status":"publish","type":"product","link":"https:\/\/e.kosmolat.eu\/lv\/product\/i_effect-tete-a-tete-tualetes-udens-viriesiem-90-ml\/","title":{"rendered":"I_EFFECT Tete-a-tete Tualetes \u016bdens v\u012brie\u0161iem, 90 ml"},"content":{"rendered":"<p>Arom\u0101tisks un atsvaidzino\u0161s l\u012bdzeklis. &nbsp;<\/p>\n<p>Etilspirta tilpuma da\u013ca, tilp.%, 83 &plusmn; 1.&nbsp;<br \/>\nNelietot uguns tuvum\u0101.&nbsp;<br \/>\nIzvair\u012bties no saskares ar ac\u012bm.&nbsp;<br \/>\nUzglab\u0101\u0161anas temperat\u016bra no +5&deg;\u0421 \u0434\u043e +25&deg;\u0421.<br \/>\n&nbsp;<\/p>\n","protected":false},"excerpt":{"rendered":"<p>Arom\u0101tisks un atsvaidzino\u0161s l\u012bdzeklis. &nbsp; Etilspirta tilpuma da\u013ca, tilp.%, 83 &plusmn; 1.&nbsp; Nelietot uguns tuvum\u0101.&nbsp; Izvair\u012bties no saskares ar ac\u012bm.&nbsp; Uzglab\u0101\u0161anas temperat\u016bra no +5&deg;\u0421 \u0434\u043e +25&deg;\u0421. &nbsp;<\/p>\n","protected":false},"featured_media":1460,"template":"","meta":[],"product_cat":[1436],"product_tag":[],"class_list":{"0":"post-38508","1":"product","2":"type-product","3":"status-publish","4":"has-post-thumbnail","6":"product_brand-effekt_ua","7":"product_cat-viriesu-smarzas-un-tualetes-udeni","9":"first","10":"outofstock","11":"taxable","12":"shipping-taxable","13":"product-type-simple"},"_links":{"self":[{"href":"https:\/\/e.kosmolat.eu\/lv\/wp-json\/wp\/v2\/product\/38508","targetHints":{"allow":["GET"]}}],"collection":[{"href":"https:\/\/e.kosmolat.eu\/lv\/wp-json\/wp\/v2\/product"}],"about":[{"href":"https:\/\/e.kosmolat.eu\/lv\/wp-json\/wp\/v2\/types\/product"}],"wp:featuredmedia":[{"embeddable":true,"href":"https:\/\/e.kosmolat.eu\/lv\/wp-json\/wp\/v2\/media\/1460"}],"wp:attachment":[{"href":"https:\/\/e.kosmolat.eu\/lv\/wp-json\/wp\/v2\/media?parent=38508"}],"wp:term":[{"taxonomy":"product_cat","embeddable":true,"href":"https:\/\/e.kosmolat.eu\/lv\/wp-json\/wp\/v2\/product_cat?post=38508"},{"taxonomy":"product_tag","embeddable":true,"href":"https:\/\/e.kosmolat.eu\/lv\/wp-json\/wp\/v2\/product_tag?post=38508"}],"curies":[{"name":"wp","href":"https:\/\/api.w.org\/{rel}","templated":true}]}}