{"id":38500,"date":"2023-12-22T21:39:54","date_gmt":"2023-12-22T21:39:54","guid":{"rendered":"https:\/\/e.kosmolat.eu\/product\/i_effect-zemcuznaja-ulibka-zobu-eliksirs-113-ml\/"},"modified":"2025-07-08T15:52:17","modified_gmt":"2025-07-08T15:52:17","slug":"i_effect-zemcuznaja-ulibka-zobu-eliksirs-113-ml","status":"publish","type":"product","link":"https:\/\/e.kosmolat.eu\/lv\/product\/i_effect-zemcuznaja-ulibka-zobu-eliksirs-113-ml\/","title":{"rendered":"I_EFFECT \u017dem\u010du\u017enaja ulibka Zobu eliks\u012brs, 113 ml"},"content":{"rendered":"<p>L\u012bdzeklis mutes dobuma un zobu higi\u0113nai.<\/p>\n<p><strong>Lieto\u0161ana:<\/strong> pusi eliks\u012bra v\u0101ci\u0146u at\u0161\u0137aid\u012bt pusgl\u0101z\u0113 \u016bdens istabas temperat\u016br\u0101 un izskalot mutes dobumu.<br \/>\nIzvair\u012bties no saskares ar ac\u012bm.<br \/>\nNelietot uguns tuvum\u0101.&nbsp;<\/p>\n<p>Etilspirta tilpuma da\u013ca, tilp. %, 50,0 &plusmn; 1.&nbsp;<br \/>\nUzglab\u0101\u0161anas temperat\u016bra no +5&deg;\u0421 \u0434\u043e +25&deg;\u0421.<br \/>\nRa\u017eo\u0161anas datums\/Partijas Nr.\/Ieteicams l\u012bdz: skat. uz flakona.&nbsp;<br \/>\n&nbsp;<\/p>\n","protected":false},"excerpt":{"rendered":"<p>L\u012bdzeklis mutes dobuma un zobu higi\u0113nai. Lieto\u0161ana: pusi eliks\u012bra v\u0101ci\u0146u at\u0161\u0137aid\u012bt pusgl\u0101z\u0113 \u016bdens istabas temperat\u016br\u0101 un izskalot mutes dobumu. Izvair\u012bties no saskares ar ac\u012bm. Nelietot uguns tuvum\u0101.&nbsp; Etilspirta tilpuma da\u013ca, tilp. %, 50,0 &plusmn; 1.&nbsp; Uzglab\u0101\u0161anas temperat\u016bra no +5&deg;\u0421 \u0434\u043e +25&deg;\u0421. Ra\u017eo\u0161anas datums\/Partijas Nr.\/Ieteicams l\u012bdz: skat. uz flakona.&nbsp; &nbsp;<\/p>\n","protected":false},"featured_media":15761,"template":"","meta":[],"product_cat":[1314],"product_tag":[],"class_list":{"0":"post-38500","1":"product","2":"type-product","3":"status-publish","4":"has-post-thumbnail","6":"product_brand-effekt_ua","7":"product_cat-1314","9":"first","10":"outofstock","11":"taxable","12":"shipping-taxable","13":"product-type-simple"},"_links":{"self":[{"href":"https:\/\/e.kosmolat.eu\/lv\/wp-json\/wp\/v2\/product\/38500","targetHints":{"allow":["GET"]}}],"collection":[{"href":"https:\/\/e.kosmolat.eu\/lv\/wp-json\/wp\/v2\/product"}],"about":[{"href":"https:\/\/e.kosmolat.eu\/lv\/wp-json\/wp\/v2\/types\/product"}],"wp:featuredmedia":[{"embeddable":true,"href":"https:\/\/e.kosmolat.eu\/lv\/wp-json\/wp\/v2\/media\/15761"}],"wp:attachment":[{"href":"https:\/\/e.kosmolat.eu\/lv\/wp-json\/wp\/v2\/media?parent=38500"}],"wp:term":[{"taxonomy":"product_cat","embeddable":true,"href":"https:\/\/e.kosmolat.eu\/lv\/wp-json\/wp\/v2\/product_cat?post=38500"},{"taxonomy":"product_tag","embeddable":true,"href":"https:\/\/e.kosmolat.eu\/lv\/wp-json\/wp\/v2\/product_tag?post=38500"}],"curies":[{"name":"wp","href":"https:\/\/api.w.org\/{rel}","templated":true}]}}