{"id":38492,"date":"2023-12-22T21:39:05","date_gmt":"2023-12-22T21:39:05","guid":{"rendered":"https:\/\/e.kosmolat.eu\/product\/sportstar-styling-putty-videjas-noturibas-matu-veidosanas-lidzeklis-50-ml\/"},"modified":"2024-12-03T19:23:10","modified_gmt":"2024-12-03T19:23:10","slug":"i_sportstar-styling-putty-videjas-noturibas-matu-veidosanas-lidzeklis-50-ml","status":"publish","type":"product","link":"https:\/\/e.kosmolat.eu\/lv\/product\/i_sportstar-styling-putty-videjas-noturibas-matu-veidosanas-lidzeklis-50-ml\/","title":{"rendered":"I_SPORTSTAR Styling Putty Vid\u0113jas notur\u012bbas matu veido\u0161anas l\u012bdzeklis, 50 ml"},"content":{"rendered":"<p>Vid\u0113jas notur\u012bbas veido\u0161anas l\u012bdzeklis kontrol\u0113tam dabiskam stilam.<\/p>\n<p><strong>Lieto\u0161ana:<\/strong> Uzkl\u0101jiet uz sausiem vai nedaudz mitriem matiem. Sadaliet nelielu daudzumu starp pirkstiem un ar pirkstu galiem uzkl\u0101jiet uz matiem. Veidojiet matus p\u0113c v\u0113l\u0113\u0161an\u0101s.<\/p>\n<p><strong>Uzman\u012bbu:<\/strong> Izvairieties no saskares ar ac\u012bm. Saskares gad\u012bjum\u0101 noskalojiet ar t\u012bru siltu \u016bdeni. Izmantojiet tikai saska\u0146\u0101 ar nor\u0101d\u012bjumiem. Tikai \u0101r\u012bgai lieto\u0161anai. Uzglab\u0101t b\u0113rniem nepieejam\u0101 viet\u0101. Uzglab\u0101t v\u0113s\u0101 viet\u0101.<br \/>\n&nbsp;<\/p>\n","protected":false},"excerpt":{"rendered":"<p>Vid\u0113jas notur\u012bbas veido\u0161anas l\u012bdzeklis kontrol\u0113tam dabiskam stilam. Lieto\u0161ana: Uzkl\u0101jiet uz sausiem vai nedaudz mitriem matiem. Sadaliet nelielu daudzumu starp pirkstiem un ar pirkstu galiem uzkl\u0101jiet uz matiem. Veidojiet matus p\u0113c v\u0113l\u0113\u0161an\u0101s. Uzman\u012bbu: Izvairieties no saskares ar ac\u012bm. Saskares gad\u012bjum\u0101 noskalojiet ar t\u012bru siltu \u016bdeni. Izmantojiet tikai saska\u0146\u0101 ar nor\u0101d\u012bjumiem. Tikai \u0101r\u012bgai lieto\u0161anai. Uzglab\u0101t b\u0113rniem nepieejam\u0101 [&#8230;]\n","protected":false},"featured_media":4158,"template":"","meta":[],"product_cat":[1688],"product_tag":[],"class_list":{"0":"post-38492","1":"product","2":"type-product","3":"status-publish","4":"has-post-thumbnail","6":"product_brand-statestrong_gb","7":"product_cat-plauku-prieziura-vyrams-2","9":"first","10":"outofstock","11":"taxable","12":"shipping-taxable","13":"product-type-simple"},"_links":{"self":[{"href":"https:\/\/e.kosmolat.eu\/lv\/wp-json\/wp\/v2\/product\/38492","targetHints":{"allow":["GET"]}}],"collection":[{"href":"https:\/\/e.kosmolat.eu\/lv\/wp-json\/wp\/v2\/product"}],"about":[{"href":"https:\/\/e.kosmolat.eu\/lv\/wp-json\/wp\/v2\/types\/product"}],"wp:featuredmedia":[{"embeddable":true,"href":"https:\/\/e.kosmolat.eu\/lv\/wp-json\/wp\/v2\/media\/4158"}],"wp:attachment":[{"href":"https:\/\/e.kosmolat.eu\/lv\/wp-json\/wp\/v2\/media?parent=38492"}],"wp:term":[{"taxonomy":"product_cat","embeddable":true,"href":"https:\/\/e.kosmolat.eu\/lv\/wp-json\/wp\/v2\/product_cat?post=38492"},{"taxonomy":"product_tag","embeddable":true,"href":"https:\/\/e.kosmolat.eu\/lv\/wp-json\/wp\/v2\/product_tag?post=38492"}],"curies":[{"name":"wp","href":"https:\/\/api.w.org\/{rel}","templated":true}]}}