{"id":38484,"date":"2023-12-22T21:38:27","date_gmt":"2023-12-22T21:38:27","guid":{"rendered":"https:\/\/e.kosmolat.eu\/product\/sportstar-ice-blue-atvesinosa-dusas-zeleja-300-ml\/"},"modified":"2025-06-17T09:13:03","modified_gmt":"2025-06-17T09:13:03","slug":"i_sportstar-ice-blue-atvesinosa-dusas-zeleja-300-ml","status":"publish","type":"product","link":"https:\/\/e.kosmolat.eu\/lv\/product\/i_sportstar-ice-blue-atvesinosa-dusas-zeleja-300-ml\/","title":{"rendered":"I_SPORTSTAR Ice Blue Atv\u0113sino\u0161a du\u0161as \u017eeleja, 300 ml"},"content":{"rendered":"<p>Atv\u0113sino\u0161a du\u0161as \u017eeleja.&nbsp;<\/p>\n<p>Lieto\u0161ana: uzkl\u0101jiet nelielu daudzumu Sportstar du\u0161as \u017eelejas uz mitras \u0101das, saputojiet un r\u016bp\u012bgi noskalojiet.<br \/>\n&nbsp;<\/p>\n","protected":false},"excerpt":{"rendered":"<p>Atv\u0113sino\u0161a du\u0161as \u017eeleja.&nbsp; Lieto\u0161ana: uzkl\u0101jiet nelielu daudzumu Sportstar du\u0161as \u017eelejas uz mitras \u0101das, saputojiet un r\u016bp\u012bgi noskalojiet. &nbsp;<\/p>\n","protected":false},"featured_media":15789,"template":"","meta":[],"product_cat":[1689],"product_tag":[],"class_list":{"0":"post-38484","1":"product","2":"type-product","3":"status-publish","4":"has-post-thumbnail","6":"product_brand-statestrong_gb","7":"product_cat-dusas-zelejas","9":"first","10":"outofstock","11":"taxable","12":"shipping-taxable","13":"product-type-simple"},"_links":{"self":[{"href":"https:\/\/e.kosmolat.eu\/lv\/wp-json\/wp\/v2\/product\/38484","targetHints":{"allow":["GET"]}}],"collection":[{"href":"https:\/\/e.kosmolat.eu\/lv\/wp-json\/wp\/v2\/product"}],"about":[{"href":"https:\/\/e.kosmolat.eu\/lv\/wp-json\/wp\/v2\/types\/product"}],"wp:featuredmedia":[{"embeddable":true,"href":"https:\/\/e.kosmolat.eu\/lv\/wp-json\/wp\/v2\/media\/15789"}],"wp:attachment":[{"href":"https:\/\/e.kosmolat.eu\/lv\/wp-json\/wp\/v2\/media?parent=38484"}],"wp:term":[{"taxonomy":"product_cat","embeddable":true,"href":"https:\/\/e.kosmolat.eu\/lv\/wp-json\/wp\/v2\/product_cat?post=38484"},{"taxonomy":"product_tag","embeddable":true,"href":"https:\/\/e.kosmolat.eu\/lv\/wp-json\/wp\/v2\/product_tag?post=38484"}],"curies":[{"name":"wp","href":"https:\/\/api.w.org\/{rel}","templated":true}]}}