{"id":38468,"date":"2023-12-22T21:37:07","date_gmt":"2023-12-22T21:37:07","guid":{"rendered":"https:\/\/e.kosmolat.eu\/product\/i_kingsley-house-skincare-aqueous-cream-krems-kermenim-500-ml\/"},"modified":"2025-07-07T05:50:44","modified_gmt":"2025-07-07T05:50:44","slug":"i_kingsley-house-skincare-aqueous-cream-krems-kermenim-500-ml","status":"publish","type":"product","link":"https:\/\/e.kosmolat.eu\/lv\/product\/i_kingsley-house-skincare-aqueous-cream-krems-kermenim-500-ml\/","title":{"rendered":"I_KINGSLEY HOUSE SKINCARE Aqueous Cream Kr\u0113ms \u0137ermenim, 500 ml"},"content":{"rendered":"<p>Kingsley House Aqueous Cream kr\u0113mu \u0137ermenim var izmantot k\u0101 m\u012bkstino\u0161u l\u012bdzekli, lai m\u012bkstin\u0101tu, nomierin\u0101tu un mitrin\u0101tu \u0101du. Var lietot gan pieaugu\u0161ie, gan b\u0113rni.<\/p>\n<p><strong>Lieto\u0161ana:<\/strong> bie\u017ei uzkl\u0101j uz \u0101das un r\u016bp\u012bgi iemas\u0113. Atk\u0101rtojiet lieto\u0161anu tik bie\u017ei, cik tas ir nepiecie\u0161ams. Kr\u0113ms ir ar\u012b piem\u0113rots lieto\u0161anai k\u0101 \u0101das t\u012br\u012b\u0161anas l\u012bdzeklis.<br \/>\n<strong>K\u0101 lietot \u0101das t\u012br\u012b\u0161anas l\u012bdzekli:<\/strong><br \/>\nUzkl\u0101jiet uz sausas \u0101das, r\u016bp\u012bgi noskalojiet ar siltu \u016bdeni. &Scaron;is produkts satur emul\u0123\u0113jo\u0161u ziedi.<\/p>\n<p><strong>Uzman\u012bbu:<\/strong> pirms kr\u0113ma lieto\u0161anas p\u0101rliecinieties, vai jums nav aler\u0123ija no nevienas no t\u0101l\u0101k nor\u0101d\u012btaj\u0101m izejviel\u0101m. Maz ticamu blakusefektu gad\u012bjum\u0101 nekav\u0113joties p\u0101rtrauciet lieto\u0161anu. Uzglab\u0101t b\u0113rniem nepieejam\u0101 viet\u0101.<br \/>\n<strong>Tikai \u0101r\u0113jai lieto\u0161anai:<\/strong> Ja nejau\u0161i nor\u012bts, nekav\u0113joties mekl\u0113t medic\u012bnisku pal\u012bdz\u012bbu. Uzglab\u0101t v\u0113s\u0101, saus\u0101 viet\u0101 temperat\u016br\u0101 l\u012bdz 25&deg;C.<br \/>\n&nbsp;<\/p>\n","protected":false},"excerpt":{"rendered":"<p>Kingsley House Aqueous Cream kr\u0113mu \u0137ermenim var izmantot k\u0101 m\u012bkstino\u0161u l\u012bdzekli, lai m\u012bkstin\u0101tu, nomierin\u0101tu un mitrin\u0101tu \u0101du. Var lietot gan pieaugu\u0161ie, gan b\u0113rni. Lieto\u0161ana: bie\u017ei uzkl\u0101j uz \u0101das un r\u016bp\u012bgi iemas\u0113. Atk\u0101rtojiet lieto\u0161anu tik bie\u017ei, cik tas ir nepiecie\u0161ams. Kr\u0113ms ir ar\u012b piem\u0113rots lieto\u0161anai k\u0101 \u0101das t\u012br\u012b\u0161anas l\u012bdzeklis. K\u0101 lietot \u0101das t\u012br\u012b\u0161anas l\u012bdzekli: Uzkl\u0101jiet uz [&#8230;]\n","protected":false},"featured_media":1420,"template":"","meta":[],"product_cat":[2181],"product_tag":[],"class_list":{"0":"post-38468","1":"product","2":"type-product","3":"status-publish","4":"has-post-thumbnail","6":"product_brand-statestrong_gb","7":"product_cat-bez-kategorijas-lt","9":"first","10":"outofstock","11":"taxable","12":"shipping-taxable","13":"product-type-simple"},"_links":{"self":[{"href":"https:\/\/e.kosmolat.eu\/lv\/wp-json\/wp\/v2\/product\/38468","targetHints":{"allow":["GET"]}}],"collection":[{"href":"https:\/\/e.kosmolat.eu\/lv\/wp-json\/wp\/v2\/product"}],"about":[{"href":"https:\/\/e.kosmolat.eu\/lv\/wp-json\/wp\/v2\/types\/product"}],"wp:featuredmedia":[{"embeddable":true,"href":"https:\/\/e.kosmolat.eu\/lv\/wp-json\/wp\/v2\/media\/1420"}],"wp:attachment":[{"href":"https:\/\/e.kosmolat.eu\/lv\/wp-json\/wp\/v2\/media?parent=38468"}],"wp:term":[{"taxonomy":"product_cat","embeddable":true,"href":"https:\/\/e.kosmolat.eu\/lv\/wp-json\/wp\/v2\/product_cat?post=38468"},{"taxonomy":"product_tag","embeddable":true,"href":"https:\/\/e.kosmolat.eu\/lv\/wp-json\/wp\/v2\/product_tag?post=38468"}],"curies":[{"name":"wp","href":"https:\/\/api.w.org\/{rel}","templated":true}]}}