{"id":38448,"date":"2023-12-22T21:34:48","date_gmt":"2023-12-22T21:34:48","guid":{"rendered":"https:\/\/e.kosmolat.eu\/product\/elitan-kremkr-uzacim-un-skropstam-51-tumsais-blonds-5-ml\/"},"modified":"2026-04-18T12:21:46","modified_gmt":"2026-04-18T12:21:46","slug":"elitan-kremkr-uzacim-un-skropstam-51-tumsais-blonds-5-ml","status":"publish","type":"product","link":"https:\/\/e.kosmolat.eu\/lv\/product\/elitan-kremkr-uzacim-un-skropstam-51-tumsais-blonds-5-ml\/","title":{"rendered":"ELITAN Kr\u0113mkr. uzac\u012bm un skropst\u0101m (51) Tum\u0161ais blonds, 5 ml"},"content":{"rendered":"<p>ELITAN Kr\u0113mkr\u0101sa uzac\u012bm un skropst\u0101m Tum\u0161ais blonds \u211651<br \/>\nBez amonjaka<br \/>\nTatu\u0101\u017eas efekts<br \/>\nProvitam\u012bns B5<br \/>\nUV filtrs<br \/>\n&ldquo;Jee cosmetics&rdquo; l\u012bnijas kosm\u0113tika nodro\u0161ina ide\u0101lu sejas \u0101das kop\u0161anu, kr\u0101sojot uzacis un skropstas.<br \/>\nPiesardz\u012bbas pas\u0101kumi:<br \/>\nTikai profesion\u0101lai lieto\u0161anai. Satur \u016bde\u0146ra\u017ea peroks\u012bdu, rezorc\u012bnu, fenil\u0113ndiam\u012bnus (tolu\u0113ndiam\u012bnus). Var izrais\u012bt smagu aler\u0123isku reakciju.<br \/>\n48 stundas pirms lieto\u0161anas veiciet aler\u0123ijas testu. Izlasiet un izpildiet instrukcij\u0101s sniegtos nor\u0101d\u012bjumus. Nelietot person\u0101m, kas jaun\u0101kas par 16 gadiem. Pagaidu meln\u0101s hennas tetov\u0113jumi palielina aler\u0123iju risku. Nelietot, ja: izsitumi uz sejas, jut\u012bga, boj\u0101ta un kairin\u0101ta \u0101da, ir biju\u0161as aler\u0123iskas reakcijas p\u0113c matu kr\u0101so\u0161anas vai p\u0113c \u012bslaic\u012bga meln\u0101s hennas tetov\u0113juma. Nepie\u013caut iek\u013c\u016b\u0161anu ac\u012bs! Ja l\u012bdzeklis nok\u013c\u016bst ac\u012bs, t\u016bl\u012bt izskalot. Lietojiet aizsargcimdus. Neizmantojiet met\u0101la priek\u0161metus. Uzglab\u0101t b\u0113rniem nepieejam\u0101 viet\u0101.<br \/>\nIepakojuma saturs:<br \/>\nKr\u0113mkr\u0101sa, paci\u0146a 5 ml<br \/>\nOksid\u0113jo\u0161a emulsija, paci\u0146a 5ml<br \/>\nAplikators 1 gab.<br \/>\nAizsargsalvetes 2 gab.<br \/>\nInstrukcija 2 gab.<br \/>\n&nbsp;<\/p>\n<p>Instrukcija: Sejas \u0101das kop\u0161ana p\u0113c uzacu un skropstu kr\u0101so\u0161anas<br \/>\n-Sejas mazg\u0101\u0161anas \u017eeleja:<br \/>\nMaigs t\u012br\u012b\u0161anas l\u012bdzeklis, kas lieliski att\u012bra \u0101du.<br \/>\nLieto\u0161ana: uzkl\u0101t uz mitras \u0101das, saputot, noskalot ar \u016bdeni.&nbsp;<br \/>\n-Micel\u0101rais \u016bdens:<br \/>\nSmalka att\u012br\u012b\u0161ana visiem \u0101das tipiem.<br \/>\nLieto\u0161ana: samitriniet vates spilventi\u0146u ar micel\u0101ro \u016bdeni un maigi not\u012briet seju, acis un l\u016bpas.<br \/>\n-Hydra Protector sejas kr\u0113ms pie\u0161\u0137ir \u0101dai svaigumu un mirdzumu.<br \/>\n-Intense Moisture sejas kr\u0113ms ar arg\u0101na e\u013c\u013cu un kolag\u0113nu pal\u012bdz\u0113s uztur\u0113t \u0101du ide\u0101l\u0101 st\u0101vokl\u012b.<br \/>\nLieto\u0161ana: katru dienu uzkl\u0101t uz sausas, t\u012bras \u0101das.<\/p>\n<p>Aler\u0123ijas tests:<br \/>\nUzkl\u0101jiet nelielu daudzumu kr\u0113mkr\u0101sas un oksid\u0113jo\u0161\u0101s emulsijas uz 1 kv.cm aiz auss 45 min. Ja nav aler\u0123iskas reakcijas (aps\u0101rtums, piet\u016bkums, izsitumi, dedzin\u0101\u0161ana vai nieze), varat izmantot \u0161o l\u012bdzekli. Aler\u0123iskas reakcijas paz\u012bmju neesam\u012bba negarant\u0113 individu\u0101las reakcijas neesam\u012bbu turpm\u0101k\u0101s produkta lieto\u0161anas laik\u0101.<br \/>\nRekomend\u0101cijas:<br \/>\n&#8211; Pirms kr\u0101so\u0161anas, no\u0146emiet dekorat\u012bvo kosm\u0113tiku ar jebkuru jums \u0113rtu l\u012bdzekli. Uzac\u012bm un skropst\u0101m j\u0101b\u016bt piln\u012bgi t\u012br\u0101m.<br \/>\n&#8211; Uz \u0101das ap ac\u012bm noteikti uzkl\u0101jiet taukaina kr\u0113ma vai vazel\u012bna aizsargmasku.<br \/>\nP\u0101rliecinieties, ka kr\u0113ms nenok\u013c\u016bst uz skropst\u0101m, pret\u0113j\u0101 gad\u012bjum\u0101 t\u0101s nenokr\u0101sosies. P\u0113c tam novietojiet vates spilventi\u0146us zem apak\u0161\u0113j\u0101m skropst\u0101m, lai aizsarg\u0101tu \u0101du ap ac\u012bm.<br \/>\n&#8211; Pirms kr\u0101so\u0161anas proced\u016bras neizpl\u016bciet uzacis, lai netiktu nokr\u0101sotas \u0101das poras.<br \/>\n&#8211; J\u0101nov\u0113r\u0161 iesp\u0113ja kr\u0101sojo\u0161am mais\u012bjumam nok\u013c\u016bt uz p\u012brsinga met\u0101la elementiem.<\/p>\n<p>Test\u0113\u0161ana samazina aler\u0123iskas reakcijas risku.<\/p>\n<p>Lieto\u0161ana:<br \/>\n1. Sagatavo\u0161an\u0101s kr\u0101so\u0161anai:<br \/>\nPirms kr\u0101so\u0161anas, no\u0146emiet dekorat\u012bvo kosm\u0113tiku ar jebkuru jums \u0113rtu l\u012bdzekli. Uzac\u012bm un skropst\u0101m j\u0101b\u016bt piln\u012bgi t\u012br\u0101m. Uz \u0101das ap uzac\u012bm un skropst\u0101m uzkl\u0101jiet taukainu kr\u0113mu. Pirms kr\u0101so\u0161anas proced\u016bras svar\u012bgi neizpl\u016bkt uzacis, lai netiktu nokr\u0101sotas \u0101das poras.<br \/>\n2. Mais\u012bjuma sagatavo\u0161ana:<br \/>\nPa\u0146emiet vienu paci\u0146u kr\u0113mkr\u0101sas un vienu paci\u0146u oksidat\u012bv\u0101s emulsijas. R\u016bp\u012bgi samaisiet maisi\u0146u saturu nemet\u0101lisk\u0101 trauk\u0101 ar nemet\u0101la aplikatoru.<br \/>\nSKROPSTU KR\u0100SO&Scaron;ANA:<br \/>\nUzman\u012bgi uzkl\u0101jiet mais\u012bjumu uz skropst\u0101m vis\u0101 garum\u0101. Kr\u0101sas iedarb\u012bbas laiks uz skropst\u0101m ir 10 min\u016btes. P\u0113c tam no\u0146emiet lieko kr\u0101su no skropst\u0101m un noskalojiet, izvairoties no saskares ar ac\u012bm.<br \/>\nUZACU KR\u0100SO&Scaron;ANA:<br \/>\nUzman\u012bgi uzkl\u0101jiet mais\u012bjumu uz uzac\u012bm vis\u0101 garum\u0101. P\u0101rliecinieties, ka kr\u0101sa neizvirz\u0101s t\u0101l\u0101k par uzacu kont\u016bru! Kr\u0101so\u0161anas laiks &#8211; 15 min\u016btes. P\u0113c tam no\u0146emiet kr\u0101su un noskalojiet ar \u016bdeni, izvairoties no saskares ar ac\u012bm.<\/p>\n<p>Izlietojiet visu mais\u012bjumu uzreiz p\u0113c pagatavo\u0161anas. J\u0101nov\u0113r\u0161 iesp\u0113ja kr\u0101sojo\u0161am mais\u012bjumam nok\u013c\u016bt uz p\u012brsinga met\u0101la elementiem.<br \/>\n&nbsp;<\/p>\n","protected":false},"excerpt":{"rendered":"<p>ELITAN Kr\u0113mkr\u0101sa uzac\u012bm un skropst\u0101m Tum\u0161ais blonds \u211651 Bez amonjaka Tatu\u0101\u017eas efekts Provitam\u012bns B5 UV filtrs &ldquo;Jee cosmetics&rdquo; l\u012bnijas kosm\u0113tika nodro\u0161ina ide\u0101lu sejas \u0101das kop\u0161anu, kr\u0101sojot uzacis un skropstas. Piesardz\u012bbas pas\u0101kumi: Tikai profesion\u0101lai lieto\u0161anai. Satur \u016bde\u0146ra\u017ea peroks\u012bdu, rezorc\u012bnu, fenil\u0113ndiam\u012bnus (tolu\u0113ndiam\u012bnus). Var izrais\u012bt smagu aler\u0123isku reakciju. 48 stundas pirms lieto\u0161anas veiciet aler\u0123ijas testu. Izlasiet un izpildiet [&#8230;]\n","protected":false},"featured_media":98179,"template":"","meta":[],"product_cat":[1666],"product_tag":[],"class_list":{"0":"post-38448","1":"product","2":"type-product","3":"status-publish","4":"has-post-thumbnail","6":"product_brand-kombi_ua","7":"product_cat-antakiu-ir-blakstienu-dazai","9":"first","10":"instock","11":"taxable","12":"shipping-taxable","13":"product-type-simple"},"_links":{"self":[{"href":"https:\/\/e.kosmolat.eu\/lv\/wp-json\/wp\/v2\/product\/38448","targetHints":{"allow":["GET"]}}],"collection":[{"href":"https:\/\/e.kosmolat.eu\/lv\/wp-json\/wp\/v2\/product"}],"about":[{"href":"https:\/\/e.kosmolat.eu\/lv\/wp-json\/wp\/v2\/types\/product"}],"wp:featuredmedia":[{"embeddable":true,"href":"https:\/\/e.kosmolat.eu\/lv\/wp-json\/wp\/v2\/media\/98179"}],"wp:attachment":[{"href":"https:\/\/e.kosmolat.eu\/lv\/wp-json\/wp\/v2\/media?parent=38448"}],"wp:term":[{"taxonomy":"product_cat","embeddable":true,"href":"https:\/\/e.kosmolat.eu\/lv\/wp-json\/wp\/v2\/product_cat?post=38448"},{"taxonomy":"product_tag","embeddable":true,"href":"https:\/\/e.kosmolat.eu\/lv\/wp-json\/wp\/v2\/product_tag?post=38448"}],"curies":[{"name":"wp","href":"https:\/\/api.w.org\/{rel}","templated":true}]}}