{"id":38408,"date":"2023-12-22T21:31:21","date_gmt":"2023-12-22T21:31:21","guid":{"rendered":"https:\/\/e.kosmolat.eu\/product\/jc-mitrinoss-sejas-krems-75-ml\/"},"modified":"2024-12-19T14:12:50","modified_gmt":"2024-12-19T14:12:50","slug":"i_jc-mitrinoss-sejas-krems-75-ml","status":"publish","type":"product","link":"https:\/\/e.kosmolat.eu\/lv\/product\/i_jc-mitrinoss-sejas-krems-75-ml\/","title":{"rendered":"I_JC Mitrinos\u0161 sejas kr\u0113ms, 75 ml"},"content":{"rendered":"<p>JEE COSMETICS Mitrino\u0161s sejas kr\u0113ms<br \/>\nAr peoniju ekstraktu un hialuronsk\u0101bi<br \/>\nVisiem \u0101das tipiem<br \/>\nB5, E &#8211; vitam\u012bnu komplekss.<br \/>\nLieto\u0161ana: katru dienu uzkl\u0101t uz sausas, t\u012bras \u0101das.<br \/>\n&nbsp;<\/p>\n","protected":false},"excerpt":{"rendered":"<p>JEE COSMETICS Mitrino\u0161s sejas kr\u0113ms Ar peoniju ekstraktu un hialuronsk\u0101bi Visiem \u0101das tipiem B5, E &#8211; vitam\u012bnu komplekss. Lieto\u0161ana: katru dienu uzkl\u0101t uz sausas, t\u012bras \u0101das. &nbsp;<\/p>\n","protected":false},"featured_media":15669,"template":"","meta":[],"product_cat":[1322],"product_tag":[],"class_list":{"0":"post-38408","1":"product","2":"type-product","3":"status-publish","4":"has-post-thumbnail","6":"product_brand-kombi_ua","7":"product_cat-veido-kremai","9":"first","10":"outofstock","11":"taxable","12":"shipping-taxable","13":"product-type-simple"},"_links":{"self":[{"href":"https:\/\/e.kosmolat.eu\/lv\/wp-json\/wp\/v2\/product\/38408","targetHints":{"allow":["GET"]}}],"collection":[{"href":"https:\/\/e.kosmolat.eu\/lv\/wp-json\/wp\/v2\/product"}],"about":[{"href":"https:\/\/e.kosmolat.eu\/lv\/wp-json\/wp\/v2\/types\/product"}],"wp:featuredmedia":[{"embeddable":true,"href":"https:\/\/e.kosmolat.eu\/lv\/wp-json\/wp\/v2\/media\/15669"}],"wp:attachment":[{"href":"https:\/\/e.kosmolat.eu\/lv\/wp-json\/wp\/v2\/media?parent=38408"}],"wp:term":[{"taxonomy":"product_cat","embeddable":true,"href":"https:\/\/e.kosmolat.eu\/lv\/wp-json\/wp\/v2\/product_cat?post=38408"},{"taxonomy":"product_tag","embeddable":true,"href":"https:\/\/e.kosmolat.eu\/lv\/wp-json\/wp\/v2\/product_tag?post=38408"}],"curies":[{"name":"wp","href":"https:\/\/api.w.org\/{rel}","templated":true}]}}