{"id":38392,"date":"2023-12-22T21:30:00","date_gmt":"2023-12-22T21:30:00","guid":{"rendered":"https:\/\/e.kosmolat.eu\/product\/i_jc-zobu-pasta-berniem-transports-50-ml\/"},"modified":"2026-04-18T06:22:46","modified_gmt":"2026-04-18T06:22:46","slug":"i_jc-zobu-pasta-berniem-transports-50-ml","status":"publish","type":"product","link":"https:\/\/e.kosmolat.eu\/lv\/product\/i_jc-zobu-pasta-berniem-transports-50-ml\/","title":{"rendered":"I_JC Zobu pasta b\u0113rniem Transports, 50 ml"},"content":{"rendered":"<p>Zobu pasta b\u0113rniem<br \/>\nDab\u012bg\u0101 b\u0101ze<br \/>\nBioakt\u012bvais kalcijs<br \/>\nAve\u0146u gar\u0161a<br \/>\nMaiga t\u012br\u012b\u0161ana<br \/>\nLieto\u0161ana: Ikdienas lieto\u0161anai 2-3 reizes dien\u0101. B\u0113rniem, kas jaun\u0101ki par 7 gadiem, zobi j\u0101t\u012bra pieaugu\u0161o uzraudz\u012bb\u0101. Nenor\u012bt, izsp\u013caut. Satur n\u0101trija monofluorfosf\u0101tu. Fluor\u012bda masas da\u013ca 0,05%<br \/>\nDer\u012bguma termi\u0146\u0161: 36 m\u0113ne\u0161i. Uzglab\u0101t temperat\u016br\u0101 no 5 C l\u012bdz 25 C.<br \/>\n&nbsp;<\/p>\n","protected":false},"excerpt":{"rendered":"<p>Zobu pasta b\u0113rniem Dab\u012bg\u0101 b\u0101ze Bioakt\u012bvais kalcijs Ave\u0146u gar\u0161a Maiga t\u012br\u012b\u0161ana Lieto\u0161ana: Ikdienas lieto\u0161anai 2-3 reizes dien\u0101. B\u0113rniem, kas jaun\u0101ki par 7 gadiem, zobi j\u0101t\u012bra pieaugu\u0161o uzraudz\u012bb\u0101. Nenor\u012bt, izsp\u013caut. Satur n\u0101trija monofluorfosf\u0101tu. Fluor\u012bda masas da\u013ca 0,05% Der\u012bguma termi\u0146\u0161: 36 m\u0113ne\u0161i. Uzglab\u0101t temperat\u016br\u0101 no 5 C l\u012bdz 25 C. &nbsp;<\/p>\n","protected":false},"featured_media":98159,"template":"","meta":[],"product_cat":[1335],"product_tag":[],"class_list":{"0":"post-38392","1":"product","2":"type-product","3":"status-publish","4":"has-post-thumbnail","6":"product_brand-kombi_ua","7":"product_cat-bernu-mutes-dobuma-higiena","9":"first","10":"instock","11":"taxable","12":"shipping-taxable","13":"product-type-simple"},"_links":{"self":[{"href":"https:\/\/e.kosmolat.eu\/lv\/wp-json\/wp\/v2\/product\/38392","targetHints":{"allow":["GET"]}}],"collection":[{"href":"https:\/\/e.kosmolat.eu\/lv\/wp-json\/wp\/v2\/product"}],"about":[{"href":"https:\/\/e.kosmolat.eu\/lv\/wp-json\/wp\/v2\/types\/product"}],"wp:featuredmedia":[{"embeddable":true,"href":"https:\/\/e.kosmolat.eu\/lv\/wp-json\/wp\/v2\/media\/98159"}],"wp:attachment":[{"href":"https:\/\/e.kosmolat.eu\/lv\/wp-json\/wp\/v2\/media?parent=38392"}],"wp:term":[{"taxonomy":"product_cat","embeddable":true,"href":"https:\/\/e.kosmolat.eu\/lv\/wp-json\/wp\/v2\/product_cat?post=38392"},{"taxonomy":"product_tag","embeddable":true,"href":"https:\/\/e.kosmolat.eu\/lv\/wp-json\/wp\/v2\/product_tag?post=38392"}],"curies":[{"name":"wp","href":"https:\/\/api.w.org\/{rel}","templated":true}]}}