{"id":38376,"date":"2023-12-22T21:28:38","date_gmt":"2023-12-22T21:28:38","guid":{"rendered":"https:\/\/e.kosmolat.eu\/product\/i_jc-profilakt-zobu-pasta-meza-taigas-zalu-novarijums-75-ml\/"},"modified":"2026-04-24T05:57:12","modified_gmt":"2026-04-24T05:57:12","slug":"jc-profilakt-zobu-pasta-meza-taigas-zalu-novarijums-75-ml","status":"publish","type":"product","link":"https:\/\/e.kosmolat.eu\/lv\/product\/jc-profilakt-zobu-pasta-meza-taigas-zalu-novarijums-75-ml\/","title":{"rendered":"JC Profilakt. zobu pasta Me\u017ea, Taigas z\u0101\u013cu nov\u0101r\u012bjums, 75 ml"},"content":{"rendered":"<p>Dab\u012bga b\u0101ze: egle, asinsz\u0101le, ciedrupriede. Smaganu stiprin\u0101\u0161ana. Tikai pieaugu\u0161ajiem. Ikdienas lieto\u0161anai 2-3 reizes dien\u0101. Nenor\u012bt, izsp\u013caut.&nbsp;<\/p>\n<p><strong>Piesardz\u012bbas pas\u0101kumi:<\/strong> Satur n\u0101trija monofluorfosf\u0101tu. Fluor\u012bda masas da\u013ca 0,125% (1250 ppm F-).&nbsp;<\/p>\n<p><strong>Der\u012bguma termi\u0146\u0161: <\/strong>36 m\u0113ne\u0161i no izgatavo\u0161anas datuma.<br \/>\nUzglab\u0101t temperat\u016br\u0101 no +5&deg;C l\u012bdz +25&deg;C.<br \/>\n&nbsp;<\/p>\n","protected":false},"excerpt":{"rendered":"<p>Dab\u012bga b\u0101ze: egle, asinsz\u0101le, ciedrupriede. Smaganu stiprin\u0101\u0161ana. Tikai pieaugu\u0161ajiem. Ikdienas lieto\u0161anai 2-3 reizes dien\u0101. Nenor\u012bt, izsp\u013caut.&nbsp; Piesardz\u012bbas pas\u0101kumi: Satur n\u0101trija monofluorfosf\u0101tu. Fluor\u012bda masas da\u013ca 0,125% (1250 ppm F-).&nbsp; Der\u012bguma termi\u0146\u0161: 36 m\u0113ne\u0161i no izgatavo\u0161anas datuma. Uzglab\u0101t temperat\u016br\u0101 no +5&deg;C l\u012bdz +25&deg;C. &nbsp;<\/p>\n","protected":false},"featured_media":98195,"template":"","meta":[],"product_cat":[1308],"product_tag":[],"class_list":{"0":"post-38376","1":"product","2":"type-product","3":"status-publish","4":"has-post-thumbnail","6":"product_brand-kombi_ua","7":"product_cat-dantu-pastos-ir-geliai","9":"first","10":"instock","11":"taxable","12":"shipping-taxable","13":"product-type-simple"},"_links":{"self":[{"href":"https:\/\/e.kosmolat.eu\/lv\/wp-json\/wp\/v2\/product\/38376","targetHints":{"allow":["GET"]}}],"collection":[{"href":"https:\/\/e.kosmolat.eu\/lv\/wp-json\/wp\/v2\/product"}],"about":[{"href":"https:\/\/e.kosmolat.eu\/lv\/wp-json\/wp\/v2\/types\/product"}],"wp:featuredmedia":[{"embeddable":true,"href":"https:\/\/e.kosmolat.eu\/lv\/wp-json\/wp\/v2\/media\/98195"}],"wp:attachment":[{"href":"https:\/\/e.kosmolat.eu\/lv\/wp-json\/wp\/v2\/media?parent=38376"}],"wp:term":[{"taxonomy":"product_cat","embeddable":true,"href":"https:\/\/e.kosmolat.eu\/lv\/wp-json\/wp\/v2\/product_cat?post=38376"},{"taxonomy":"product_tag","embeddable":true,"href":"https:\/\/e.kosmolat.eu\/lv\/wp-json\/wp\/v2\/product_tag?post=38376"}],"curies":[{"name":"wp","href":"https:\/\/api.w.org\/{rel}","templated":true}]}}