{"id":38320,"date":"2023-12-22T21:23:52","date_gmt":"2023-12-22T21:23:52","guid":{"rendered":"https:\/\/e.kosmolat.eu\/product\/i_jc-profilakt-zobu-pasta-meza-zalu-maisiums-nr-5-100-ml\/"},"modified":"2026-04-18T06:22:35","modified_gmt":"2026-04-18T06:22:35","slug":"jc-profilakt-zobu-pasta-meza-zalu-maisiums-nr-5-100-ml","status":"publish","type":"product","link":"https:\/\/e.kosmolat.eu\/lv\/product\/jc-profilakt-zobu-pasta-meza-zalu-maisiums-nr-5-100-ml\/","title":{"rendered":"JC Profilakt. zobu pasta Me\u017ea, Z\u0101\u013cu mais\u012bums Nr. 5, 100 ml"},"content":{"rendered":"<p>Smaganu asi\u0146o\u0161anas un iekaisuma procesu profilakse. Mazina smaganu asi\u0146o\u0161anu, to iekaisumus, uzlabo vielmai\u0146as procesus periodonta audos un mutes dobuma g\u013cot\u0101d\u0101. Smaganu baro\u0161ana ar vitam\u012bniem (C, B1, B2, PP), aizsardz\u012bba pret aplikumu, gingiv\u012bta, periodont\u012bta, stomat\u012bta, SARS profilakse. Prie\u017eu e\u013c\u013cai piem\u012bt re\u0123ener\u0113jo\u0161as un pretiekaisuma \u012bpa\u0161\u012bbas. Krustnagli\u0146u e\u013c\u013cai piem\u012bt antibakteri\u0101la un pretv\u012brusu iedarb\u012bba. Me\u017eroz\u012b\u0161u e\u013c\u013ca satur C vitam\u012bnu, nov\u0113r\u0161 periodonta slim\u012bbu att\u012bst\u012bbu. Zeme\u0146u ekstraktam piem\u012bt pretiekaisuma un antiseptiska iedarb\u012bba.<\/p>\n<p><strong>Lieto\u0161ana\/piesardz\u012bbas pas\u0101kumi: <\/strong>Tikai pieaugu\u0161ajiem. Ikdienas lieto\u0161anai, 2-3 reizes dien\u0101. Nenor\u012bt, izsp\u013caut. Satur n\u0101trija monofluorfosf\u0101tu. Fluor\u012bda masas da\u013ca 0,120% (1200 ppm F-).<\/p>\n<p><strong>Der\u012bguma termi\u0146\u0161:<\/strong> 36 m\u0113ne\u0161i. Uzglab\u0101t temperat\u016br\u0101 no +5&deg;C l\u012bdz +25&deg;C.<\/p>\n<p>Nav \u0101rstniecisks l\u012bdzeklis.<br \/>\n&nbsp;<\/p>\n","protected":false},"excerpt":{"rendered":"<p>Smaganu asi\u0146o\u0161anas un iekaisuma procesu profilakse. Mazina smaganu asi\u0146o\u0161anu, to iekaisumus, uzlabo vielmai\u0146as procesus periodonta audos un mutes dobuma g\u013cot\u0101d\u0101. Smaganu baro\u0161ana ar vitam\u012bniem (C, B1, B2, PP), aizsardz\u012bba pret aplikumu, gingiv\u012bta, periodont\u012bta, stomat\u012bta, SARS profilakse. Prie\u017eu e\u013c\u013cai piem\u012bt re\u0123ener\u0113jo\u0161as un pretiekaisuma \u012bpa\u0161\u012bbas. Krustnagli\u0146u e\u013c\u013cai piem\u012bt antibakteri\u0101la un pretv\u012brusu iedarb\u012bba. Me\u017eroz\u012b\u0161u e\u013c\u013ca satur C vitam\u012bnu, [&#8230;]\n","protected":false},"featured_media":98155,"template":"","meta":[],"product_cat":[1309],"product_tag":[],"class_list":{"0":"post-38320","1":"product","2":"type-product","3":"status-publish","4":"has-post-thumbnail","6":"product_brand-kombi_ua","7":"product_cat-1309","9":"first","10":"instock","11":"taxable","12":"shipping-taxable","13":"product-type-simple"},"_links":{"self":[{"href":"https:\/\/e.kosmolat.eu\/lv\/wp-json\/wp\/v2\/product\/38320","targetHints":{"allow":["GET"]}}],"collection":[{"href":"https:\/\/e.kosmolat.eu\/lv\/wp-json\/wp\/v2\/product"}],"about":[{"href":"https:\/\/e.kosmolat.eu\/lv\/wp-json\/wp\/v2\/types\/product"}],"wp:featuredmedia":[{"embeddable":true,"href":"https:\/\/e.kosmolat.eu\/lv\/wp-json\/wp\/v2\/media\/98155"}],"wp:attachment":[{"href":"https:\/\/e.kosmolat.eu\/lv\/wp-json\/wp\/v2\/media?parent=38320"}],"wp:term":[{"taxonomy":"product_cat","embeddable":true,"href":"https:\/\/e.kosmolat.eu\/lv\/wp-json\/wp\/v2\/product_cat?post=38320"},{"taxonomy":"product_tag","embeddable":true,"href":"https:\/\/e.kosmolat.eu\/lv\/wp-json\/wp\/v2\/product_tag?post=38320"}],"curies":[{"name":"wp","href":"https:\/\/api.w.org\/{rel}","templated":true}]}}