{"id":38316,"date":"2023-12-22T21:23:30","date_gmt":"2023-12-22T21:23:30","guid":{"rendered":"https:\/\/e.kosmolat.eu\/product\/elitan-sampuns-platina-efekts-500-ml\/"},"modified":"2026-03-03T14:58:34","modified_gmt":"2026-03-03T14:58:34","slug":"elitan-sampuns-platina-efekts-500-ml","status":"publish","type":"product","link":"https:\/\/e.kosmolat.eu\/lv\/product\/elitan-sampuns-platina-efekts-500-ml\/","title":{"rendered":"ELITAN \u0160amp\u016bns Plat\u012bna efekts, 500 ml"},"content":{"rendered":"<p>ELITAN &Scaron;amp\u016bns Plat\u012bna efekts&nbsp;<br \/>\nPret matu dzeltenuma<br \/>\n\u0421\u0113ls plat\u012bns<br \/>\nKazenes ekstrakts<br \/>\n&Scaron;amp\u016bns balin\u0101tiem matiem.<br \/>\nLieto\u0161ana: uzkl\u0101t uz mitriem matiem, saputot, izskalot ar \u016bdeni. Piesardz\u012bbas pas\u0101kumi: Ja nok\u013c\u016bst ac\u012bs, izskalot ar \u016bdeni.<br \/>\n&nbsp;<\/p>\n","protected":false},"excerpt":{"rendered":"<p>ELITAN &Scaron;amp\u016bns Plat\u012bna efekts&nbsp; Pret matu dzeltenuma \u0421\u0113ls plat\u012bns Kazenes ekstrakts &Scaron;amp\u016bns balin\u0101tiem matiem. Lieto\u0161ana: uzkl\u0101t uz mitriem matiem, saputot, izskalot ar \u016bdeni. Piesardz\u012bbas pas\u0101kumi: Ja nok\u013c\u016bst ac\u012bs, izskalot ar \u016bdeni. &nbsp;<\/p>\n","protected":false},"featured_media":98151,"template":"","meta":[],"product_cat":[1248],"product_tag":[],"class_list":{"0":"post-38316","1":"product","2":"type-product","3":"status-publish","4":"has-post-thumbnail","6":"product_brand-kombi_ua","7":"product_cat-sampuni","9":"first","10":"instock","11":"taxable","12":"shipping-taxable","13":"product-type-simple"},"_links":{"self":[{"href":"https:\/\/e.kosmolat.eu\/lv\/wp-json\/wp\/v2\/product\/38316","targetHints":{"allow":["GET"]}}],"collection":[{"href":"https:\/\/e.kosmolat.eu\/lv\/wp-json\/wp\/v2\/product"}],"about":[{"href":"https:\/\/e.kosmolat.eu\/lv\/wp-json\/wp\/v2\/types\/product"}],"wp:featuredmedia":[{"embeddable":true,"href":"https:\/\/e.kosmolat.eu\/lv\/wp-json\/wp\/v2\/media\/98151"}],"wp:attachment":[{"href":"https:\/\/e.kosmolat.eu\/lv\/wp-json\/wp\/v2\/media?parent=38316"}],"wp:term":[{"taxonomy":"product_cat","embeddable":true,"href":"https:\/\/e.kosmolat.eu\/lv\/wp-json\/wp\/v2\/product_cat?post=38316"},{"taxonomy":"product_tag","embeddable":true,"href":"https:\/\/e.kosmolat.eu\/lv\/wp-json\/wp\/v2\/product_tag?post=38316"}],"curies":[{"name":"wp","href":"https:\/\/api.w.org\/{rel}","templated":true}]}}