{"id":38312,"date":"2023-12-22T21:23:11","date_gmt":"2023-12-22T21:23:11","guid":{"rendered":"https:\/\/e.kosmolat.eu\/product\/elitan-sampuns-dumakains-sudrabs-500-ml\/"},"modified":"2026-04-15T10:35:41","modified_gmt":"2026-04-15T10:35:41","slug":"elitan-sampuns-dumakains-sudrabs-500-ml","status":"publish","type":"product","link":"https:\/\/e.kosmolat.eu\/lv\/product\/elitan-sampuns-dumakains-sudrabs-500-ml\/","title":{"rendered":"ELITAN \u0160amp\u016bns D\u016bmakains sudrabs, 500 ml"},"content":{"rendered":"<p>ELITAN &Scaron;amp\u016bns D\u016bmakains sudrabs<\/p>\n<p>Pret matu dzeltenuma<br \/>\nAuksts sudrabs<br \/>\nV\u012bnogu s\u0113klu e\u013c\u013ca.<br \/>\n&Scaron;amp\u016bns balin\u0101tiem matiem.<br \/>\nLieto\u0161ana: uzkl\u0101t uz mitriem matiem, saputot, izskalot ar \u016bdeni. Piesardz\u012bbas pas\u0101kumi: Ja nok\u013c\u016bst ac\u012bs, izskalot ar \u016bdeni.<br \/>\n&nbsp;<\/p>\n","protected":false},"excerpt":{"rendered":"<p>ELITAN &Scaron;amp\u016bns D\u016bmakains sudrabs Pret matu dzeltenuma Auksts sudrabs V\u012bnogu s\u0113klu e\u013c\u013ca. &Scaron;amp\u016bns balin\u0101tiem matiem. Lieto\u0161ana: uzkl\u0101t uz mitriem matiem, saputot, izskalot ar \u016bdeni. Piesardz\u012bbas pas\u0101kumi: Ja nok\u013c\u016bst ac\u012bs, izskalot ar \u016bdeni. &nbsp;<\/p>\n","protected":false},"featured_media":98147,"template":"","meta":[],"product_cat":[1248],"product_tag":[],"class_list":{"0":"post-38312","1":"product","2":"type-product","3":"status-publish","4":"has-post-thumbnail","6":"product_brand-kombi_ua","7":"product_cat-sampuni","9":"first","10":"instock","11":"taxable","12":"shipping-taxable","13":"product-type-simple"},"_links":{"self":[{"href":"https:\/\/e.kosmolat.eu\/lv\/wp-json\/wp\/v2\/product\/38312","targetHints":{"allow":["GET"]}}],"collection":[{"href":"https:\/\/e.kosmolat.eu\/lv\/wp-json\/wp\/v2\/product"}],"about":[{"href":"https:\/\/e.kosmolat.eu\/lv\/wp-json\/wp\/v2\/types\/product"}],"wp:featuredmedia":[{"embeddable":true,"href":"https:\/\/e.kosmolat.eu\/lv\/wp-json\/wp\/v2\/media\/98147"}],"wp:attachment":[{"href":"https:\/\/e.kosmolat.eu\/lv\/wp-json\/wp\/v2\/media?parent=38312"}],"wp:term":[{"taxonomy":"product_cat","embeddable":true,"href":"https:\/\/e.kosmolat.eu\/lv\/wp-json\/wp\/v2\/product_cat?post=38312"},{"taxonomy":"product_tag","embeddable":true,"href":"https:\/\/e.kosmolat.eu\/lv\/wp-json\/wp\/v2\/product_tag?post=38312"}],"curies":[{"name":"wp","href":"https:\/\/api.w.org\/{rel}","templated":true}]}}