{"id":38244,"date":"2023-12-22T21:15:45","date_gmt":"2023-12-22T21:15:45","guid":{"rendered":"https:\/\/e.kosmolat.eu\/product\/i_jc-tonejoss-balzams-557-savvalas-kirsi-100-ml\/"},"modified":"2026-01-13T10:03:17","modified_gmt":"2026-01-13T10:03:17","slug":"i_jc-tonejoss-balzams-557-savvalas-kirsi-100-ml","status":"publish","type":"product","link":"https:\/\/e.kosmolat.eu\/lv\/product\/i_jc-tonejoss-balzams-557-savvalas-kirsi-100-ml\/","title":{"rendered":"I_JC Ton\u0113jo\u0161s balzams 557 Savva\u013cas kir\u0161i, 100 ml"},"content":{"rendered":"<p>Jee cosmetics Perfect Pro Color toner Ton\u0113jo\u0161s balzams \u012bslaic\u012bgai matu kr\u0101so\u0161anai.<br \/>\nArganas e\u013c\u013ca stimul\u0113 matu aug\u0161anu, atjauno to dab\u012bgo spidumu. Mati izskat\u0101s skaisti un veseli.&nbsp;<br \/>\nKerat\u012bns stiprina matu strukt\u016bru, dzi\u013ci baro un mitrina. Matu \u0161\u0137ipsnas k\u013c\u016bst stipr\u0101kas un elast\u012bg\u0101kas.<br \/>\nKr\u0101so\u0161anas rezult\u0101ts ir atkar\u012bgs no matu strukt\u016bras un s\u0101kotn\u0113j\u0101s matu kr\u0101sas, iedarb\u012bbas laika.<br \/>\nRegul\u0101ra lieto\u0161ana (1 reize 7-10 dien\u0101s) dod notur\u012bgu, pies\u0101tin\u0101tu kr\u0101su, aizvietojot amonjaka kr\u0101sas izmanto\u0161anu.<br \/>\n<strong>Komplekt\u0101:<\/strong> 1 t\u016bbi\u0146a ar ton\u0113jo\u0161o balzamu 100 ml, aizsargcimdi &#8211; 1 p\u0101ris, instrukcija &ndash; 1 gb.<\/p>\n<p><strong>Lieto\u0161ana:<\/strong> Vienm\u0113r\u012bgi uzkl\u0101jiet uz t\u012briem, mitriem matiem. Iedarb\u012bbas laiks tiek izv\u0113l\u0113ts individu\u0101li no 5 l\u012bdz 30 min\u016bt\u0113m. P\u0113c tam r\u016bp\u012bgi izskalojiet matus ar \u016bdeni. Nomazg\u0101jas l\u012bdz 7 mazg\u0101\u0161anas reiz\u0113m ar \u0161amp\u016bnu.&nbsp;<\/p>\n<p><strong>Piesardz\u012bbas pas\u0101kumi:<\/strong> Var izrais\u012bt smagu aler\u0123isku reakciju. Veiciet testu uz \u0101das jut\u012bbu 48 stundas pirms lieto\u0161anas. Izlasiet un izpildiet nor\u0101d\u012bjumus instrukcij\u0101.<br \/>\nNelietot person\u0101m, kas jaun\u0101kas par 16 gadiem.<br \/>\nPagaidu meln\u0101s hennas tetov\u0113jumi palielina aler\u0123iskas reakcijas risku. Nelietot, ja: ir izsitumi uz sejas, jut\u012bga, boj\u0101ta, kairin\u0101ta \u0101da, ja ir bijusi aler\u0123iska reakcija p\u0113c matu kr\u0101so\u0161anas vai p\u0113c pagaidu meln\u0101s hennas tetov\u0113juma. Ja nok\u013c\u016bst ac\u012bs, nekav\u0113joties t\u0101s skalot ar lielu daudzumu \u016bdens. Lietojiet aizsargcimdus. Uzglab\u0101t b\u0113rniem nepieejam\u0101 viet\u0101.<\/p>\n","protected":false},"excerpt":{"rendered":"<p>Jee cosmetics Perfect Pro Color toner Ton\u0113jo\u0161s balzams \u012bslaic\u012bgai matu kr\u0101so\u0161anai. Arganas e\u013c\u013ca stimul\u0113 matu aug\u0161anu, atjauno to dab\u012bgo spidumu. Mati izskat\u0101s skaisti un veseli.&nbsp; Kerat\u012bns stiprina matu strukt\u016bru, dzi\u013ci baro un mitrina. Matu \u0161\u0137ipsnas k\u013c\u016bst stipr\u0101kas un elast\u012bg\u0101kas. Kr\u0101so\u0161anas rezult\u0101ts ir atkar\u012bgs no matu strukt\u016bras un s\u0101kotn\u0113j\u0101s matu kr\u0101sas, iedarb\u012bbas laika. Regul\u0101ra lieto\u0161ana (1 [&#8230;]\n","protected":false},"featured_media":103703,"template":"","meta":[],"product_cat":[1999],"product_tag":[],"class_list":{"0":"post-38244","1":"product","2":"type-product","3":"status-publish","4":"has-post-thumbnail","6":"product_brand-kombi_ua","7":"product_cat-bez-kategorijas","9":"first","10":"instock","11":"taxable","12":"shipping-taxable","13":"product-type-simple"},"_links":{"self":[{"href":"https:\/\/e.kosmolat.eu\/lv\/wp-json\/wp\/v2\/product\/38244","targetHints":{"allow":["GET"]}}],"collection":[{"href":"https:\/\/e.kosmolat.eu\/lv\/wp-json\/wp\/v2\/product"}],"about":[{"href":"https:\/\/e.kosmolat.eu\/lv\/wp-json\/wp\/v2\/types\/product"}],"wp:featuredmedia":[{"embeddable":true,"href":"https:\/\/e.kosmolat.eu\/lv\/wp-json\/wp\/v2\/media\/103703"}],"wp:attachment":[{"href":"https:\/\/e.kosmolat.eu\/lv\/wp-json\/wp\/v2\/media?parent=38244"}],"wp:term":[{"taxonomy":"product_cat","embeddable":true,"href":"https:\/\/e.kosmolat.eu\/lv\/wp-json\/wp\/v2\/product_cat?post=38244"},{"taxonomy":"product_tag","embeddable":true,"href":"https:\/\/e.kosmolat.eu\/lv\/wp-json\/wp\/v2\/product_tag?post=38244"}],"curies":[{"name":"wp","href":"https:\/\/api.w.org\/{rel}","templated":true}]}}