{"id":38188,"date":"2023-12-22T21:09:01","date_gmt":"2023-12-22T21:09:01","guid":{"rendered":"https:\/\/e.kosmolat.eu\/product\/bio-naturell-black-castor-oil-keratin-matu-maska-946-ml\/"},"modified":"2026-04-16T12:56:52","modified_gmt":"2026-04-16T12:56:52","slug":"bio-naturell-black-castor-oil-keratin-matu-maska-946-ml","status":"publish","type":"product","link":"https:\/\/e.kosmolat.eu\/lv\/product\/bio-naturell-black-castor-oil-keratin-matu-maska-946-ml\/","title":{"rendered":"Bio Naturell Black Castor Oil &#038; Keratin Matu maska, 946 ml"},"content":{"rendered":"<p>Maska dzi\u013cai matu baro&scaron;anai. 97% dabiskas izcelsmes sast\u0101vda\u013cas. Satur 100% dab\u012bgas e\u013c\u013cas. Veg\u0101nisks produkts.<\/p>\n<p><strong>Lieto&scaron;ana: <\/strong>uzkl\u0101t uz t\u012briem mitriem matiem. Atst\u0101t uz 3-5 min\u016btem, tad r\u016bp\u012bgi nomazg\u0101t.&nbsp;<\/p>\n<p><strong>Piesardz\u012bbas pas\u0101kumi:<\/strong> ja iek\u013c\u016bst ac\u012bs, izskalot ar \u016bdeni. Iesp\u0113jama paaugstin\u0101ta individu\u0101la jut\u012bba pret atsevi&scaron;\u0137\u0101m produkta sast\u0101vda\u013c\u0101m.&nbsp;<\/p>\n<p>Uzglab\u0101t temperat\u016br\u0101 no +5 &deg;\u0421 l\u012bdz +25 &deg;\u0421.<br \/>\n&nbsp;<\/p>\n","protected":false},"excerpt":{"rendered":"<p>Maska dzi\u013cai matu baro&scaron;anai. 97% dabiskas izcelsmes sast\u0101vda\u013cas. Satur 100% dab\u012bgas e\u013c\u013cas. Veg\u0101nisks produkts. Lieto&scaron;ana: uzkl\u0101t uz t\u012briem mitriem matiem. Atst\u0101t uz 3-5 min\u016btem, tad r\u016bp\u012bgi nomazg\u0101t.&nbsp; Piesardz\u012bbas pas\u0101kumi: ja iek\u013c\u016bst ac\u012bs, izskalot ar \u016bdeni. Iesp\u0113jama paaugstin\u0101ta individu\u0101la jut\u012bba pret atsevi&scaron;\u0137\u0101m produkta sast\u0101vda\u013c\u0101m.&nbsp; Uzglab\u0101t temperat\u016br\u0101 no +5 &deg;\u0421 l\u012bdz +25 &deg;\u0421. &nbsp;<\/p>\n","protected":false},"featured_media":98880,"template":"","meta":[],"product_cat":[2181],"product_tag":[],"class_list":{"0":"post-38188","1":"product","2":"type-product","3":"status-publish","4":"has-post-thumbnail","6":"product_brand-elfa_ua","7":"product_cat-bez-kategorijas-lt","9":"first","10":"instock","11":"taxable","12":"shipping-taxable","13":"product-type-simple"},"_links":{"self":[{"href":"https:\/\/e.kosmolat.eu\/lv\/wp-json\/wp\/v2\/product\/38188","targetHints":{"allow":["GET"]}}],"collection":[{"href":"https:\/\/e.kosmolat.eu\/lv\/wp-json\/wp\/v2\/product"}],"about":[{"href":"https:\/\/e.kosmolat.eu\/lv\/wp-json\/wp\/v2\/types\/product"}],"wp:featuredmedia":[{"embeddable":true,"href":"https:\/\/e.kosmolat.eu\/lv\/wp-json\/wp\/v2\/media\/98880"}],"wp:attachment":[{"href":"https:\/\/e.kosmolat.eu\/lv\/wp-json\/wp\/v2\/media?parent=38188"}],"wp:term":[{"taxonomy":"product_cat","embeddable":true,"href":"https:\/\/e.kosmolat.eu\/lv\/wp-json\/wp\/v2\/product_cat?post=38188"},{"taxonomy":"product_tag","embeddable":true,"href":"https:\/\/e.kosmolat.eu\/lv\/wp-json\/wp\/v2\/product_tag?post=38188"}],"curies":[{"name":"wp","href":"https:\/\/api.w.org\/{rel}","templated":true}]}}