{"id":38172,"date":"2023-12-22T21:07:09","date_gmt":"2023-12-22T21:07:09","guid":{"rendered":"https:\/\/e.kosmolat.eu\/product\/elitan-matu-kremkrasa-9-82-platina-gaisi-gaisi-bruns-50-50-30-ml\/"},"modified":"2026-04-02T06:16:04","modified_gmt":"2026-04-02T06:16:04","slug":"elitan-matu-kremkrasa-9-82-platina-gaisi-gaisi-bruns-50-50-30-ml","status":"publish","type":"product","link":"https:\/\/e.kosmolat.eu\/lv\/product\/elitan-matu-kremkrasa-9-82-platina-gaisi-gaisi-bruns-50-50-30-ml\/","title":{"rendered":"ELITAN Matu kr\u0113mkr\u0101sa 9.82 Plat\u012bna gai\u0161i gai\u0161i br\u016bns, 50\/50\/30 ml"},"content":{"rendered":"<p>Matu kr\u0113mkr\u0101sa. Tehnolo\u0123ija Brilliant shine. Mati ir k\u0101 pl\u0101n\u0101kais dimanta pavediens. Matu mirdzuma pak\u0101pe ir atkar\u012bga no visu t\u0101 mikroda\u013ci\u0146u optiskaj\u0101m \u012bpa\u0161\u012bb\u0101m, kur\u0101s, t\u0101pat k\u0101 dimantiem, atstarojas gaismas vi\u013c\u0146i (fotoni). Ilang-ilang e\u013c\u013ca un kerat\u012bns baro, atjauno matus; veicina stabilu pigmenta fiks\u0101ciju vis\u0101 kortik\u0101l\u0101 sl\u0101\u0146a dzi\u013cum\u0101; nov\u0113r\u0161 matu \u0161\u0137el\u0161anos un raupjumu, t\u0101d\u0113j\u0101di uzlabojot to optisk\u0101s \u012bpa\u0161\u012bbas (sp\u012bdumu).<br \/>\nPirms: gaismas vi\u013c\u0146i (fotoni) v\u0101ji izklied\u0113jas pa matu sa\u0161\u0137elto virsmu. P\u0113c: Brilliant Shine tehnolo\u0123ija. Fotoni intens\u012bvi atstarojas no katras pigmenta mikroda\u013ci\u0146as, veidojot mirdzo\u0161u sp\u012bdumu un spilgtu kr\u0101su atveidi.<br \/>\n<strong>Komplekt\u0101:<\/strong> Paci\u0146as ar kr\u0113mkr\u0101su 2 x 25 ml , paci\u0146as ar oksid\u0113jo\u0161u emulsiju 2 x 25 ml, matu balz\u0101ms 2 x 15ml, aizsargcimdu p\u0101ris, lieto\u0161anas instrukcija 2 gab.<\/p>\n<p><strong>Lieto\u0161ana:<\/strong> Izlasiet un izpildiet instrukcijas nor\u0101d\u012bjumus.<\/p>\n<p><strong>Piesardz\u012bbas pas\u0101kumi:<\/strong> UZMAN\u012aBU! Satur &nbsp;amonjaku, &nbsp;\u016bde\u0146ra\u017ea peroks\u012bdu, &nbsp;fenil\u0113ndiam\u012bnus (iz\u0146emot to\u0146us: 5.57, 6.12, 6.55, 7.10, 7.32, 7.81, 8.10, 8.38, 8.56, 8.75, 9.17, 9.32, 9.35, 10.11), toluoldiam\u012bnus (iz\u0146emot to\u0146us 1.10, 2.17, 3.66, 4.56, 4.65, 5.57, 6.55, 6.56, 6.57, 6.65, 7.44, 9.17, 9.26, 9.61, 9.82, 10.11) satur rezorc\u012bnu (iz\u0146emot to\u0146us 3.66, 4.56, 4.65, 4.75, 5.57, 6.55, 6.56, 6.57, 6.65, 7.44, 8.56, 9.17, 10.11). Matu kr\u0101svielas var izrais\u012bt smagu aler\u0123isku reakciju. Izlas\u012bt un iev\u0113rot nor\u0101d\u012bjumus. &Scaron;is l\u012bdzeklis nav paredz\u0113ts person\u0101m, kas jaun\u0101kas par 16 gadiem. Meln\u0101s hennas tetov\u0113jumi, kas nav permanenti, var paaugstin\u0101t aler\u0123ijas risku. Matus nekr\u0101sot, ja: &mdash; uz sejas ir izsitumi vai galvas \u0101da ir jut\u012bga, kairin\u0101ta vai boj\u0101ta, p\u0113c matu kr\u0101so\u0161anas ir bijusi k\u0101da reakcija, &mdash; agr\u0101k ir bijusi reakcija uz meln\u0101s hennas tetov\u0113jumu, kas nav notur\u012bgs. Nelietot skropstu vai uzacu kr\u0101so\u0161anai. Lietot atbilsto\u0161us aizsargcimdus. Nepie\u013caut nok\u013c\u016b\u0161anu ac\u012bs! Ja l\u012bdzeklis iek\u013c\u016bst ac\u012bs, t\u016bl\u012bt izskalot.&nbsp;<br \/>\n&nbsp;<\/p>\n","protected":false},"excerpt":{"rendered":"<p>Matu kr\u0113mkr\u0101sa. Tehnolo\u0123ija Brilliant shine. Mati ir k\u0101 pl\u0101n\u0101kais dimanta pavediens. Matu mirdzuma pak\u0101pe ir atkar\u012bga no visu t\u0101 mikroda\u013ci\u0146u optiskaj\u0101m \u012bpa\u0161\u012bb\u0101m, kur\u0101s, t\u0101pat k\u0101 dimantiem, atstarojas gaismas vi\u013c\u0146i (fotoni). Ilang-ilang e\u013c\u013ca un kerat\u012bns baro, atjauno matus; veicina stabilu pigmenta fiks\u0101ciju vis\u0101 kortik\u0101l\u0101 sl\u0101\u0146a dzi\u013cum\u0101; nov\u0113r\u0161 matu \u0161\u0137el\u0161anos un raupjumu, t\u0101d\u0113j\u0101di uzlabojot to optisk\u0101s \u012bpa\u0161\u012bbas [&#8230;]\n","protected":false},"featured_media":98143,"template":"","meta":[],"product_cat":[1440],"product_tag":[],"class_list":{"0":"post-38172","1":"product","2":"type-product","3":"status-publish","4":"has-post-thumbnail","6":"product_brand-kombi_ua","7":"product_cat-matu-krasas-matu-krasas","9":"first","10":"instock","11":"taxable","12":"shipping-taxable","13":"product-type-simple"},"_links":{"self":[{"href":"https:\/\/e.kosmolat.eu\/lv\/wp-json\/wp\/v2\/product\/38172","targetHints":{"allow":["GET"]}}],"collection":[{"href":"https:\/\/e.kosmolat.eu\/lv\/wp-json\/wp\/v2\/product"}],"about":[{"href":"https:\/\/e.kosmolat.eu\/lv\/wp-json\/wp\/v2\/types\/product"}],"wp:featuredmedia":[{"embeddable":true,"href":"https:\/\/e.kosmolat.eu\/lv\/wp-json\/wp\/v2\/media\/98143"}],"wp:attachment":[{"href":"https:\/\/e.kosmolat.eu\/lv\/wp-json\/wp\/v2\/media?parent=38172"}],"wp:term":[{"taxonomy":"product_cat","embeddable":true,"href":"https:\/\/e.kosmolat.eu\/lv\/wp-json\/wp\/v2\/product_cat?post=38172"},{"taxonomy":"product_tag","embeddable":true,"href":"https:\/\/e.kosmolat.eu\/lv\/wp-json\/wp\/v2\/product_tag?post=38172"}],"curies":[{"name":"wp","href":"https:\/\/api.w.org\/{rel}","templated":true}]}}