{"id":38160,"date":"2023-12-22T21:06:19","date_gmt":"2023-12-22T21:06:19","guid":{"rendered":"https:\/\/e.kosmolat.eu\/product\/bespoke-men-wild-herbs-and-tonka-bean-parfimerijas-udens-100ml\/"},"modified":"2026-02-17T07:07:03","modified_gmt":"2026-02-17T07:07:03","slug":"bespoke-men-wild-herbs-and-tonka-bean-parfimerijas-udens-100ml","status":"publish","type":"product","link":"https:\/\/e.kosmolat.eu\/lv\/product\/bespoke-men-wild-herbs-and-tonka-bean-parfimerijas-udens-100ml\/","title":{"rendered":"BESPOKE MEN Wild Herbs and Tonka Bean Parfim\u0113rijas \u016bdens, 100ml"},"content":{"rendered":"<p>BESPOKE LONDON Wild Herbs &amp; Tonka Bean Parfim\u0113rijas \u016bdens<\/p>\n<p>UZMAN\u012aBU: Uzliesmojo\u0161s l\u012bdz no\u017e\u016bst. Nelietot uguns, liesmas vai karstuma tuvum\u0101.<\/p>\n<p>VIEGLI UZLIESMOJO&Scaron;S, UGUNSNEDRO&Scaron;S<br \/>\n75 % -vol.<br \/>\n&nbsp;<\/p>\n","protected":false},"excerpt":{"rendered":"<p>BESPOKE LONDON Wild Herbs &amp; Tonka Bean Parfim\u0113rijas \u016bdens UZMAN\u012aBU: Uzliesmojo\u0161s l\u012bdz no\u017e\u016bst. Nelietot uguns, liesmas vai karstuma tuvum\u0101. VIEGLI UZLIESMOJO&Scaron;S, UGUNSNEDRO&Scaron;S 75 % -vol. &nbsp;<\/p>\n","protected":false},"featured_media":101374,"template":"","meta":[],"product_cat":[1447],"product_tag":[],"class_list":{"0":"post-38160","1":"product","2":"type-product","3":"status-publish","4":"has-post-thumbnail","6":"product_brand-incos_gb","7":"product_cat-kvepalai-ir-tualetinis-vanduo-moterims","9":"first","10":"instock","11":"taxable","12":"shipping-taxable","13":"product-type-simple"},"_links":{"self":[{"href":"https:\/\/e.kosmolat.eu\/lv\/wp-json\/wp\/v2\/product\/38160","targetHints":{"allow":["GET"]}}],"collection":[{"href":"https:\/\/e.kosmolat.eu\/lv\/wp-json\/wp\/v2\/product"}],"about":[{"href":"https:\/\/e.kosmolat.eu\/lv\/wp-json\/wp\/v2\/types\/product"}],"wp:featuredmedia":[{"embeddable":true,"href":"https:\/\/e.kosmolat.eu\/lv\/wp-json\/wp\/v2\/media\/101374"}],"wp:attachment":[{"href":"https:\/\/e.kosmolat.eu\/lv\/wp-json\/wp\/v2\/media?parent=38160"}],"wp:term":[{"taxonomy":"product_cat","embeddable":true,"href":"https:\/\/e.kosmolat.eu\/lv\/wp-json\/wp\/v2\/product_cat?post=38160"},{"taxonomy":"product_tag","embeddable":true,"href":"https:\/\/e.kosmolat.eu\/lv\/wp-json\/wp\/v2\/product_tag?post=38160"}],"curies":[{"name":"wp","href":"https:\/\/api.w.org\/{rel}","templated":true}]}}