{"id":38148,"date":"2023-12-22T21:05:18","date_gmt":"2023-12-22T21:05:18","guid":{"rendered":"https:\/\/e.kosmolat.eu\/product\/bespoke-woman-salted-caramel-and-water-lilies-parfimerijas-udens-sievietem-100-ml\/"},"modified":"2025-06-01T10:35:34","modified_gmt":"2025-06-01T10:35:34","slug":"bespoke-woman-salted-caramel-and-water-lilies-parfimerijas-udens-sievietem-100-ml","status":"publish","type":"product","link":"https:\/\/e.kosmolat.eu\/lv\/product\/bespoke-woman-salted-caramel-and-water-lilies-parfimerijas-udens-sievietem-100-ml\/","title":{"rendered":"BESPOKE WOMAN Salted Caramel and Water Lilies Parfim\u0113rijas \u016bdens sieviet\u0113m, 100 ml"},"content":{"rendered":"<p>BESPOKE LONDON WOMAN<br \/>\nSalted Caramel &amp; Water Lilies&nbsp;<br \/>\nParfim\u0113rijas \u016bdens sieviet\u0113m<\/p>\n<p>UZMAN\u012aBU: Uzliesmojo\u0161s l\u012bdz no\u017e\u016bst. Nelietot uguns, liesmas vai karstuma tuvum\u0101.<\/p>\n<p>VIEGLI UZLIESMOJO&Scaron;S, UGUNSNEDRO&Scaron;S<br \/>\n75 % -vol.<br \/>\n&nbsp;<\/p>\n","protected":false},"excerpt":{"rendered":"<p>BESPOKE LONDON WOMAN Salted Caramel &amp; Water Lilies&nbsp; Parfim\u0113rijas \u016bdens sieviet\u0113m UZMAN\u012aBU: Uzliesmojo\u0161s l\u012bdz no\u017e\u016bst. Nelietot uguns, liesmas vai karstuma tuvum\u0101. VIEGLI UZLIESMOJO&Scaron;S, UGUNSNEDRO&Scaron;S 75 % -vol. &nbsp;<\/p>\n","protected":false},"featured_media":788,"template":"","meta":[],"product_cat":[1447],"product_tag":[],"class_list":{"0":"post-38148","1":"product","2":"type-product","3":"status-publish","4":"has-post-thumbnail","6":"product_brand-incos_gb","7":"product_cat-kvepalai-ir-tualetinis-vanduo-moterims","9":"first","10":"instock","11":"taxable","12":"shipping-taxable","13":"product-type-simple"},"_links":{"self":[{"href":"https:\/\/e.kosmolat.eu\/lv\/wp-json\/wp\/v2\/product\/38148","targetHints":{"allow":["GET"]}}],"collection":[{"href":"https:\/\/e.kosmolat.eu\/lv\/wp-json\/wp\/v2\/product"}],"about":[{"href":"https:\/\/e.kosmolat.eu\/lv\/wp-json\/wp\/v2\/types\/product"}],"wp:featuredmedia":[{"embeddable":true,"href":"https:\/\/e.kosmolat.eu\/lv\/wp-json\/wp\/v2\/media\/788"}],"wp:attachment":[{"href":"https:\/\/e.kosmolat.eu\/lv\/wp-json\/wp\/v2\/media?parent=38148"}],"wp:term":[{"taxonomy":"product_cat","embeddable":true,"href":"https:\/\/e.kosmolat.eu\/lv\/wp-json\/wp\/v2\/product_cat?post=38148"},{"taxonomy":"product_tag","embeddable":true,"href":"https:\/\/e.kosmolat.eu\/lv\/wp-json\/wp\/v2\/product_tag?post=38148"}],"curies":[{"name":"wp","href":"https:\/\/api.w.org\/{rel}","templated":true}]}}