{"id":38144,"date":"2023-12-22T21:05:00","date_gmt":"2023-12-22T21:05:00","guid":{"rendered":"https:\/\/e.kosmolat.eu\/product\/bespoke-woman-mandarin-praline-and-white-flowers-parfimerijas-udens-sievietem-100-ml\/"},"modified":"2026-04-09T15:46:15","modified_gmt":"2026-04-09T15:46:15","slug":"bespoke-woman-mandarin-praline-and-white-flowers-parfimerijas-udens-sievietem-100-ml","status":"publish","type":"product","link":"https:\/\/e.kosmolat.eu\/lv\/product\/bespoke-woman-mandarin-praline-and-white-flowers-parfimerijas-udens-sievietem-100-ml\/","title":{"rendered":"BESPOKE WOMAN Mandarin Praline and White Flowers Parfim\u0113rijas \u016bdens sieviet\u0113m, 100 ml"},"content":{"rendered":"<p>BESPOKE LONDON WOMEN Mandarin Praline &amp; White Flowers Parfim\u0113rijas \u016bdens sieviet\u0113m<\/p>\n<p>UZMAN\u012aBU: Uzliesmojo\u0161s l\u012bdz no\u017e\u016bst. Nelietot uguns, liesmas vai karstuma tuvum\u0101.<\/p>\n<p>VIEGLI UZLIESMOJO&Scaron;S, UGUNSNEDRO&Scaron;S<br \/>\n75 % -vol.<br \/>\n&nbsp;<\/p>\n","protected":false},"excerpt":{"rendered":"<p>BESPOKE LONDON WOMEN Mandarin Praline &amp; White Flowers Parfim\u0113rijas \u016bdens sieviet\u0113m UZMAN\u012aBU: Uzliesmojo\u0161s l\u012bdz no\u017e\u016bst. Nelietot uguns, liesmas vai karstuma tuvum\u0101. VIEGLI UZLIESMOJO&Scaron;S, UGUNSNEDRO&Scaron;S 75 % -vol. &nbsp;<\/p>\n","protected":false},"featured_media":105140,"template":"","meta":[],"product_cat":[1447],"product_tag":[],"class_list":{"0":"post-38144","1":"product","2":"type-product","3":"status-publish","4":"has-post-thumbnail","6":"product_brand-incos_gb","7":"product_cat-kvepalai-ir-tualetinis-vanduo-moterims","9":"first","10":"instock","11":"taxable","12":"shipping-taxable","13":"product-type-simple"},"_links":{"self":[{"href":"https:\/\/e.kosmolat.eu\/lv\/wp-json\/wp\/v2\/product\/38144","targetHints":{"allow":["GET"]}}],"collection":[{"href":"https:\/\/e.kosmolat.eu\/lv\/wp-json\/wp\/v2\/product"}],"about":[{"href":"https:\/\/e.kosmolat.eu\/lv\/wp-json\/wp\/v2\/types\/product"}],"wp:featuredmedia":[{"embeddable":true,"href":"https:\/\/e.kosmolat.eu\/lv\/wp-json\/wp\/v2\/media\/105140"}],"wp:attachment":[{"href":"https:\/\/e.kosmolat.eu\/lv\/wp-json\/wp\/v2\/media?parent=38144"}],"wp:term":[{"taxonomy":"product_cat","embeddable":true,"href":"https:\/\/e.kosmolat.eu\/lv\/wp-json\/wp\/v2\/product_cat?post=38144"},{"taxonomy":"product_tag","embeddable":true,"href":"https:\/\/e.kosmolat.eu\/lv\/wp-json\/wp\/v2\/product_tag?post=38144"}],"curies":[{"name":"wp","href":"https:\/\/api.w.org\/{rel}","templated":true}]}}