{"id":38136,"date":"2023-12-22T21:04:19","date_gmt":"2023-12-22T21:04:19","guid":{"rendered":"https:\/\/e.kosmolat.eu\/product\/smarzudens-viriesiem-solar-gold-100-ml\/"},"modified":"2025-08-25T04:13:15","modified_gmt":"2025-08-25T04:13:15","slug":"smarzudens-viriesiem-solar-gold-100-ml","status":"publish","type":"product","link":"https:\/\/e.kosmolat.eu\/lv\/product\/smarzudens-viriesiem-solar-gold-100-ml\/","title":{"rendered":"Smar\u017e\u016bdens v\u012brie\u0161iem SOLAR GOLD, 100 ml"},"content":{"rendered":"<p>FLAVIO NERI Smar\u017e\u016bdens v\u012brie&scaron;iem SOLAR GOLD.<\/p>\n<p><strong>Smar\u017eu \u0123imene:<\/strong> koksnes dzintars.<br \/>\n<strong>S\u0101kuma nots:<\/strong> greipfr\u016bts, anan\u0101ss, mandar\u012bns, s\u0101ls.<br \/>\n<strong>Pamata nots: <\/strong>lamd\u0101ns, ozola s\u016bnas, \u0101da, tuberoze.<\/p>\n<p><strong>Uzglab\u0101t temperat\u016br\u0101 no +5&deg;C l\u012bdz +25&deg;C. Uzglab\u0101t parfim\u0113rijas izstr\u0101d\u0101jumus kategoriski nepie\u013cauts tie&scaron;u saules un sildo&scaron;u iek\u0101rtu iedarb\u012bb\u0101. Tikai \u0101r\u012bgai lieto&scaron;anai. Izvair\u012bties no iek\u013c\u016b&scaron;anas ac\u012bs. Neizsmidzin\u0101t atv\u0113rtu liesmu tuvum\u0101. Lieto&scaron;anas p\u0101rtikas nol\u016bkos ir b\u012bstama dz\u012bv\u012bbai un vesel\u012bbai.&nbsp;<\/strong><br \/>\n&nbsp;<\/p>\n","protected":false},"excerpt":{"rendered":"<p>FLAVIO NERI Smar\u017e\u016bdens v\u012brie&scaron;iem SOLAR GOLD. Smar\u017eu \u0123imene: koksnes dzintars. S\u0101kuma nots: greipfr\u016bts, anan\u0101ss, mandar\u012bns, s\u0101ls. Pamata nots: lamd\u0101ns, ozola s\u016bnas, \u0101da, tuberoze. Uzglab\u0101t temperat\u016br\u0101 no +5&deg;C l\u012bdz +25&deg;C. Uzglab\u0101t parfim\u0113rijas izstr\u0101d\u0101jumus kategoriski nepie\u013cauts tie&scaron;u saules un sildo&scaron;u iek\u0101rtu iedarb\u012bb\u0101. Tikai \u0101r\u012bgai lieto&scaron;anai. Izvair\u012bties no iek\u013c\u016b&scaron;anas ac\u012bs. Neizsmidzin\u0101t atv\u0113rtu liesmu tuvum\u0101. Lieto&scaron;anas p\u0101rtikas nol\u016bkos ir [&#8230;]\n","protected":false},"featured_media":15489,"template":"","meta":[],"product_cat":[1437],"product_tag":[],"class_list":{"0":"post-38136","1":"product","2":"type-product","3":"status-publish","4":"has-post-thumbnail","6":"product_brand-parfum-by","7":"product_cat-1437","9":"first","10":"outofstock","11":"taxable","12":"shipping-taxable","13":"product-type-simple"},"_links":{"self":[{"href":"https:\/\/e.kosmolat.eu\/lv\/wp-json\/wp\/v2\/product\/38136","targetHints":{"allow":["GET"]}}],"collection":[{"href":"https:\/\/e.kosmolat.eu\/lv\/wp-json\/wp\/v2\/product"}],"about":[{"href":"https:\/\/e.kosmolat.eu\/lv\/wp-json\/wp\/v2\/types\/product"}],"wp:featuredmedia":[{"embeddable":true,"href":"https:\/\/e.kosmolat.eu\/lv\/wp-json\/wp\/v2\/media\/15489"}],"wp:attachment":[{"href":"https:\/\/e.kosmolat.eu\/lv\/wp-json\/wp\/v2\/media?parent=38136"}],"wp:term":[{"taxonomy":"product_cat","embeddable":true,"href":"https:\/\/e.kosmolat.eu\/lv\/wp-json\/wp\/v2\/product_cat?post=38136"},{"taxonomy":"product_tag","embeddable":true,"href":"https:\/\/e.kosmolat.eu\/lv\/wp-json\/wp\/v2\/product_tag?post=38136"}],"curies":[{"name":"wp","href":"https:\/\/api.w.org\/{rel}","templated":true}]}}