{"id":38132,"date":"2023-12-22T21:04:01","date_gmt":"2023-12-22T21:04:01","guid":{"rendered":"https:\/\/e.kosmolat.eu\/product\/smarzudens-viriesiem-neri-nobile-100-ml\/"},"modified":"2025-05-07T17:20:50","modified_gmt":"2025-05-07T17:20:50","slug":"smarzudens-viriesiem-neri-nobile-100-ml","status":"publish","type":"product","link":"https:\/\/e.kosmolat.eu\/lv\/product\/smarzudens-viriesiem-neri-nobile-100-ml\/","title":{"rendered":"Smar\u017e\u016bdens v\u012brie\u0161iem  NERI NOBILE, 100 ml"},"content":{"rendered":"<p>FLAVIO NERI Smar\u017eas v\u012brie\u0161iem NERI NOBILE.<br \/>\nSmar\u017eu \u0123imene: koksnes arom\u0101tisks.<br \/>\nS\u0101kuma nots: sarkanais apels\u012bns, citrons, kadi\u0137is.<br \/>\nPamata nots: ciedrs, vetiv\u0113rija, pa\u010d\u016blija.<\/p>\n<p>\n<strong>Uzglab\u0101t temperat\u016br\u0101 no +5&deg;C l\u012bdz +25&deg;C. Uzglab\u0101t parfim\u0113rijas izstr\u0101d\u0101jumus kategoriski nepie\u013cauts tie\u0161u saules un sildo\u0161u iek\u0101rtu iedarb\u012bb\u0101. Tikai \u0101r\u012bgai lieto\u0161anai. Izvair\u012bties no iek\u013c\u016b\u0161anas ac\u012bs. Neizsmidzin\u0101t atv\u0113rtu liesmu tuvum\u0101. Lieto\u0161anas p\u0101rtikas nol\u016bkos ir b\u012bstama dz\u012bv\u012bbai un vesel\u012bbai.&nbsp;<\/strong><br \/>\n&nbsp;<\/p>\n","protected":false},"excerpt":{"rendered":"<p>FLAVIO NERI Smar\u017eas v\u012brie\u0161iem NERI NOBILE. Smar\u017eu \u0123imene: koksnes arom\u0101tisks. S\u0101kuma nots: sarkanais apels\u012bns, citrons, kadi\u0137is. Pamata nots: ciedrs, vetiv\u0113rija, pa\u010d\u016blija. Uzglab\u0101t temperat\u016br\u0101 no +5&deg;C l\u012bdz +25&deg;C. Uzglab\u0101t parfim\u0113rijas izstr\u0101d\u0101jumus kategoriski nepie\u013cauts tie\u0161u saules un sildo\u0161u iek\u0101rtu iedarb\u012bb\u0101. Tikai \u0101r\u012bgai lieto\u0161anai. Izvair\u012bties no iek\u013c\u016b\u0161anas ac\u012bs. Neizsmidzin\u0101t atv\u0113rtu liesmu tuvum\u0101. Lieto\u0161anas p\u0101rtikas nol\u016bkos ir b\u012bstama dz\u012bv\u012bbai [&#8230;]\n","protected":false},"featured_media":2566,"template":"","meta":[],"product_cat":[1999],"product_tag":[],"class_list":{"0":"post-38132","1":"product","2":"type-product","3":"status-publish","4":"has-post-thumbnail","6":"product_brand-parfum-by","7":"product_cat-bez-kategorijas","9":"first","10":"outofstock","11":"taxable","12":"shipping-taxable","13":"product-type-simple"},"_links":{"self":[{"href":"https:\/\/e.kosmolat.eu\/lv\/wp-json\/wp\/v2\/product\/38132","targetHints":{"allow":["GET"]}}],"collection":[{"href":"https:\/\/e.kosmolat.eu\/lv\/wp-json\/wp\/v2\/product"}],"about":[{"href":"https:\/\/e.kosmolat.eu\/lv\/wp-json\/wp\/v2\/types\/product"}],"wp:featuredmedia":[{"embeddable":true,"href":"https:\/\/e.kosmolat.eu\/lv\/wp-json\/wp\/v2\/media\/2566"}],"wp:attachment":[{"href":"https:\/\/e.kosmolat.eu\/lv\/wp-json\/wp\/v2\/media?parent=38132"}],"wp:term":[{"taxonomy":"product_cat","embeddable":true,"href":"https:\/\/e.kosmolat.eu\/lv\/wp-json\/wp\/v2\/product_cat?post=38132"},{"taxonomy":"product_tag","embeddable":true,"href":"https:\/\/e.kosmolat.eu\/lv\/wp-json\/wp\/v2\/product_tag?post=38132"}],"curies":[{"name":"wp","href":"https:\/\/api.w.org\/{rel}","templated":true}]}}