{"id":38120,"date":"2023-12-22T21:00:54","date_gmt":"2023-12-22T21:00:54","guid":{"rendered":"https:\/\/e.kosmolat.eu\/product\/donegal-birste-sausajai-masazai\/"},"modified":"2025-06-12T07:16:47","modified_gmt":"2025-06-12T07:16:47","slug":"donegal-birste-sausajai-masazai","status":"publish","type":"product","link":"https:\/\/e.kosmolat.eu\/lv\/product\/donegal-birste-sausajai-masazai\/","title":{"rendered":"DONEGAL Birste sausajai mas\u0101\u017eai"},"content":{"rendered":"<p>Birste sausajai \u0137erme\u0146a mas\u0101\u017eai. Sistem\u0101tiski lietojot, t\u0101 stimul\u0113 asinsriti un \u0101das atjauno\u0161anos.<br \/>\n<strong>Lieto\u0161anas veids: <\/strong>mas\u0113jiet \u0137ermeni ar birsti, s\u0101kot no p\u0113d\u0101m un virzoties uz \u0137erme\u0146a aug\u0161da\u013cu. Mas\u0113jiet \u0101du ar ap\u013cveida kust\u012bb\u0101m. Veltiet mas\u0101\u017eai 5-10 min\u016btes.<\/p>\n","protected":false},"excerpt":{"rendered":"<p>Birste sausajai \u0137erme\u0146a mas\u0101\u017eai. Sistem\u0101tiski lietojot, t\u0101 stimul\u0113 asinsriti un \u0101das atjauno\u0161anos. Lieto\u0161anas veids: mas\u0113jiet \u0137ermeni ar birsti, s\u0101kot no p\u0113d\u0101m un virzoties uz \u0137erme\u0146a aug\u0161da\u013cu. Mas\u0113jiet \u0101du ar ap\u013cveida kust\u012bb\u0101m. Veltiet mas\u0101\u017eai 5-10 min\u016btes.<\/p>\n","protected":false},"featured_media":2476,"template":"","meta":[],"product_cat":[1827],"product_tag":[],"class_list":{"0":"post-38120","1":"product","2":"type-product","3":"status-publish","4":"has-post-thumbnail","6":"product_brand-donegal-sp-zo-o-_pl","7":"product_cat-kermena-kopsanas-aksesuari","9":"first","10":"outofstock","11":"taxable","12":"shipping-taxable","13":"product-type-simple"},"_links":{"self":[{"href":"https:\/\/e.kosmolat.eu\/lv\/wp-json\/wp\/v2\/product\/38120","targetHints":{"allow":["GET"]}}],"collection":[{"href":"https:\/\/e.kosmolat.eu\/lv\/wp-json\/wp\/v2\/product"}],"about":[{"href":"https:\/\/e.kosmolat.eu\/lv\/wp-json\/wp\/v2\/types\/product"}],"wp:featuredmedia":[{"embeddable":true,"href":"https:\/\/e.kosmolat.eu\/lv\/wp-json\/wp\/v2\/media\/2476"}],"wp:attachment":[{"href":"https:\/\/e.kosmolat.eu\/lv\/wp-json\/wp\/v2\/media?parent=38120"}],"wp:term":[{"taxonomy":"product_cat","embeddable":true,"href":"https:\/\/e.kosmolat.eu\/lv\/wp-json\/wp\/v2\/product_cat?post=38120"},{"taxonomy":"product_tag","embeddable":true,"href":"https:\/\/e.kosmolat.eu\/lv\/wp-json\/wp\/v2\/product_tag?post=38120"}],"curies":[{"name":"wp","href":"https:\/\/api.w.org\/{rel}","templated":true}]}}