{"id":38116,"date":"2023-12-22T21:00:40","date_gmt":"2023-12-22T21:00:40","guid":{"rendered":"https:\/\/e.kosmolat.eu\/product\/donegal-kutikulas-trimmeris\/"},"modified":"2026-04-09T16:37:39","modified_gmt":"2026-04-09T16:37:39","slug":"kutikulas-trimmeris","status":"publish","type":"product","link":"https:\/\/e.kosmolat.eu\/lv\/product\/kutikulas-trimmeris\/","title":{"rendered":"Kutikulas trimmeris"},"content":{"rendered":"<p>Saudz\u012bgi no\u0146em nev\u0113lam\u0101s kutikulas. Ide\u0101ls l\u012bdzeklis nagu ikdienas kop&scaron;anai.<\/p>\n","protected":false},"excerpt":{"rendered":"<p>Saudz\u012bgi no\u0146em nev\u0113lam\u0101s kutikulas. Ide\u0101ls l\u012bdzeklis nagu ikdienas kop&scaron;anai.<\/p>\n","protected":false},"featured_media":105548,"template":"","meta":[],"product_cat":[1765],"product_tag":[],"class_list":{"0":"post-38116","1":"product","2":"type-product","3":"status-publish","4":"has-post-thumbnail","6":"product_brand-donegal-sp-zo-o-_pl","7":"product_cat-kaju-kopsanas-aksesuari","9":"first","10":"instock","11":"taxable","12":"shipping-taxable","13":"product-type-simple"},"_links":{"self":[{"href":"https:\/\/e.kosmolat.eu\/lv\/wp-json\/wp\/v2\/product\/38116","targetHints":{"allow":["GET"]}}],"collection":[{"href":"https:\/\/e.kosmolat.eu\/lv\/wp-json\/wp\/v2\/product"}],"about":[{"href":"https:\/\/e.kosmolat.eu\/lv\/wp-json\/wp\/v2\/types\/product"}],"wp:featuredmedia":[{"embeddable":true,"href":"https:\/\/e.kosmolat.eu\/lv\/wp-json\/wp\/v2\/media\/105548"}],"wp:attachment":[{"href":"https:\/\/e.kosmolat.eu\/lv\/wp-json\/wp\/v2\/media?parent=38116"}],"wp:term":[{"taxonomy":"product_cat","embeddable":true,"href":"https:\/\/e.kosmolat.eu\/lv\/wp-json\/wp\/v2\/product_cat?post=38116"},{"taxonomy":"product_tag","embeddable":true,"href":"https:\/\/e.kosmolat.eu\/lv\/wp-json\/wp\/v2\/product_tag?post=38116"}],"curies":[{"name":"wp","href":"https:\/\/api.w.org\/{rel}","templated":true}]}}