{"id":38108,"date":"2023-12-22T21:00:04","date_gmt":"2023-12-22T21:00:04","guid":{"rendered":"https:\/\/e.kosmolat.eu\/product\/donegal-instruments-melno-punktu-tirisanai\/"},"modified":"2026-04-09T16:37:21","modified_gmt":"2026-04-09T16:37:21","slug":"instruments-melno-punktu-tirisanai","status":"publish","type":"product","link":"https:\/\/e.kosmolat.eu\/lv\/product\/instruments-melno-punktu-tirisanai\/","title":{"rendered":"Instruments melno punktu t\u012br\u012b\u0161anai"},"content":{"rendered":"<p>Komplekts \u0101das nepiln\u012bbu nov\u0113r\u0161anai. Karotes \u013cauj higi\u0113niski att\u012br\u012bt sejas \u0101du no nepiln\u012bb\u0101m.<\/p>\n","protected":false},"excerpt":{"rendered":"<p>Komplekts \u0101das nepiln\u012bbu nov\u0113r\u0161anai. Karotes \u013cauj higi\u0113niski att\u012br\u012bt sejas \u0101du no nepiln\u012bb\u0101m.<\/p>\n","protected":false},"featured_media":105544,"template":"","meta":[],"product_cat":[1552],"product_tag":[],"class_list":{"0":"post-38108","1":"product","2":"type-product","3":"status-publish","4":"has-post-thumbnail","6":"product_brand-donegal-sp-zo-o-_pl","7":"product_cat-istrumenti-un-sikumi","9":"first","10":"instock","11":"taxable","12":"shipping-taxable","13":"product-type-simple"},"_links":{"self":[{"href":"https:\/\/e.kosmolat.eu\/lv\/wp-json\/wp\/v2\/product\/38108","targetHints":{"allow":["GET"]}}],"collection":[{"href":"https:\/\/e.kosmolat.eu\/lv\/wp-json\/wp\/v2\/product"}],"about":[{"href":"https:\/\/e.kosmolat.eu\/lv\/wp-json\/wp\/v2\/types\/product"}],"wp:featuredmedia":[{"embeddable":true,"href":"https:\/\/e.kosmolat.eu\/lv\/wp-json\/wp\/v2\/media\/105544"}],"wp:attachment":[{"href":"https:\/\/e.kosmolat.eu\/lv\/wp-json\/wp\/v2\/media?parent=38108"}],"wp:term":[{"taxonomy":"product_cat","embeddable":true,"href":"https:\/\/e.kosmolat.eu\/lv\/wp-json\/wp\/v2\/product_cat?post=38108"},{"taxonomy":"product_tag","embeddable":true,"href":"https:\/\/e.kosmolat.eu\/lv\/wp-json\/wp\/v2\/product_tag?post=38108"}],"curies":[{"name":"wp","href":"https:\/\/api.w.org\/{rel}","templated":true}]}}