{"id":38100,"date":"2023-12-22T20:59:32","date_gmt":"2023-12-22T20:59:32","guid":{"rendered":"https:\/\/e.kosmolat.eu\/product\/donegal-papezu-rive\/"},"modified":"2026-04-09T16:37:01","modified_gmt":"2026-04-09T16:37:01","slug":"papezu-rive","status":"publish","type":"product","link":"https:\/\/e.kosmolat.eu\/lv\/product\/papezu-rive\/","title":{"rendered":"Pap\u0113\u017eu r\u012bve"},"content":{"rendered":"<p>Koka pap\u0113\u017eu r\u012bve nes\u0101p\u012bgi no\u0146em atmiru\u0161\u0101s \u0161\u016bnas un izl\u012bdzina pap\u0113\u017eu \u0101du. Paredz\u0113ta ikdienas \u0101das kop\u0161anai.<\/p>\n","protected":false},"excerpt":{"rendered":"<p>Koka pap\u0113\u017eu r\u012bve nes\u0101p\u012bgi no\u0146em atmiru\u0161\u0101s \u0161\u016bnas un izl\u012bdzina pap\u0113\u017eu \u0101du. Paredz\u0113ta ikdienas \u0101das kop\u0161anai.<\/p>\n","protected":false},"featured_media":105540,"template":"","meta":[],"product_cat":[1765],"product_tag":[],"class_list":{"0":"post-38100","1":"product","2":"type-product","3":"status-publish","4":"has-post-thumbnail","6":"product_brand-donegal-sp-zo-o-_pl","7":"product_cat-kaju-kopsanas-aksesuari","9":"first","10":"instock","11":"taxable","12":"shipping-taxable","13":"product-type-simple"},"_links":{"self":[{"href":"https:\/\/e.kosmolat.eu\/lv\/wp-json\/wp\/v2\/product\/38100","targetHints":{"allow":["GET"]}}],"collection":[{"href":"https:\/\/e.kosmolat.eu\/lv\/wp-json\/wp\/v2\/product"}],"about":[{"href":"https:\/\/e.kosmolat.eu\/lv\/wp-json\/wp\/v2\/types\/product"}],"wp:featuredmedia":[{"embeddable":true,"href":"https:\/\/e.kosmolat.eu\/lv\/wp-json\/wp\/v2\/media\/105540"}],"wp:attachment":[{"href":"https:\/\/e.kosmolat.eu\/lv\/wp-json\/wp\/v2\/media?parent=38100"}],"wp:term":[{"taxonomy":"product_cat","embeddable":true,"href":"https:\/\/e.kosmolat.eu\/lv\/wp-json\/wp\/v2\/product_cat?post=38100"},{"taxonomy":"product_tag","embeddable":true,"href":"https:\/\/e.kosmolat.eu\/lv\/wp-json\/wp\/v2\/product_tag?post=38100"}],"curies":[{"name":"wp","href":"https:\/\/api.w.org\/{rel}","templated":true}]}}