{"id":38096,"date":"2023-12-22T20:59:15","date_gmt":"2023-12-22T20:59:15","guid":{"rendered":"https:\/\/e.kosmolat.eu\/product\/donegal-maksligas-skropstas-2\/"},"modified":"2026-04-09T16:36:43","modified_gmt":"2026-04-09T16:36:43","slug":"maksligas-skropstas-2","status":"publish","type":"product","link":"https:\/\/e.kosmolat.eu\/lv\/product\/maksligas-skropstas-2\/","title":{"rendered":"M\u0101ksl\u012bg\u0101s skropstas"},"content":{"rendered":"<p><strong>Lieto\u0161anas veids:<\/strong> Piel\u0101gojiet skropstu sloksnes garumu, lai tas atbilstu acs garumam un nogrieziet to no vienas puses. Uzkl\u0101jiet l\u012bmi uz sloksnes un ar pinceti novietojiet to p\u0113c iesp\u0113jas tuv\u0101k dabiskajai skropstu l\u012bnijai. Viegli piespiediet.<\/p>\n","protected":false},"excerpt":{"rendered":"<p>Lieto\u0161anas veids: Piel\u0101gojiet skropstu sloksnes garumu, lai tas atbilstu acs garumam un nogrieziet to no vienas puses. Uzkl\u0101jiet l\u012bmi uz sloksnes un ar pinceti novietojiet to p\u0113c iesp\u0113jas tuv\u0101k dabiskajai skropstu l\u012bnijai. Viegli piespiediet.<\/p>\n","protected":false},"featured_media":105536,"template":"","meta":[],"product_cat":[1511],"product_tag":[],"class_list":{"0":"post-38096","1":"product","2":"type-product","3":"status-publish","4":"has-post-thumbnail","6":"product_brand-donegal-sp-zo-o-_pl","7":"product_cat-dirbtines-blakstienos","9":"first","10":"instock","11":"taxable","12":"shipping-taxable","13":"product-type-simple"},"_links":{"self":[{"href":"https:\/\/e.kosmolat.eu\/lv\/wp-json\/wp\/v2\/product\/38096","targetHints":{"allow":["GET"]}}],"collection":[{"href":"https:\/\/e.kosmolat.eu\/lv\/wp-json\/wp\/v2\/product"}],"about":[{"href":"https:\/\/e.kosmolat.eu\/lv\/wp-json\/wp\/v2\/types\/product"}],"wp:featuredmedia":[{"embeddable":true,"href":"https:\/\/e.kosmolat.eu\/lv\/wp-json\/wp\/v2\/media\/105536"}],"wp:attachment":[{"href":"https:\/\/e.kosmolat.eu\/lv\/wp-json\/wp\/v2\/media?parent=38096"}],"wp:term":[{"taxonomy":"product_cat","embeddable":true,"href":"https:\/\/e.kosmolat.eu\/lv\/wp-json\/wp\/v2\/product_cat?post=38096"},{"taxonomy":"product_tag","embeddable":true,"href":"https:\/\/e.kosmolat.eu\/lv\/wp-json\/wp\/v2\/product_tag?post=38096"}],"curies":[{"name":"wp","href":"https:\/\/api.w.org\/{rel}","templated":true}]}}