{"id":38084,"date":"2023-12-22T20:58:29","date_gmt":"2023-12-22T20:58:29","guid":{"rendered":"https:\/\/e.kosmolat.eu\/product\/donegal-matu-griesanas-skeres-14-cm\/"},"modified":"2025-07-03T08:13:11","modified_gmt":"2025-07-03T08:13:11","slug":"donegal-matu-griesanas-skeres-14-cm","status":"publish","type":"product","link":"https:\/\/e.kosmolat.eu\/lv\/product\/donegal-matu-griesanas-skeres-14-cm\/","title":{"rendered":"DONEGAL Matu grie\u0161anas \u0161\u0137\u0113res, 14 cm"},"content":{"rendered":"<p><strong>Uzman\u012bbu:<\/strong> tur\u0113t b\u0113rniem nepieejam\u0101 viet\u0101!<\/p>\n","protected":false},"excerpt":{"rendered":"<p>Uzman\u012bbu: tur\u0113t b\u0113rniem nepieejam\u0101 viet\u0101!<\/p>\n","protected":false},"featured_media":16221,"template":"","meta":[],"product_cat":[1668],"product_tag":[],"class_list":{"0":"post-38084","1":"product","2":"type-product","3":"status-publish","4":"has-post-thumbnail","6":"product_brand-donegal-sp-zo-o-_pl","7":"product_cat-1668","9":"first","10":"outofstock","11":"taxable","12":"shipping-taxable","13":"product-type-simple"},"_links":{"self":[{"href":"https:\/\/e.kosmolat.eu\/lv\/wp-json\/wp\/v2\/product\/38084","targetHints":{"allow":["GET"]}}],"collection":[{"href":"https:\/\/e.kosmolat.eu\/lv\/wp-json\/wp\/v2\/product"}],"about":[{"href":"https:\/\/e.kosmolat.eu\/lv\/wp-json\/wp\/v2\/types\/product"}],"wp:featuredmedia":[{"embeddable":true,"href":"https:\/\/e.kosmolat.eu\/lv\/wp-json\/wp\/v2\/media\/16221"}],"wp:attachment":[{"href":"https:\/\/e.kosmolat.eu\/lv\/wp-json\/wp\/v2\/media?parent=38084"}],"wp:term":[{"taxonomy":"product_cat","embeddable":true,"href":"https:\/\/e.kosmolat.eu\/lv\/wp-json\/wp\/v2\/product_cat?post=38084"},{"taxonomy":"product_tag","embeddable":true,"href":"https:\/\/e.kosmolat.eu\/lv\/wp-json\/wp\/v2\/product_tag?post=38084"}],"curies":[{"name":"wp","href":"https:\/\/api.w.org\/{rel}","templated":true}]}}