{"id":38076,"date":"2023-12-22T20:57:59","date_gmt":"2023-12-22T20:57:59","guid":{"rendered":"https:\/\/e.kosmolat.eu\/product\/donegal-kosmetiskais-suklis-sejai-4-gb\/"},"modified":"2026-04-09T16:35:25","modified_gmt":"2026-04-09T16:35:25","slug":"kosmetiskais-suklis-sejai-4-gb","status":"publish","type":"product","link":"https:\/\/e.kosmolat.eu\/lv\/product\/kosmetiskais-suklis-sejai-4-gb\/","title":{"rendered":"Kosm\u0113tiskais s\u016bklis sejai, 4 gb"},"content":{"rendered":"<p>Da\u017e\u0101du formu kosm\u0113tiskie s\u016bk\u013ci. Ar \u016bdeni aktiviz\u0113jami s\u016bk\u013ci ir ide\u0101li piem\u0113roti kosm\u0113tikas uzkl\u0101\u0161anai bez paman\u0101m\u0101m sv\u012btr\u0101m vai maskas efekta.<\/p>\n","protected":false},"excerpt":{"rendered":"<p>Da\u017e\u0101du formu kosm\u0113tiskie s\u016bk\u013ci. Ar \u016bdeni aktiviz\u0113jami s\u016bk\u013ci ir ide\u0101li piem\u0113roti kosm\u0113tikas uzkl\u0101\u0161anai bez paman\u0101m\u0101m sv\u012btr\u0101m vai maskas efekta.<\/p>\n","protected":false},"featured_media":105520,"template":"","meta":[],"product_cat":[1549],"product_tag":[],"class_list":{"0":"post-38076","1":"product","2":"type-product","3":"status-publish","4":"has-post-thumbnail","6":"product_brand-donegal-sp-zo-o-_pl","7":"product_cat-sponzi-un-aplikatori","9":"first","10":"instock","11":"taxable","12":"shipping-taxable","13":"product-type-simple"},"_links":{"self":[{"href":"https:\/\/e.kosmolat.eu\/lv\/wp-json\/wp\/v2\/product\/38076","targetHints":{"allow":["GET"]}}],"collection":[{"href":"https:\/\/e.kosmolat.eu\/lv\/wp-json\/wp\/v2\/product"}],"about":[{"href":"https:\/\/e.kosmolat.eu\/lv\/wp-json\/wp\/v2\/types\/product"}],"wp:featuredmedia":[{"embeddable":true,"href":"https:\/\/e.kosmolat.eu\/lv\/wp-json\/wp\/v2\/media\/105520"}],"wp:attachment":[{"href":"https:\/\/e.kosmolat.eu\/lv\/wp-json\/wp\/v2\/media?parent=38076"}],"wp:term":[{"taxonomy":"product_cat","embeddable":true,"href":"https:\/\/e.kosmolat.eu\/lv\/wp-json\/wp\/v2\/product_cat?post=38076"},{"taxonomy":"product_tag","embeddable":true,"href":"https:\/\/e.kosmolat.eu\/lv\/wp-json\/wp\/v2\/product_tag?post=38076"}],"curies":[{"name":"wp","href":"https:\/\/api.w.org\/{rel}","templated":true}]}}