{"id":38064,"date":"2023-12-22T20:56:41","date_gmt":"2023-12-22T20:56:41","guid":{"rendered":"https:\/\/e.kosmolat.eu\/product\/modo-alice-pleves-insta-maska-sejai-50-g\/"},"modified":"2025-09-19T23:35:39","modified_gmt":"2025-09-19T23:35:39","slug":"modo-alice-pleves-insta-maska-sejai-50-g","status":"publish","type":"product","link":"https:\/\/e.kosmolat.eu\/lv\/product\/modo-alice-pleves-insta-maska-sejai-50-g\/","title":{"rendered":"MODO ALICE Pl\u0113ves insta-maska sejai, 50 g"},"content":{"rendered":"<p>Insta-maska-pl\u0113ve problem\u0101tiskai \u0101dai. Efekt\u012bvi c\u012bn\u0101s ar melnajiem punktiem, nov\u0113r&scaron; \u0101das nepiln\u012bbas. \u0100da k\u013c\u016bst svaiga un mirdzo&scaron;a.<\/p>\n<p>Salicilsk\u0101be un cinka glikon\u0101ts mazina \u0101das taukain\u012bbu, stiprina \u0101das aizsargbarjeru, sa&scaron;aurina poras.<\/p>\n<p><strong>Akt\u012bv\u0101s sast\u0101vda\u013cas:<\/strong> kombu\u010da, cinka glikon\u0101ts, salicilsk\u0101be.<\/p>\n<p><strong>Lieto&scaron;ana:<\/strong> uzkl\u0101jiet pl\u0101nu maskas k\u0101rtu uz att\u012br\u012btas sejas \u0101das T-zon\u0101. P\u0113c 25-30 min\u016bt\u0113m no\u0146emiet pl\u0113vi no apak&scaron;as uz aug&scaron;u. Maskas paliekas nomazg\u0101jiet ar siltu \u016bdeni.&nbsp;Nesatur spirtu.<\/p>\n<p><strong>Uzman\u012bbu! <\/strong>Proced\u016bras laik\u0101 var rasties \u0101das savilk&scaron;anas saj\u016bta, jo maskai ir poru sa&scaron;aurino&scaron;a iedarb\u012bba.<\/p>\n<p>Uzglab\u0101t temperat\u016br\u0101 no +5 &deg;\u0421 l\u012bdz +25 &deg;\u0421.&nbsp;Nelietot p\u0113c der\u012bguma termi\u0146a beig\u0101m.<\/p>\n","protected":false},"excerpt":{"rendered":"<p>Insta-maska-pl\u0113ve problem\u0101tiskai \u0101dai. Efekt\u012bvi c\u012bn\u0101s ar melnajiem punktiem, nov\u0113r&scaron; \u0101das nepiln\u012bbas. \u0100da k\u013c\u016bst svaiga un mirdzo&scaron;a. Salicilsk\u0101be un cinka glikon\u0101ts mazina \u0101das taukain\u012bbu, stiprina \u0101das aizsargbarjeru, sa&scaron;aurina poras. Akt\u012bv\u0101s sast\u0101vda\u013cas: kombu\u010da, cinka glikon\u0101ts, salicilsk\u0101be. Lieto&scaron;ana: uzkl\u0101jiet pl\u0101nu maskas k\u0101rtu uz att\u012br\u012btas sejas \u0101das T-zon\u0101. P\u0113c 25-30 min\u016bt\u0113m no\u0146emiet pl\u0113vi no apak&scaron;as uz aug&scaron;u. Maskas paliekas [&#8230;]\n","protected":false},"featured_media":87198,"template":"","meta":[],"product_cat":[1369],"product_tag":[],"class_list":{"0":"post-38064","1":"product","2":"type-product","3":"status-publish","4":"has-post-thumbnail","6":"product_brand-modum_by","7":"product_cat-veido-kaukes","9":"first","10":"outofstock","11":"taxable","12":"shipping-taxable","13":"product-type-simple"},"_links":{"self":[{"href":"https:\/\/e.kosmolat.eu\/lv\/wp-json\/wp\/v2\/product\/38064","targetHints":{"allow":["GET"]}}],"collection":[{"href":"https:\/\/e.kosmolat.eu\/lv\/wp-json\/wp\/v2\/product"}],"about":[{"href":"https:\/\/e.kosmolat.eu\/lv\/wp-json\/wp\/v2\/types\/product"}],"wp:featuredmedia":[{"embeddable":true,"href":"https:\/\/e.kosmolat.eu\/lv\/wp-json\/wp\/v2\/media\/87198"}],"wp:attachment":[{"href":"https:\/\/e.kosmolat.eu\/lv\/wp-json\/wp\/v2\/media?parent=38064"}],"wp:term":[{"taxonomy":"product_cat","embeddable":true,"href":"https:\/\/e.kosmolat.eu\/lv\/wp-json\/wp\/v2\/product_cat?post=38064"},{"taxonomy":"product_tag","embeddable":true,"href":"https:\/\/e.kosmolat.eu\/lv\/wp-json\/wp\/v2\/product_tag?post=38064"}],"curies":[{"name":"wp","href":"https:\/\/api.w.org\/{rel}","templated":true}]}}