{"id":38060,"date":"2023-12-22T20:56:24","date_gmt":"2023-12-22T20:56:24","guid":{"rendered":"https:\/\/e.kosmolat.eu\/product\/modo-alice-sos-gels-problematiskai-adai-25-g\/"},"modified":"2025-09-19T23:35:24","modified_gmt":"2025-09-19T23:35:24","slug":"modo-alice-sos-gels-problematiskai-adai-25-g","status":"publish","type":"product","link":"https:\/\/e.kosmolat.eu\/lv\/product\/modo-alice-sos-gels-problematiskai-adai-25-g\/","title":{"rendered":"MODO ALICE SOS-g\u0113ls problem\u0101tiskai \u0101dai, 25 g"},"content":{"rendered":"<p>\u017deleja viet\u0113jai lieto&scaron;anai ir efekt\u012bvs un \u0113rts l\u012bdzeklis. Salicilsk\u0101be un cinka glikon\u0101ts mazina taukain\u012bbu, uzlabo \u0101das aizsardz\u012bbu. Alanto\u012bns un pantenols m\u012bkstina un nomierina \u0101du, mazinot diskomforta saj\u016btu un aps\u0101rtumu.<\/p>\n<p><strong>Akt\u012bv\u0101s sast\u0101vda\u013cas:<\/strong> kombu\u010da, cinka glikon\u0101ts, salicilsk\u0101be, pantenols, alanto\u012bns.<\/p>\n<p><strong>Lieto&scaron;ana:<\/strong> uzkl\u0101jiet nelielu produkta daudzumu uz problem\u0101tiskaj\u0101m viet\u0101m. \u013baujiet piln\u012bb\u0101 uzs\u016bkties. Lietojiet p\u0113c vajadz\u012bbas p\u0113c sejas t\u012br\u012b&scaron;anas.<\/p>\n<p>Uzglab\u0101t temperat\u016br\u0101 no +5 &deg;\u0421 l\u012bdz +25 &deg;\u0421.&nbsp;Nelietot p\u0113c der\u012bguma termi\u0146a beig\u0101m.<\/p>\n","protected":false},"excerpt":{"rendered":"<p>\u017deleja viet\u0113jai lieto&scaron;anai ir efekt\u012bvs un \u0113rts l\u012bdzeklis. Salicilsk\u0101be un cinka glikon\u0101ts mazina taukain\u012bbu, uzlabo \u0101das aizsardz\u012bbu. Alanto\u012bns un pantenols m\u012bkstina un nomierina \u0101du, mazinot diskomforta saj\u016btu un aps\u0101rtumu. Akt\u012bv\u0101s sast\u0101vda\u013cas: kombu\u010da, cinka glikon\u0101ts, salicilsk\u0101be, pantenols, alanto\u012bns. Lieto&scaron;ana: uzkl\u0101jiet nelielu produkta daudzumu uz problem\u0101tiskaj\u0101m viet\u0101m. \u013baujiet piln\u012bb\u0101 uzs\u016bkties. Lietojiet p\u0113c vajadz\u012bbas p\u0113c sejas t\u012br\u012b&scaron;anas. Uzglab\u0101t [&#8230;]\n","protected":false},"featured_media":87194,"template":"","meta":[],"product_cat":[1575],"product_tag":[],"class_list":{"0":"post-38060","1":"product","2":"type-product","3":"status-publish","4":"has-post-thumbnail","6":"product_brand-modum_by","7":"product_cat-zelejas","9":"first","10":"outofstock","11":"taxable","12":"shipping-taxable","13":"product-type-simple"},"_links":{"self":[{"href":"https:\/\/e.kosmolat.eu\/lv\/wp-json\/wp\/v2\/product\/38060","targetHints":{"allow":["GET"]}}],"collection":[{"href":"https:\/\/e.kosmolat.eu\/lv\/wp-json\/wp\/v2\/product"}],"about":[{"href":"https:\/\/e.kosmolat.eu\/lv\/wp-json\/wp\/v2\/types\/product"}],"wp:featuredmedia":[{"embeddable":true,"href":"https:\/\/e.kosmolat.eu\/lv\/wp-json\/wp\/v2\/media\/87194"}],"wp:attachment":[{"href":"https:\/\/e.kosmolat.eu\/lv\/wp-json\/wp\/v2\/media?parent=38060"}],"wp:term":[{"taxonomy":"product_cat","embeddable":true,"href":"https:\/\/e.kosmolat.eu\/lv\/wp-json\/wp\/v2\/product_cat?post=38060"},{"taxonomy":"product_tag","embeddable":true,"href":"https:\/\/e.kosmolat.eu\/lv\/wp-json\/wp\/v2\/product_tag?post=38060"}],"curies":[{"name":"wp","href":"https:\/\/api.w.org\/{rel}","templated":true}]}}