{"id":38048,"date":"2023-12-22T20:54:48","date_gmt":"2023-12-22T20:54:48","guid":{"rendered":"https:\/\/e.kosmolat.eu\/product\/dr-dent-mutes-skal-lidzeklis-total-protection-750-ml\/"},"modified":"2025-05-16T12:35:54","modified_gmt":"2025-05-16T12:35:54","slug":"dr-dent-mutes-skal-lidzeklis-total-protection-750-ml","status":"publish","type":"product","link":"https:\/\/e.kosmolat.eu\/lv\/product\/dr-dent-mutes-skal-lidzeklis-total-protection-750-ml\/","title":{"rendered":"Dr.Dent Mutes skal. l\u012bdzeklis Total Protection, 750 ml"},"content":{"rendered":"<p>Total Protection Mutes dobuma skalojamais l\u012bdzeklis<br \/>\nNesatur: spirtu, fluoru, miner\u0101le\u013c\u013cas, trikloz\u0101nu<br \/>\n\u012apa\u0161i svaiga elpa.&nbsp;Efekt\u012bva att\u012br\u012b\u0161ana.&nbsp;Smaganu aizsardz\u012bba.<br \/>\nLieto\u0161ana: Lietojiet mutes skalojamo l\u012bdzekli p\u0113c zobu t\u012br\u012b\u0161anas vai \u0113\u0161anas. Piepildiet pudeles v\u0101ci\u0146u ar skalo\u0161anas l\u012bdzekli. Neat\u0161\u0137aid\u012bt. Izskalojiet muti 1-2 min\u016btes, p\u0113c tam izsp\u013caujiet.<br \/>\nUzman\u012bbu: Nenor\u012bt. Nelietot b\u0113rniem l\u012bdz 6 gadu vecumam, ja vien to nav ieteicis zob\u0101rsts vai pediatrs. Uzglab\u0101t temperat\u016br\u0101 no + 5C l\u012bdz 25 C. Uzglab\u0101\u0161anas laik\u0101 pie\u013caujama kr\u0101sas mai\u0146a, neliela opalescence un vieglas nogulsnes (sakar\u0101 ar akt\u012bvo piedevu kl\u0101tb\u016btni), kas nepasliktina produkta \u012bpa\u0161\u012bbas, ieteicams pirms lieto\u0161anas produktu sakrat\u012bt. Nelietot p\u0113c der\u012bguma termi\u0146a beig\u0101m.<br \/>\n&nbsp;<\/p>\n","protected":false},"excerpt":{"rendered":"<p>Total Protection Mutes dobuma skalojamais l\u012bdzeklis Nesatur: spirtu, fluoru, miner\u0101le\u013c\u013cas, trikloz\u0101nu \u012apa\u0161i svaiga elpa.&nbsp;Efekt\u012bva att\u012br\u012b\u0161ana.&nbsp;Smaganu aizsardz\u012bba. Lieto\u0161ana: Lietojiet mutes skalojamo l\u012bdzekli p\u0113c zobu t\u012br\u012b\u0161anas vai \u0113\u0161anas. Piepildiet pudeles v\u0101ci\u0146u ar skalo\u0161anas l\u012bdzekli. Neat\u0161\u0137aid\u012bt. Izskalojiet muti 1-2 min\u016btes, p\u0113c tam izsp\u013caujiet. Uzman\u012bbu: Nenor\u012bt. Nelietot b\u0113rniem l\u012bdz 6 gadu vecumam, ja vien to nav ieteicis zob\u0101rsts vai [&#8230;]\n","protected":false},"featured_media":16141,"template":"","meta":[],"product_cat":[1311],"product_tag":[],"class_list":{"0":"post-38048","1":"product","2":"type-product","3":"status-publish","4":"has-post-thumbnail","6":"product_brand-modum_by","7":"product_cat-mutes-skalotaji","9":"first","10":"instock","11":"taxable","12":"shipping-taxable","13":"product-type-simple"},"_links":{"self":[{"href":"https:\/\/e.kosmolat.eu\/lv\/wp-json\/wp\/v2\/product\/38048","targetHints":{"allow":["GET"]}}],"collection":[{"href":"https:\/\/e.kosmolat.eu\/lv\/wp-json\/wp\/v2\/product"}],"about":[{"href":"https:\/\/e.kosmolat.eu\/lv\/wp-json\/wp\/v2\/types\/product"}],"wp:featuredmedia":[{"embeddable":true,"href":"https:\/\/e.kosmolat.eu\/lv\/wp-json\/wp\/v2\/media\/16141"}],"wp:attachment":[{"href":"https:\/\/e.kosmolat.eu\/lv\/wp-json\/wp\/v2\/media?parent=38048"}],"wp:term":[{"taxonomy":"product_cat","embeddable":true,"href":"https:\/\/e.kosmolat.eu\/lv\/wp-json\/wp\/v2\/product_cat?post=38048"},{"taxonomy":"product_tag","embeddable":true,"href":"https:\/\/e.kosmolat.eu\/lv\/wp-json\/wp\/v2\/product_tag?post=38048"}],"curies":[{"name":"wp","href":"https:\/\/api.w.org\/{rel}","templated":true}]}}