{"id":38016,"date":"2023-12-22T20:52:15","date_gmt":"2023-12-22T20:52:15","guid":{"rendered":"https:\/\/e.kosmolat.eu\/product\/32-perles-zobu-birste-leo-soft-998-%d0%bc\/"},"modified":"2026-04-09T15:26:07","modified_gmt":"2026-04-09T15:26:07","slug":"32-perles-zobu-birste-leo-soft-998-%d0%bc","status":"publish","type":"product","link":"https:\/\/e.kosmolat.eu\/lv\/product\/32-perles-zobu-birste-leo-soft-998-%d0%bc\/","title":{"rendered":"32 P\u0112RLES Zobu birste LEO, soft, 998 \u041c"},"content":{"rendered":"<p>M\u012bkstie neilona sari\u0146i veicina maigu smaganu mas\u0101\u017eu, labi no\u0146em aplikumu un att\u012bra starpzobu spraugas. Salk\u0101s saru mali\u0146as nodro\u0161ina maigo smaganu un zobu emaljas saudz\u012bgu kop\u0161anu. \u0112rts rokturis paredz\u0113ts b\u0113rnu dro\u0161\u012bbai un vec\u0101ku \u0113rt\u012bbai.<\/p>\n<p>Piem\u0113rots b\u0113rniem no viena gada vecuma.<\/p>\n<p>Pirms lieto\u0161anas noskalojiet jaunu zobu birsti silt\u0101 \u016bden\u012b. P\u0113c lieto\u0161anas izskalojiet sari\u0146us ar \u016bdeni. Uzglab\u0101jiet birsti vertik\u0101l\u0101 st\u0101vokl\u012b ar galvi\u0146u uz aug\u0161u.<\/p>\n<p>Der\u012bguma termi\u0146\u0161: neierobe\u017eots.<br \/>\n&nbsp;<\/p>\n","protected":false},"excerpt":{"rendered":"<p>M\u012bkstie neilona sari\u0146i veicina maigu smaganu mas\u0101\u017eu, labi no\u0146em aplikumu un att\u012bra starpzobu spraugas. Salk\u0101s saru mali\u0146as nodro\u0161ina maigo smaganu un zobu emaljas saudz\u012bgu kop\u0161anu. \u0112rts rokturis paredz\u0113ts b\u0113rnu dro\u0161\u012bbai un vec\u0101ku \u0113rt\u012bbai. Piem\u0113rots b\u0113rniem no viena gada vecuma. Pirms lieto\u0161anas noskalojiet jaunu zobu birsti silt\u0101 \u016bden\u012b. P\u0113c lieto\u0161anas izskalojiet sari\u0146us ar \u016bdeni. Uzglab\u0101jiet birsti [&#8230;]\n","protected":false},"featured_media":87222,"template":"","meta":[],"product_cat":[1999],"product_tag":[],"class_list":{"0":"post-38016","1":"product","2":"type-product","3":"status-publish","4":"has-post-thumbnail","6":"product_brand-modum_by","7":"product_cat-bez-kategorijas","9":"first","10":"instock","11":"taxable","12":"shipping-taxable","13":"product-type-simple"},"_links":{"self":[{"href":"https:\/\/e.kosmolat.eu\/lv\/wp-json\/wp\/v2\/product\/38016","targetHints":{"allow":["GET"]}}],"collection":[{"href":"https:\/\/e.kosmolat.eu\/lv\/wp-json\/wp\/v2\/product"}],"about":[{"href":"https:\/\/e.kosmolat.eu\/lv\/wp-json\/wp\/v2\/types\/product"}],"wp:featuredmedia":[{"embeddable":true,"href":"https:\/\/e.kosmolat.eu\/lv\/wp-json\/wp\/v2\/media\/87222"}],"wp:attachment":[{"href":"https:\/\/e.kosmolat.eu\/lv\/wp-json\/wp\/v2\/media?parent=38016"}],"wp:term":[{"taxonomy":"product_cat","embeddable":true,"href":"https:\/\/e.kosmolat.eu\/lv\/wp-json\/wp\/v2\/product_cat?post=38016"},{"taxonomy":"product_tag","embeddable":true,"href":"https:\/\/e.kosmolat.eu\/lv\/wp-json\/wp\/v2\/product_tag?post=38016"}],"curies":[{"name":"wp","href":"https:\/\/api.w.org\/{rel}","templated":true}]}}