{"id":38012,"date":"2023-12-22T20:51:42","date_gmt":"2023-12-22T20:51:42","guid":{"rendered":"https:\/\/e.kosmolat.eu\/product\/ht-maska-3d-apjomam-1-l\/"},"modified":"2025-09-19T23:29:59","modified_gmt":"2025-09-19T23:29:59","slug":"i_ht-maska-3d-apjomam-1-l","status":"publish","type":"product","link":"https:\/\/e.kosmolat.eu\/lv\/product\/i_ht-maska-3d-apjomam-1-l\/","title":{"rendered":"I_HT Maska 3D apjomam, 1 l"},"content":{"rendered":"<p>Maska 3D apjomam<\/p>\n<p>Maska 3D apjomam kombin\u0113tam matu tipam ir paredz\u0113ta matu kop\u0161anai, kuriem ir tendence zaud\u0113t apjomu. Tas ir ikdienas atjaunin\u0101jums j\u016bsu matu maigumam, gludam sp\u012bdumam un elast\u012bbai, pateicoties: linu e\u013c\u013ca &#8211; lieliski iedarbojas boj\u0101tu matu \u0101rst\u0113\u0161an\u0101, stiprin\u0101\u0161an\u0101 un atjauno\u0161an\u0101, atjauno to sp\u0113ku un dabisko sp\u012bdumu, fitokeram\u012bdi &#8211; atjauno boj\u0101t\u0101s matu vietas, veido aizsargapvalku un atjauno kerat\u012bna l\u012bmeni matu strukt\u016br\u0101. Saldo mande\u013cu ekstrakts &ndash; iedarbojas uz dzi\u013cajiem galvas \u0101das epidermas sl\u0101\u0146iem un regul\u0113 tauku dziedzeru darb\u012bbu. T\u0101 rezult\u0101t\u0101 samazin\u0101s matu mazg\u0101\u0161anas bie\u017eums. Alanto\u012bnam piem\u012bt sebumu regul\u0113jo\u0161as \u012bpa\u0161\u012bbas, kuru d\u0113\u013c tas nov\u0113r\u0161 p\u0101rm\u0113r\u012bgu tauku saturu sak\u0146u zon\u0101 un saglab\u0101 apjomu.<\/p>\n<p>Lieto\u0161ana: Uzkl\u0101jiet nepiecie\u0161amo maskas daudzumu mitros, iepriek\u0161 izmazg\u0101tos matos, \u012bpa\u0161u uzman\u012bbu piev\u0113r\u0161ot matu galiem. Atst\u0101j uz 10-15 min\u016bt\u0113m. R\u016bp\u012bgi noskalojiet ar siltu \u016bdeni. Optim\u0101lam efektam lietot 2-3 reizes ned\u0113\u013c\u0101.<\/p>\n<p>Uzman\u012bbu: pirms lieto\u0161anas maska ir j\u0101p\u0101rbauda uz neliela \u0101das laukuma. Ja rodas aler\u0123iska reakcija, p\u0101rtrauciet lieto\u0161anu. Tikai \u0101r\u012bgai lieto\u0161anai. Ja nok\u013c\u016bst ac\u012bs, skalot ar lielu daudzumu teko\u0161a \u016bdens. Kontrindik\u0101cijas: individu\u0101la maskas sast\u0101vda\u013cu nepanesam\u012bba.<\/p>\n<p>Uzglab\u0101t temperat\u016br\u0101 no 5C l\u012bdz 25C un relat\u012bvaj\u0101 mitrum\u0101 55-70%, sarg\u0101jot no tie\u0161iem saules stariem. Produktu nav at\u013cauts uzglab\u0101t maz\u0101k nek\u0101 1 m att\u0101lum\u0101 no str\u0101d\u0101jo\u0161\u0101m apkures ier\u012bc\u0113m. Der\u012bguma termi\u0146\u0161 24 m\u0113ne\u0161i no izgatavo\u0161anas datuma. P\u0113c atv\u0113r\u0161anas izlietot 12 m\u0113ne\u0161u laik\u0101. Ra\u017eo\u0161anas datums ir nor\u0101d\u012bts uz iepakojuma. Partijas numurs atbilst ra\u017eo\u0161anas datumam.<br \/>\n&nbsp;<\/p>\n","protected":false},"excerpt":{"rendered":"<p>Maska 3D apjomam Maska 3D apjomam kombin\u0113tam matu tipam ir paredz\u0113ta matu kop\u0161anai, kuriem ir tendence zaud\u0113t apjomu. Tas ir ikdienas atjaunin\u0101jums j\u016bsu matu maigumam, gludam sp\u012bdumam un elast\u012bbai, pateicoties: linu e\u013c\u013ca &#8211; lieliski iedarbojas boj\u0101tu matu \u0101rst\u0113\u0161an\u0101, stiprin\u0101\u0161an\u0101 un atjauno\u0161an\u0101, atjauno to sp\u0113ku un dabisko sp\u012bdumu, fitokeram\u012bdi &#8211; atjauno boj\u0101t\u0101s matu vietas, veido aizsargapvalku [&#8230;]\n","protected":false},"featured_media":87110,"template":"","meta":[],"product_cat":[1254],"product_tag":[],"class_list":{"0":"post-38012","1":"product","2":"type-product","3":"status-publish","4":"has-post-thumbnail","6":"product_brand-naturpro_ua","7":"product_cat-maskas-matiem","9":"first","10":"outofstock","11":"taxable","12":"shipping-taxable","13":"product-type-simple"},"_links":{"self":[{"href":"https:\/\/e.kosmolat.eu\/lv\/wp-json\/wp\/v2\/product\/38012","targetHints":{"allow":["GET"]}}],"collection":[{"href":"https:\/\/e.kosmolat.eu\/lv\/wp-json\/wp\/v2\/product"}],"about":[{"href":"https:\/\/e.kosmolat.eu\/lv\/wp-json\/wp\/v2\/types\/product"}],"wp:featuredmedia":[{"embeddable":true,"href":"https:\/\/e.kosmolat.eu\/lv\/wp-json\/wp\/v2\/media\/87110"}],"wp:attachment":[{"href":"https:\/\/e.kosmolat.eu\/lv\/wp-json\/wp\/v2\/media?parent=38012"}],"wp:term":[{"taxonomy":"product_cat","embeddable":true,"href":"https:\/\/e.kosmolat.eu\/lv\/wp-json\/wp\/v2\/product_cat?post=38012"},{"taxonomy":"product_tag","embeddable":true,"href":"https:\/\/e.kosmolat.eu\/lv\/wp-json\/wp\/v2\/product_tag?post=38012"}],"curies":[{"name":"wp","href":"https:\/\/api.w.org\/{rel}","templated":true}]}}