{"id":38004,"date":"2023-12-22T20:50:31","date_gmt":"2023-12-22T20:50:31","guid":{"rendered":"https:\/\/e.kosmolat.eu\/product\/ht-glaze-effect-maska-krasotiem-matiem-1000-ml\/"},"modified":"2026-03-26T13:39:57","modified_gmt":"2026-03-26T13:39:57","slug":"ht-glaze-effect-maska-krasotiem-matiem-1000-ml","status":"publish","type":"product","link":"https:\/\/e.kosmolat.eu\/lv\/product\/ht-glaze-effect-maska-krasotiem-matiem-1000-ml\/","title":{"rendered":"HT Glaze Effect maska krasotiem matiem, 1000 ml"},"content":{"rendered":"<p>Glaze Effect maska kr\u0101sotiem matiem<\/p>\n<p>B5 un E vitam\u012bnu komplekss, r\u012bsu prote\u012bna hidroliz\u0101ts, hibiska ekstrakts, saulespu\u0137u fitokeram\u012bdi, argana e\u013c\u013ca. Recept\u016bra tika izstr\u0101d\u0101ta, piedaloties matu kop\u0161anas speci\u0101listiem.<\/p>\n<p>Profesion\u0101l\u0101 matu kop\u0161ana TM Hair Trend ir efekt\u012bva sast\u0101vda\u013cu kombin\u0101cija, kas izv\u0113l\u0113ta matu kop\u0161anas profesion\u0101\u013ciem.<\/p>\n<p>Glaz\u016bras efekta maska kr\u0101sotiem matiem tika rad\u012bta tie\u0161i porainu, nepaklaus\u012bgu matu kop\u0161anai. Maska pal\u012bdz atjaunot j\u016bsu matu maigumu un elast\u012bbu, pateicoties saturam: argana e\u013c\u013ca, ko akt\u012bvi izmanto boj\u0101tu un sausu matu atjauno\u0161anai, stiprina \u0161\u0137eltus matus un pa\u0101trina aug\u0161anu. Prote\u012bni, kas veicina matu strukt\u016bras atjauno\u0161anos vis\u0101 garum\u0101. Vitam\u012bnu komplekss, kas uzlabo kolag\u0113na sint\u0113zi matu audos, pie\u0161\u0137irot tiem papildu sp\u0113ku un elast\u012bbu, uzlabo to iztur\u012bbu pret \u0137\u012bmisko komponentu agres\u012bvo iedarb\u012bbu. Fitokeram\u012bdi, kas nov\u0113r\u0161 bl\u0101vus matus un \u0161\u0137eltus matus.<\/p>\n<p>Lieto\u0161ana: Uzkl\u0101jiet nepiecie\u0161amo maskas daudzumu mitros, iepriek\u0161 izmazg\u0101tos matos, \u012bpa\u0161u uzman\u012bbu piev\u0113r\u0161ot matu galiem. Atst\u0101j uz 10-15 min\u016bt\u0113m. R\u016bp\u012bgi noskalojiet ar siltu \u016bdeni. Optim\u0101lam efektam lietot 2-3 reizes ned\u0113\u013c\u0101.<\/p>\n<p>Uzman\u012bbu: pirms lieto\u0161anas maska ir j\u0101p\u0101rbauda uz neliela \u0101das laukuma. Ja rodas aler\u0123iska reakcija, p\u0101rtrauciet lieto\u0161anu. Tikai \u0101r\u012bgai lieto\u0161anai. Ja nok\u013c\u016bst ac\u012bs, skalot ar lielu daudzumu teko\u0161a \u016bdens. Kontrindik\u0101cijas: individu\u0101la maskas sast\u0101vda\u013cu nepanesam\u012bba.<\/p>\n<p>Uzglab\u0101t temperat\u016br\u0101 no 5C l\u012bdz 25C un relat\u012bvaj\u0101 mitrum\u0101 55-70%, sarg\u0101jot no tie\u0161iem saules stariem. Produktu nav at\u013cauts uzglab\u0101t maz\u0101k nek\u0101 1 m att\u0101lum\u0101 no str\u0101d\u0101jo\u0161\u0101m apkures ier\u012bc\u0113m. Der\u012bguma termi\u0146\u0161 36 m\u0113ne\u0161i no izgatavo\u0161anas datuma. P\u0113c atv\u0113r\u0161anas izlietot 12 m\u0113ne\u0161u laik\u0101. Ra\u017eo\u0161anas datums ir nor\u0101d\u012bts uz iepakojuma. Partijas numurs atbilst ra\u017eo\u0161anas datumam.<br \/>\n&nbsp;<\/p>\n","protected":false},"excerpt":{"rendered":"<p>Glaze Effect maska kr\u0101sotiem matiem B5 un E vitam\u012bnu komplekss, r\u012bsu prote\u012bna hidroliz\u0101ts, hibiska ekstrakts, saulespu\u0137u fitokeram\u012bdi, argana e\u013c\u013ca. Recept\u016bra tika izstr\u0101d\u0101ta, piedaloties matu kop\u0161anas speci\u0101listiem. Profesion\u0101l\u0101 matu kop\u0161ana TM Hair Trend ir efekt\u012bva sast\u0101vda\u013cu kombin\u0101cija, kas izv\u0113l\u0113ta matu kop\u0161anas profesion\u0101\u013ciem. Glaz\u016bras efekta maska kr\u0101sotiem matiem tika rad\u012bta tie\u0161i porainu, nepaklaus\u012bgu matu kop\u0161anai. Maska pal\u012bdz [&#8230;]\n","protected":false},"featured_media":87102,"template":"","meta":[],"product_cat":[1257],"product_tag":[],"class_list":{"0":"post-38004","1":"product","2":"type-product","3":"status-publish","4":"has-post-thumbnail","6":"product_brand-naturpro_ua","7":"product_cat-1257","9":"first","10":"instock","11":"taxable","12":"shipping-taxable","13":"product-type-simple"},"_links":{"self":[{"href":"https:\/\/e.kosmolat.eu\/lv\/wp-json\/wp\/v2\/product\/38004","targetHints":{"allow":["GET"]}}],"collection":[{"href":"https:\/\/e.kosmolat.eu\/lv\/wp-json\/wp\/v2\/product"}],"about":[{"href":"https:\/\/e.kosmolat.eu\/lv\/wp-json\/wp\/v2\/types\/product"}],"wp:featuredmedia":[{"embeddable":true,"href":"https:\/\/e.kosmolat.eu\/lv\/wp-json\/wp\/v2\/media\/87102"}],"wp:attachment":[{"href":"https:\/\/e.kosmolat.eu\/lv\/wp-json\/wp\/v2\/media?parent=38004"}],"wp:term":[{"taxonomy":"product_cat","embeddable":true,"href":"https:\/\/e.kosmolat.eu\/lv\/wp-json\/wp\/v2\/product_cat?post=38004"},{"taxonomy":"product_tag","embeddable":true,"href":"https:\/\/e.kosmolat.eu\/lv\/wp-json\/wp\/v2\/product_tag?post=38004"}],"curies":[{"name":"wp","href":"https:\/\/api.w.org\/{rel}","templated":true}]}}