{"id":38000,"date":"2023-12-22T20:50:00","date_gmt":"2023-12-22T20:50:00","guid":{"rendered":"https:\/\/e.kosmolat.eu\/product\/i_ht-nenoskalojams-zida-matu-serums-30-ml\/"},"modified":"2025-09-19T23:33:45","modified_gmt":"2025-09-19T23:33:45","slug":"i_ht-nenoskalojams-zida-matu-serums-30-ml","status":"publish","type":"product","link":"https:\/\/e.kosmolat.eu\/lv\/product\/i_ht-nenoskalojams-zida-matu-serums-30-ml\/","title":{"rendered":"I_HT Nenoskalojams zida matu serums, 30 ml"},"content":{"rendered":"<p>Nenoskalojams z\u012bda matu serums, 30 ml<\/p>\n<p>Matu strukt\u016bras un sp\u012bduma atg\u016b\u0161ana vis\u0101 garum\u0101&nbsp;<br \/>\nNodro\u0161ina dzi\u013cu baro\u0161anu, atjauno boj\u0101tu matu strukt\u016bru un padara tos m\u012bkstus un z\u012bdainus. &Scaron;veices formula tika izstr\u0101d\u0101ta, konsult\u0113joties ar farmaceitu un balst\u012bta uz liel\u0101ko da\u013cu ekohibr\u012bdu, kas ir sast\u0101vda\u013ca, kas rad\u012bta, pamatojoties uz dab\u012bgiem un atjaunojamiem avotiem.<br \/>\nLieto\u0161ana: Sakratiet, uzkl\u0101jiet da\u017eus pilienus seruma uz mitriem matiem vis\u0101 garum\u0101, iz\u0146emot matu saknes. Nemazg\u0101t. Lietojiet divas reizes ned\u0113\u013c\u0101. Serumu ir iesp\u0113jams pievienot balzamam vai maskai.<br \/>\nBr\u012bdin\u0101jumi: pirms lieto\u0161anas p\u0101rbaudiet serumu uz neliela \u0101das laukuma. P\u0101rtrauciet lietot serumu jebk\u0101das aler\u0123iskas reakcijas gad\u012bjum\u0101. Izmantojiet k\u0101 paredz\u0113ts. Tikai \u0101r\u012bgai lieto\u0161anai. Ja nok\u013c\u016bst ac\u012bs, izskalot ar lielu daudzumu \u016bdeni.<br \/>\nKontrindik\u0101cijas: individu\u0101la jut\u012bba pret seruma sast\u0101vda\u013c\u0101m.<br \/>\nUzglab\u0101t temperat\u016br\u0101 no + 5 l\u012bdz + 25 un 55 l\u012bdz 70% relat\u012bv\u0101 mitruma, sarg\u0101jot no tie\u0161iem saules stariem vismaz 1 m att\u0101lum\u0101 no paaugstin\u0101tas temperat\u016bras avotiem.<br \/>\nDer\u012bguma termi\u0146\u0161 36 m\u0113ne\u0161i no izgatavo\u0161anas datuma, kas nor\u0101d\u012bts uz iepakojuma. Izlietot 12 m\u0113ne\u0161u laik\u0101 p\u0113c atv\u0113r\u0161anas, \u0146emot v\u0113r\u0101 uz iepakojuma nor\u0101d\u012bto der\u012bguma termi\u0146u. Partijas numurs atbilst ra\u017eo\u0161anas datumam.<br \/>\n&nbsp;<\/p>\n","protected":false},"excerpt":{"rendered":"<p>Nenoskalojams z\u012bda matu serums, 30 ml Matu strukt\u016bras un sp\u012bduma atg\u016b\u0161ana vis\u0101 garum\u0101&nbsp; Nodro\u0161ina dzi\u013cu baro\u0161anu, atjauno boj\u0101tu matu strukt\u016bru un padara tos m\u012bkstus un z\u012bdainus. &Scaron;veices formula tika izstr\u0101d\u0101ta, konsult\u0113joties ar farmaceitu un balst\u012bta uz liel\u0101ko da\u013cu ekohibr\u012bdu, kas ir sast\u0101vda\u013ca, kas rad\u012bta, pamatojoties uz dab\u012bgiem un atjaunojamiem avotiem. Lieto\u0161ana: Sakratiet, uzkl\u0101jiet da\u017eus pilienus [&#8230;]\n","protected":false},"featured_media":87166,"template":"","meta":[],"product_cat":[1343],"product_tag":[],"class_list":{"0":"post-38000","1":"product","2":"type-product","3":"status-publish","4":"has-post-thumbnail","6":"product_brand-naturpro_ua","7":"product_cat-citi-matu-kopsanas-produkti","9":"first","10":"outofstock","11":"taxable","12":"shipping-taxable","13":"product-type-simple"},"_links":{"self":[{"href":"https:\/\/e.kosmolat.eu\/lv\/wp-json\/wp\/v2\/product\/38000","targetHints":{"allow":["GET"]}}],"collection":[{"href":"https:\/\/e.kosmolat.eu\/lv\/wp-json\/wp\/v2\/product"}],"about":[{"href":"https:\/\/e.kosmolat.eu\/lv\/wp-json\/wp\/v2\/types\/product"}],"wp:featuredmedia":[{"embeddable":true,"href":"https:\/\/e.kosmolat.eu\/lv\/wp-json\/wp\/v2\/media\/87166"}],"wp:attachment":[{"href":"https:\/\/e.kosmolat.eu\/lv\/wp-json\/wp\/v2\/media?parent=38000"}],"wp:term":[{"taxonomy":"product_cat","embeddable":true,"href":"https:\/\/e.kosmolat.eu\/lv\/wp-json\/wp\/v2\/product_cat?post=38000"},{"taxonomy":"product_tag","embeddable":true,"href":"https:\/\/e.kosmolat.eu\/lv\/wp-json\/wp\/v2\/product_tag?post=38000"}],"curies":[{"name":"wp","href":"https:\/\/api.w.org\/{rel}","templated":true}]}}