{"id":37996,"date":"2023-12-22T20:49:29","date_gmt":"2023-12-22T20:49:29","guid":{"rendered":"https:\/\/e.kosmolat.eu\/product\/i_ht-color-protection-balzams-kondicionieris-krasotiem-matiem-250-ml\/"},"modified":"2025-09-19T23:33:30","modified_gmt":"2025-09-19T23:33:30","slug":"i_ht-color-protection-balzams-kondicionieris-krasotiem-matiem-250-ml","status":"publish","type":"product","link":"https:\/\/e.kosmolat.eu\/lv\/product\/i_ht-color-protection-balzams-kondicionieris-krasotiem-matiem-250-ml\/","title":{"rendered":"I_HT Color Protection Balzams-kondicionieris krasotiem matiem, 250 ml"},"content":{"rendered":"<p>Color Protection Balzams-kondicionieris kr\u0101sotiem matiem&nbsp;<\/p>\n<p>Balzams-kondicionieris pal\u012bdz atjaunot kr\u0101sotu matu boj\u0101to strukt\u016bru un saglab\u0101t kr\u0101sas intensit\u0101ti. Balzama-kondicioniera sabalans\u0113t\u0101 formula nodro\u0161ina matu mitrin\u0101\u0161anu un baro\u0161anu. Dabisko ekstraktu fitokomplekss kr\u0101sas aizsardz\u012bbai rada aizsargpl\u0113v\u012bti uz matu virsmas, pie\u0161\u0137ir matiem sp\u012bdumu un z\u012bdainumu. &Scaron;veices formula tika izstr\u0101d\u0101ta, piedaloties farmaceitam, pamatojoties uz ecohybrids emulgatoru, komponentu, kas atbilst starptautiskajam standartam ISO 16128-1 un ir balst\u012bts uz dabiskiem un atjaunojamiem avotiem.<\/p>\n<p>Lieto\u0161ana: uzkl\u0101t uz mitriem matiem, \u012bpa\u0161u uzman\u012bbu piev\u0113r\u0161ot matu galiem. Atst\u0101jiet iedarboties 3 min\u016btes, p\u0113c tam noskalojiet ar \u016bdeni.<\/p>\n<p>Br\u012bdin\u0101jumi: Ja nok\u013c\u016bst ac\u012bs, izskalot ar lielu daudzumu \u016bdeni.<br \/>\nKontrindik\u0101cijas: individu\u0101la jut\u012bba pret produkta sast\u0101vda\u013c\u0101m.<br \/>\nUzglab\u0101t temperat\u016br\u0101 no + 5C l\u012bdz + 25C un 55 l\u012bdz 70% relat\u012bv\u0101 mitruma, sarg\u0101jot no tie\u0161iem saules stariem vismaz 1 m att\u0101lum\u0101 no paaugstin\u0101tas temperat\u016bras avotiem.<br \/>\nDer\u012bguma termi\u0146\u0161 36 m\u0113ne\u0161i no izgatavo\u0161anas datuma, kas nor\u0101d\u012bts uz iepakojuma. Izlietot 12 m\u0113ne\u0161u laik\u0101 p\u0113c atv\u0113r\u0161anas, \u0146emot v\u0113r\u0101 uz iepakojuma nor\u0101d\u012bto der\u012bguma termi\u0146u. Partijas numurs atbilst ra\u017eo\u0161anas datumam.<br \/>\n&nbsp;<\/p>\n","protected":false},"excerpt":{"rendered":"<p>Color Protection Balzams-kondicionieris kr\u0101sotiem matiem&nbsp; Balzams-kondicionieris pal\u012bdz atjaunot kr\u0101sotu matu boj\u0101to strukt\u016bru un saglab\u0101t kr\u0101sas intensit\u0101ti. Balzama-kondicioniera sabalans\u0113t\u0101 formula nodro\u0161ina matu mitrin\u0101\u0161anu un baro\u0161anu. Dabisko ekstraktu fitokomplekss kr\u0101sas aizsardz\u012bbai rada aizsargpl\u0113v\u012bti uz matu virsmas, pie\u0161\u0137ir matiem sp\u012bdumu un z\u012bdainumu. &Scaron;veices formula tika izstr\u0101d\u0101ta, piedaloties farmaceitam, pamatojoties uz ecohybrids emulgatoru, komponentu, kas atbilst starptautiskajam standartam ISO [&#8230;]\n","protected":false},"featured_media":87162,"template":"","meta":[],"product_cat":[1638],"product_tag":[],"class_list":{"0":"post-37996","1":"product","2":"type-product","3":"status-publish","4":"has-post-thumbnail","6":"product_brand-naturpro_ua","7":"product_cat-balzami","9":"first","10":"outofstock","11":"taxable","12":"shipping-taxable","13":"product-type-simple"},"_links":{"self":[{"href":"https:\/\/e.kosmolat.eu\/lv\/wp-json\/wp\/v2\/product\/37996","targetHints":{"allow":["GET"]}}],"collection":[{"href":"https:\/\/e.kosmolat.eu\/lv\/wp-json\/wp\/v2\/product"}],"about":[{"href":"https:\/\/e.kosmolat.eu\/lv\/wp-json\/wp\/v2\/types\/product"}],"wp:featuredmedia":[{"embeddable":true,"href":"https:\/\/e.kosmolat.eu\/lv\/wp-json\/wp\/v2\/media\/87162"}],"wp:attachment":[{"href":"https:\/\/e.kosmolat.eu\/lv\/wp-json\/wp\/v2\/media?parent=37996"}],"wp:term":[{"taxonomy":"product_cat","embeddable":true,"href":"https:\/\/e.kosmolat.eu\/lv\/wp-json\/wp\/v2\/product_cat?post=37996"},{"taxonomy":"product_tag","embeddable":true,"href":"https:\/\/e.kosmolat.eu\/lv\/wp-json\/wp\/v2\/product_tag?post=37996"}],"curies":[{"name":"wp","href":"https:\/\/api.w.org\/{rel}","templated":true}]}}